{"id":5587,"date":"2023-07-20T16:40:35","date_gmt":"2023-07-20T16:40:35","guid":{"rendered":"https:\/\/misko-aki.clickwurx.com\/?page_id=5587"},"modified":"2024-11-21T17:10:28","modified_gmt":"2024-11-21T17:10:28","slug":"statement-of-apology","status":"publish","type":"page","link":"https:\/\/miskoaki.com\/fr\/statement-of-apology\/","title":{"rendered":"Statement of Apology"},"content":{"rendered":"<div class=\"wp-block-cwb-layout-block p-0 my-0 text-white px-3 py-4 sticky-buffer-here\" style=\"background:#162325;margin:0px;padding:0px;width:100%\"><div class=\"container\">\n<div class=\"wp-block-cwb-content-wrap w-100 d-flex m-0 bg-cover\" style=\"background:\"><div class=\"w-100\">\n<h1 class=\"wp-block-heading\">Pr\u00e9sentation d\u2019excuses quant aux r\u00e9percussions des trait\u00e9s Williams de 1923<\/h1>\n\n\n\n<p>Le 17 novembre 2018 \u00e0 Rama, en Ontario, l\u2019honorable Carolyn Bennett, ministre des Relations Couronne-Autochtones, a pr\u00e9sent\u00e9 des excuses au nom du gouvernement du Canada relativement aux r\u00e9percussions des trait\u00e9s Williams de 1923 sur les Premi\u00e8res Nations des trait\u00e9s Williams.<\/p>\n<\/div><\/div>\n<\/div><\/div>\n\n\n\n<div class=\"wp-block-cwb-layout-block p-0 my-0 px-3 py-5 mb-4\" style=\"background:;margin:0px;padding:0px;width:100%\"><div class=\"container\">\n<div class=\"wp-block-cwb-content-wrap w-100 d-flex m-0 bg-cover\" style=\"background:\"><div class=\"w-100\">\n<h2 class=\"wp-block-heading h1\">Notes d\u2019allocution pour l\u2019honorable Carolyn Bennett<\/h2>\n\n\n\n<p>Chefs et pr\u00e9c\u00e9dents dirigeants, A\u00een\u00e9s et membres des Premi\u00e8res Nations d\u2019Alderville, Chippewa de Beausoleil, Chippewa de Georgina Island, Chippewa de Rama, de Curve Lake, de Hiawatha et des Mississaugas de Scugog Island, j\u2019ai l\u2019honneur d\u2019\u00eatre ici aujourd\u2019hui au nom du gouvernement du Canada, du premier ministre et de tous les Canadiens afin de nous excuser pour les r\u00e9percussions n\u00e9gatives qu\u2019ont eues les trait\u00e9s Williams de 1923 sur vos communaut\u00e9s. Avant de commencer, je souhaiterais prendre un instant pour reconna\u00eetre vos anc\u00eatres, qui \u00e9taient conscients que vos droits n\u2019\u00e9taient pas respect\u00e9s et qui ont cherch\u00e9 \u00e0 ce que justice soit rendue \u00e0 vos communaut\u00e9s et aux g\u00e9n\u00e9rations futures.<\/p>\n\n\n\n<p>\u00c0 tous les membres pass\u00e9s et pr\u00e9sents des Premi\u00e8res Nations des trait\u00e9s Williams, je tiens \u00e0 exprimer cette pens\u00e9e sinc\u00e8re : nous sommes d\u00e9sol\u00e9s. Mjinwesmin.<\/p>\n\n\n\n<p>Il y a 95 ans de cela, vos anc\u00eatres ont sign\u00e9 des trait\u00e9s avec la Couronne, qui en sont venus \u00e0 \u00eatre appel\u00e9s les trait\u00e9s Williams. La Couronne a seulement conclu ces trait\u00e9s apr\u00e8s des d\u00e9cennies de demandes par les dirigeants des Premi\u00e8res Nations et leurs membres de r\u00e9soudre le probl\u00e8me des colons empi\u00e9tant sur vos terres ancestrales. Ces trait\u00e9s devaient r\u00e9gler vos revendications de longue date, mais la signature de ces trait\u00e9s a plut\u00f4t donn\u00e9 lieu \u00e0 des injustices persistantes : indemnisation insuffisante, terres de r\u00e9serve inad\u00e9quates, et incapacit\u00e9 d\u2019exercer librement vos droits de r\u00e9colte.<\/p>\n\n\n\n<p>Nous sommes d\u00e9sol\u00e9s que m\u00eame avant la signature des trait\u00e9s Williams, vos anc\u00eatres n\u2019aient pas \u00e9t\u00e9 en mesure de profiter pleinement de la richesse de vos terres ancestrales. Nous sommes d\u00e9sol\u00e9s que ces trait\u00e9s n\u2019aient pas donn\u00e9 r\u00e9ponse \u00e0 vos griefs et que les actions de la Couronne n\u2019aient pas honor\u00e9 les rapports issus de trait\u00e9s qui existaient d\u00e9j\u00e0 depuis longtemps et qui continuent d\u2019exister avec vos communaut\u00e9s. Et nous sommes d\u00e9sol\u00e9s que la Couronne n\u2019ait pas reconnu et respect\u00e9 vos droits issus de trait\u00e9s.<\/p>\n\n\n\n<p>Dans les ann\u00e9es qui ont suivi la signature des trait\u00e9s Williams, les membres des Premi\u00e8res Nations ont continu\u00e9 de chasser, de p\u00eacher, de trapper et de cueillir, comme ils l\u2019avaient fait depuis les temps imm\u00e9moriaux. Cependant, l\u2019interpr\u00e9tation des trait\u00e9s par la Couronne \u00e9tait telle qu\u2019il est devenu de plus en plus difficile pour les membres de vos communaut\u00e9s d\u2019exercer leurs droits.<\/p>\n\n\n\n<p>Plut\u00f4t que de prot\u00e9ger vos droits de r\u00e9colte dans vos zones de trait\u00e9 ant\u00e9rieures \u00e0 la conf\u00e9d\u00e9ration, les trait\u00e9s Williams ont \u00e9t\u00e9 interpr\u00e9t\u00e9s comme l\u2019\u00e9limination de tous vos droits de r\u00e9colte \u00e0 l\u2019ext\u00e9rieur de vos r\u00e9serves. Cette interpr\u00e9tation a men\u00e9 \u00e0 de nombreuses difficult\u00e9s, injustices et offenses envers les membres de vos communaut\u00e9s. Incapables d\u2019exercer librement leurs droits de r\u00e9colte garantis par les trait\u00e9s, m\u00e8res et p\u00e8res n\u2019\u00e9taient plus en mesure de subvenir aux besoins de leurs familles comme par le pass\u00e9. Cette contrainte ainsi que d\u2019autres politiques et pratiques coloniales ont \u00e9t\u00e9 la source de difficult\u00e9s et d\u2019une d\u00e9pendance accrue envers le gouvernement.<\/p>\n\n\n\n<p>Les membres qui ont continu\u00e9 de chasser, p\u00eacher, trapper et cueillir hors r\u00e9serve ou hors saison ont \u00e9t\u00e9 poursuivis en vertu de la loi pour motifs de r\u00e9colte. Dans certains cas, ces membres ont vu leurs filets, pi\u00e8ges et lignes de p\u00eache confisqu\u00e9s, alors que d\u2019autres se sont vu imposer des amendes ou ont \u00e9t\u00e9 emprisonn\u00e9s. D\u2019autres encore ont \u00e9t\u00e9 forc\u00e9s de poursuivre leurs activit\u00e9s traditionnelles en secret, chassant et attrapant des grenouilles la nuit ou pratiquant la p\u00eache sur glace sous des couvertures blanches, de mani\u00e8re \u00e0 ne pas attirer l\u2019attention des autorit\u00e9s.<\/p>\n\n\n\n<p>La r\u00e9colte est devenue une activit\u00e9 risqu\u00e9e plut\u00f4t qu\u2019une activit\u00e9 que tous les membres de la famille, jeunes ou \u00e2g\u00e9s, accomplissaient avec fiert\u00e9. Parfois, seules les personnes en mesure de courir ou de patiner plus rapidement que les autorit\u00e9s \u2013 ou en mesure de les d\u00e9jouer \u2013 sur les \u00eeles et dans les bas-fonds \u00e9taient capables d\u2019\u00e9chapper \u00e0 la poursuite.<\/p>\n\n\n\n<p>Nous sommes d\u00e9sol\u00e9s que, par la d\u00e9n\u00e9gation de vos droits de r\u00e9colte dans les zones de trait\u00e9 ant\u00e9rieures \u00e0 la conf\u00e9d\u00e9ration, vos communaut\u00e9s aient \u00e9t\u00e9 confront\u00e9es \u00e0 des difficult\u00e9s et \u00e0 la faim, l\u2019abondance de la terre remplac\u00e9e par des biscuits et des conserves de viande gouvernementale. Nous sommes d\u00e9sol\u00e9s que votre peuple n\u2019ait pas \u00e9t\u00e9 en mesure de poursuivre ses activit\u00e9s traditionnelles avec fiert\u00e9 et dignit\u00e9, mais plut\u00f4t qu\u2019il ait \u00e9t\u00e9 pers\u00e9cut\u00e9 pour avoir exerc\u00e9 ses droits. Et nous sommes d\u00e9sol\u00e9s que vos grands-m\u00e8res et grands-p\u00e8res, m\u00e8res et p\u00e8res, tantes et oncles aient \u00e9t\u00e9 contraints dans leur capacit\u00e9 \u00e0 faire ce que leurs anc\u00eatres avaient toujours fait : \u00e9duquer les nouvelles g\u00e9n\u00e9rations sur les terres et les eaux ancestrales de vos communaut\u00e9s; transmettre la culture et les pratiques Anishinaabe.<\/p>\n\n\n\n<p>Malgr\u00e9 toutes les \u00e9preuves que vos communaut\u00e9s ont travers\u00e9es, les Premi\u00e8res Nations d\u2019Alderville, Chippewa de Beausoleil, Chippewa de Georgina Island, Chippewa de Rama, de Curve Lake, de Hiawatha et des Mississaugas de Scugog Island demeurent fortes et pleines de vie. La d\u00e9termination dont vous avez fait preuve dans votre lutte pour vos droits depuis plus d\u2019un si\u00e8cle est remarquable. Les membres de vos communaut\u00e9s ont milit\u00e9, en priv\u00e9 et en public, par des actes petits et grands, pour la justice et le changement. Qu\u2019il s\u2019agisse des grands-m\u00e8res qui ont appris \u00e0 leurs petits-enfants \u00e0 r\u00e9colter et \u00e0 pr\u00e9parer le bois pour fabriquer des paniers, des personnes qui ont particip\u00e9 aux manifestations sur les droits de p\u00eache ou des personnes, comme Wayne Taylor, Doug Williams et George Howard, qui ont lutt\u00e9 pour leurs droits devant les tribunaux, votre peuple n\u2019a jamais abdiqu\u00e9.<\/p>\n\n\n\n<p>La persistance et la r\u00e9silience des Premi\u00e8res Nations des trait\u00e9s Williams sont un exemple pour tous les Canadiens. Afin d\u2019apprendre, afin de gu\u00e9rir, afin de mener de l\u2019avant les efforts de r\u00e9conciliation, nous devons tous reconna\u00eetre nos torts pass\u00e9s et les r\u00e9percussions pluridimensionnelles du colonialisme. Il est de notre responsabilit\u00e9 collective de continuer de nous renseigner sur l\u2019histoire du Canada, de mani\u00e8re \u00e0 ce que nous puissions aller de l\u2019avant, dot\u00e9s d\u2019une meilleure compr\u00e9hension et d\u2019un plus grand respect.<\/p>\n\n\n\n<p>En 1923, la Couronne aurait pu \u2013 et aurait d\u00fb \u2013 faire mieux. En 2018, je promets que nous pouvons faire mieux et que nous ferons mieux. Aujourd\u2019hui, le gouvernement du Canada reconna\u00eet que la Couronne ne vous a pas ad\u00e9quatement indemnis\u00e9 ou fourni des terres de r\u00e9serve suppl\u00e9mentaires en vertu des trait\u00e9s Williams. Les actions de la Couronne dans la n\u00e9gociation et la mise en \u0153uvre de ces trait\u00e9s n\u2019ont pas respect\u00e9 la relation ancestrale et profonde que vous entretenez avec vos terres traditionnelles. Qui plus est, l\u2019interpr\u00e9tation de ces trait\u00e9s par la Couronne a injustement restreint votre capacit\u00e9 de r\u00e9colte dans vos zones de trait\u00e9 ant\u00e9rieures \u00e0 la conf\u00e9d\u00e9ration.<\/p>\n\n\n\n<p>Le pass\u00e9 ne peut \u00eatre d\u00e9fait, et nous ne pouvons pas compl\u00e8tement nous racheter pour toutes les fautes commises au cours de nombreuses d\u00e9cennies. Par la conclusion d\u2019un r\u00e8glement n\u00e9goci\u00e9 comprenant une indemnisation pour des torts historiques, la capacit\u00e9 d\u2019\u00e9largir vos terres de r\u00e9serve et la reconnaissance de vos droits de r\u00e9colte issus de trait\u00e9s ant\u00e9rieurs \u00e0 la conf\u00e9d\u00e9ration, je crois que nous avons l\u2019occasion d\u2019amorcer l\u2019\u00e9criture d\u2019un nouveau chapitre; un chapitre o\u00f9 la confiance rena\u00eet, o\u00f9 la culture, la langue et les enseignements Anishinaabe sont c\u00e9l\u00e9br\u00e9s, o\u00f9 les droits issus de trait\u00e9s sont respect\u00e9s et o\u00f9 notre relation est renforc\u00e9e au profit des sept g\u00e9n\u00e9rations \u00e0 venir. Nous nous engageons \u00e0 \u00e9crire ce chapitre ensemble dans un esprit de r\u00e9conciliation et de partenariat.<\/p>\n\n\n\n<p>Merci. <em>Miigwetch<\/em>.<\/p>\n<\/div><\/div>\n<\/div><\/div>\n\n\n\n<div class=\"wp-block-cwb-layout-block p-0 my-0 text-white px-3 py-4 bg-ma-geo-vector show-for-touchscreen\" style=\"background:#162325;margin:0px;padding:0px;width:100%\"><div class=\"container\">\n<div class=\"wp-block-cwb-content-wrap w-100 d-flex m-0 bg-cover\" style=\"background:\"><div class=\"w-100\">\n<div class=\"wp-block-columns my-0 is-layout-flex wp-container-core-columns-is-layout-9d6595d7 wp-block-columns-is-layout-flex\">\n<div class=\"wp-block-column is-layout-flow wp-block-column-is-layout-flow\">\n<figure class=\"wp-block-image size-full is-resized\"><img loading=\"lazy\" decoding=\"async\" width=\"483\" height=\"115\" src=\"https:\/\/miskoaki.com\/wp-content\/uploads\/2023\/07\/MDC-logo-rev.png\" alt=\"\" class=\"wp-image-5616\" style=\"width:242px;height:58px\" srcset=\"https:\/\/miskoaki.com\/wp-content\/uploads\/2023\/07\/MDC-logo-rev.png 483w, https:\/\/miskoaki.com\/wp-content\/uploads\/2023\/07\/MDC-logo-rev-300x71.png 300w\" sizes=\"auto, (max-width: 483px) 100vw, 483px\" \/><\/figure>\n<\/div>\n\n\n\n<div class=\"wp-block-column text-right is-layout-flow wp-block-column-is-layout-flow\">\n<p class=\"h5 ml-3 d-inline-block links-white icon-before-l-arrow-secondary\"><a href=\"https:\/\/miskoaki.com\/fr\/touchscreen-page\/\" data-type=\"page\" data-id=\"5510\">Back to Main Page<\/a><\/p>\n\n\n\n<p class=\"h5 links-white icon-after-u-arrow-secondary d-inline-block ml-3\"><a href=\"#layout-header\">Back to Top<\/a><\/p>\n<\/div>\n<\/div>\n<\/div><\/div>\n<\/div><\/div>","protected":false},"excerpt":{"rendered":"","protected":false},"author":1,"featured_media":0,"parent":0,"menu_order":0,"comment_status":"closed","ping_status":"closed","template":"p-gutenberg-page.php","meta":{"_acf_changed":false,"footnotes":""},"class_list":["post-5587","page","type-page","status-publish","hentry"],"acf":[],"_links":{"self":[{"href":"https:\/\/miskoaki.com\/fr\/wp-json\/wp\/v2\/pages\/5587","targetHints":{"allow":["GET"]}}],"collection":[{"href":"https:\/\/miskoaki.com\/fr\/wp-json\/wp\/v2\/pages"}],"about":[{"href":"https:\/\/miskoaki.com\/fr\/wp-json\/wp\/v2\/types\/page"}],"author":[{"embeddable":true,"href":"https:\/\/miskoaki.com\/fr\/wp-json\/wp\/v2\/users\/1"}],"replies":[{"embeddable":true,"href":"https:\/\/miskoaki.com\/fr\/wp-json\/wp\/v2\/comments?post=5587"}],"version-history":[{"count":5,"href":"https:\/\/miskoaki.com\/fr\/wp-json\/wp\/v2\/pages\/5587\/revisions"}],"predecessor-version":[{"id":6242,"href":"https:\/\/miskoaki.com\/fr\/wp-json\/wp\/v2\/pages\/5587\/revisions\/6242"}],"wp:attachment":[{"href":"https:\/\/miskoaki.com\/fr\/wp-json\/wp\/v2\/media?parent=5587"}],"curies":[{"name":"wp","href":"https:\/\/api.w.org\/{rel}","templated":true}]}}