{"id":5510,"date":"2023-07-18T20:51:17","date_gmt":"2023-07-18T20:51:17","guid":{"rendered":"https:\/\/misko-aki.clickwurx.com\/?page_id=5510"},"modified":"2023-09-28T19:48:19","modified_gmt":"2023-09-28T19:48:19","slug":"the-willaims-treaties-timeline","status":"publish","type":"page","link":"https:\/\/miskoaki.com\/fr\/the-willaims-treaties-timeline\/","title":{"rendered":"The Willaims Treaties Timeline"},"content":{"rendered":"<div class=\"wp-block-cwb-layout-block p-0 my-0 text-white px-3 py-4 sticky-buffer-here\" style=\"background:#162325;margin:0px;padding:0px;width:100%\"><div class=\"container\">\n<div class=\"wp-block-cwb-content-wrap w-100 d-flex m-0 bg-cover\" style=\"background:\"><div class=\"w-100\">\n<h1 class=\"wp-block-heading h2\">Convention de r\u00e8glement des Premi\u00e8res Nations vis\u00e9es par les trait\u00e9s Williams<\/h1>\n<\/div><\/div>\n<\/div><\/div>\n\n\n\n<div class=\"wp-block-cwb-layout-block p-0 my-0 text-white px-3 py-4\" style=\"background:#761a19;margin:0px;padding:0px;width:100%\"><div class=\"container\">\n<div class=\"wp-block-cwb-content-wrap w-100 d-flex m-0 bg-cover\" style=\"background:\"><div class=\"w-100\">\n<h2 class=\"wp-block-heading\">Qui sont les Premi\u00e8res Nations signataires des trait\u00e9s Williams?<\/h2>\n<\/div><\/div>\n<\/div><\/div>\n\n\n\n<div class=\"wp-block-cwb-layout-block p-0 my-0 bg-cover\" style=\"background:url(https:\/\/miskoaki.com\/wp-content\/uploads\/2023\/07\/williams-treaties-first-nations-map.jpg);margin:0px;padding:0px;width:100%\" role=\"img\" aria-label=\"williams-treaties-first-nations-map\"><div class=\"container\">\n<div class=\"wp-block-cwb-content-wrap w-100 d-flex m-0 bg-cover\" style=\"background:\"><div class=\"w-100\">\n<div style=\"height:43vw\" aria-hidden=\"true\" class=\"wp-block-spacer my-0\"><\/div>\n<\/div><\/div>\n<\/div><\/div>\n\n\n\n<div class=\"wp-block-cwb-layout-block p-0 my-0 text-white px-3 py-4\" style=\"background:#761a19;margin:0px;padding:0px;width:100%\"><div class=\"container\">\n<div class=\"wp-block-cwb-content-wrap w-100 d-flex m-0 bg-cover\" style=\"background:\"><div class=\"w-100\">\n<h2 class=\"wp-block-heading h1\" id=\"Looking-Back-The-Williams-Treaties\">Retour dans le temps : Les trait\u00e9s Williams<\/h2>\n<\/div><\/div>\n<\/div><\/div>\n\n\n\n<div class=\"wp-block-cwb-layout-block p-0 my-0 bg-cover\" style=\"background:url(https:\/\/miskoaki.com\/wp-content\/uploads\/2023\/07\/willaies-treaties-historic-pics.jpg);margin:0px;padding:0px;width:100%\" role=\"img\" aria-label=\"willaies-treaties-historic-pics\"><div class=\"container\">\n<div class=\"wp-block-cwb-content-wrap w-100 d-flex m-0 bg-cover\" style=\"background:\"><div class=\"w-100\">\n<div style=\"height:19vw\" aria-hidden=\"true\" class=\"wp-block-spacer my-0\"><\/div>\n<\/div><\/div>\n<\/div><\/div>\n\n\n\n<div class=\"wp-block-cwb-layout-block p-0 my-0 text-white px-3 pt-5 wt-timeline-block\" style=\"background:#761a19;margin:0px;padding:0px;width:100%\"><div class=\"container\">\n<div class=\"wp-block-cwb-content-wrap w-100 d-flex m-0 bg-cover\" style=\"background:\"><div class=\"w-100\">\n<div class=\"wp-block-columns is-not-stacked-on-mobile my-0 mx-n3 is-layout-flex wp-container-core-columns-is-layout-9d6595d7 wp-block-columns-is-layout-flex\">\n<div class=\"wp-block-column px-3 is-layout-flow wp-block-column-is-layout-flow\">\n<figure class=\"wp-block-image size-full\"><img loading=\"lazy\" decoding=\"async\" width=\"33\" height=\"33\" src=\"https:\/\/miskoaki.com\/wp-content\/uploads\/2023\/07\/wt-timeline-marker.png\" alt=\"decorative: Williams Treaies timeline marker\" class=\"wp-image-5528\"\/><\/figure>\n<\/div>\n\n\n\n<div class=\"wp-block-column px-3 is-layout-flow wp-block-column-is-layout-flow\">\n<figure class=\"wp-block-image size-full\"><img loading=\"lazy\" decoding=\"async\" width=\"33\" height=\"33\" src=\"https:\/\/miskoaki.com\/wp-content\/uploads\/2023\/07\/wt-timeline-marker.png\" alt=\"decorative: Williams Treaies timeline marker\" class=\"wp-image-5528\"\/><\/figure>\n<\/div>\n\n\n\n<div class=\"wp-block-column px-3 is-layout-flow wp-block-column-is-layout-flow\">\n<figure class=\"wp-block-image size-full\"><img loading=\"lazy\" decoding=\"async\" width=\"33\" height=\"33\" src=\"https:\/\/miskoaki.com\/wp-content\/uploads\/2023\/07\/wt-timeline-marker.png\" alt=\"decorative: Williams Treaies timeline marker\" class=\"wp-image-5528\"\/><\/figure>\n<\/div>\n\n\n\n<div class=\"wp-block-column px-3 is-layout-flow wp-block-column-is-layout-flow\">\n<figure class=\"wp-block-image size-full\"><img loading=\"lazy\" decoding=\"async\" width=\"33\" height=\"33\" src=\"https:\/\/miskoaki.com\/wp-content\/uploads\/2023\/07\/wt-timeline-marker.png\" alt=\"decorative: Williams Treaies timeline marker\" class=\"wp-image-5528\"\/><\/figure>\n<\/div>\n<\/div>\n<\/div><\/div>\n<\/div><\/div>\n\n\n\n<div class=\"wp-block-cwb-layout-block p-0 my-0 text-white px-3 py-4\" style=\"background:#761a19;margin:0px;padding:0px;width:100%\"><div class=\"container\">\n<div class=\"wp-block-cwb-content-wrap w-100 d-flex m-0 bg-cover\" style=\"background:\"><div class=\"w-100\">\n<div class=\"wp-block-columns my-0 mx-n3 is-layout-flex wp-container-core-columns-is-layout-9d6595d7 wp-block-columns-is-layout-flex\">\n<div class=\"wp-block-column px-3 is-layout-flow wp-block-column-is-layout-flow\">\n<h3 class=\"wp-block-heading f-Lato f-w-600\">Des ann\u00e9es 1700 aux ann\u00e9es 1800<\/h3>\n\n\n\n<p>Trait\u00e9s conclus pour la partie sud des terres traditionnelles des Premi\u00e8res Nations prot\u00e9geant leurs droits de r\u00e9colte.<\/p>\n<\/div>\n\n\n\n<div class=\"wp-block-column px-3 is-layout-flow wp-block-column-is-layout-flow\">\n<h3 class=\"wp-block-heading f-Lato f-w-600\">Milieu des ann\u00e9es 1800<\/h3>\n\n\n\n<p>Les Premi\u00e8res Nations adressent une premi\u00e8re p\u00e9tition \u00e0 la Couronne au sujet des colons qui s\u2019installent dans la partie nord de leurs terres traditionnelles et qui nuisent \u00e0 leurs activit\u00e9s de r\u00e9colte.<\/p>\n<\/div>\n\n\n\n<div class=\"wp-block-column px-3 is-layout-flow wp-block-column-is-layout-flow\">\n<h3 class=\"wp-block-heading f-Lato f-w-600\">1923<\/h3>\n\n\n\n<p>Les trait\u00e9s Williams sont sign\u00e9s pour tenter de r\u00e9pondre aux plaintes des Premi\u00e8res Nations, mais ils entra\u00eenent des diff\u00e9rends qui perdurent au sujet de l\u2019indemnisation, des terres et des r\u00e9coltes.<\/p>\n<\/div>\n\n\n\n<div class=\"wp-block-column px-3 is-layout-flow wp-block-column-is-layout-flow\">\n<h3 class=\"wp-block-heading f-Lato f-w-600\">1992<\/h3>\n\n\n\n<p>Les Premi\u00e8res Nations intentent des actions en justice afin d\u2019obtenir justice et une indemnisation \u00e9quitable.<\/p>\n<\/div>\n<\/div>\n<\/div><\/div>\n<\/div><\/div>\n\n\n\n<div class=\"wp-block-cwb-layout-block p-0 my-0 text-white px-3 py-4\" style=\"background:#162325;margin:0px;padding:0px;width:100%\"><div class=\"container\">\n<div class=\"wp-block-cwb-content-wrap w-100 d-flex m-0 bg-cover\" style=\"background:\"><div class=\"w-100\">\n<p class=\"scale-mark h4 f-lh-1_2em\"><mark style=\"background-color:rgba(0, 0, 0, 0)\" class=\"has-inline-color has-secondary-l-1-color\">La revendication :<\/mark> la Couronne n\u2019a pas agi honorablement lors de l\u2019\u00e9laboration et de la mise en \u0153uvre des trait\u00e9s Williams.<\/p>\n\n\n\n<ul class=\"h4 wp-block-list\">\n<li>L\u2019indemnisation appropri\u00e9e et les terres suppl\u00e9mentaires n\u2019ont pas \u00e9t\u00e9 accord\u00e9es en 1923.<\/li>\n\n\n\n<li>Les droits de r\u00e9colte des Premi\u00e8res Nations ont \u00e9t\u00e9 injustement refus\u00e9s.<\/li>\n<\/ul>\n<\/div><\/div>\n<\/div><\/div>\n\n\n\n<div class=\"wp-block-cwb-layout-block p-0 my-0 text-white px-3 py-4\" style=\"background:#761a19;margin:0px;padding:0px;width:100%\"><div class=\"container\">\n<div class=\"wp-block-cwb-content-wrap w-100 d-flex m-0 bg-cover\" style=\"background:\"><div class=\"w-100\">\n<h2 class=\"wp-block-heading h1\">Chronologie : vers un r\u00e8glement extrajudiciaire<\/h2>\n<\/div><\/div>\n<\/div><\/div>\n\n\n\n<div class=\"wp-block-cwb-layout-block p-0 my-0 text-white px-3 pt-5 wt-timeline-block\" style=\"background:#162325;margin:0px;padding:0px;width:100%\"><div class=\"container\">\n<div class=\"wp-block-cwb-content-wrap w-100 d-flex m-0 bg-cover\" style=\"background:\"><div class=\"w-100\">\n<div class=\"wp-block-columns is-not-stacked-on-mobile my-0 mx-n3 is-layout-flex wp-container-core-columns-is-layout-9d6595d7 wp-block-columns-is-layout-flex\">\n<div class=\"wp-block-column px-3 is-layout-flow wp-block-column-is-layout-flow\">\n<figure class=\"wp-block-image size-full\"><img loading=\"lazy\" decoding=\"async\" width=\"33\" height=\"33\" src=\"https:\/\/miskoaki.com\/wp-content\/uploads\/2023\/07\/wt-timeline-marker.png\" alt=\"decorative: Williams Treaies timeline marker\" class=\"wp-image-5528\"\/><\/figure>\n<\/div>\n\n\n\n<div class=\"wp-block-column px-3 is-layout-flow wp-block-column-is-layout-flow\">\n<figure class=\"wp-block-image size-full\"><img loading=\"lazy\" decoding=\"async\" width=\"33\" height=\"33\" src=\"https:\/\/miskoaki.com\/wp-content\/uploads\/2023\/07\/wt-timeline-marker.png\" alt=\"decorative: Williams Treaies timeline marker\" class=\"wp-image-5528\"\/><\/figure>\n<\/div>\n\n\n\n<div class=\"wp-block-column px-3 is-layout-flow wp-block-column-is-layout-flow\">\n<figure class=\"wp-block-image size-full\"><img loading=\"lazy\" decoding=\"async\" width=\"33\" height=\"33\" src=\"https:\/\/miskoaki.com\/wp-content\/uploads\/2023\/07\/wt-timeline-marker.png\" alt=\"decorative: Williams Treaies timeline marker\" class=\"wp-image-5528\"\/><\/figure>\n<\/div>\n\n\n\n<div class=\"wp-block-column px-3 is-layout-flow wp-block-column-is-layout-flow\">\n<figure class=\"wp-block-image size-full\"><img loading=\"lazy\" decoding=\"async\" width=\"33\" height=\"33\" src=\"https:\/\/miskoaki.com\/wp-content\/uploads\/2023\/07\/wt-timeline-marker.png\" alt=\"decorative: Williams Treaies timeline marker\" class=\"wp-image-5528\"\/><\/figure>\n<\/div>\n\n\n\n<div class=\"wp-block-column px-3 is-layout-flow wp-block-column-is-layout-flow\">\n<figure class=\"wp-block-image size-full\"><img loading=\"lazy\" decoding=\"async\" width=\"33\" height=\"33\" src=\"https:\/\/miskoaki.com\/wp-content\/uploads\/2023\/07\/wt-timeline-marker.png\" alt=\"decorative: Williams Treaies timeline marker\" class=\"wp-image-5528\"\/><\/figure>\n<\/div>\n<\/div>\n<\/div><\/div>\n<\/div><\/div>\n\n\n\n<div class=\"wp-block-cwb-layout-block p-0 my-0 text-white px-3 py-4\" style=\"background:#162325;margin:0px;padding:0px;width:100%\"><div class=\"container\">\n<div class=\"wp-block-cwb-content-wrap w-100 d-flex m-0 bg-cover\" style=\"background:\"><div class=\"w-100\">\n<div class=\"wp-block-columns my-0 mx-n3 is-layout-flex wp-container-core-columns-is-layout-9d6595d7 wp-block-columns-is-layout-flex\">\n<div class=\"wp-block-column px-3 is-layout-flow wp-block-column-is-layout-flow\">\n<h3 class=\"wp-block-heading f-Lato f-w-600\">D\u00e9c. 2015<\/h3>\n\n\n\n<p>D\u00e9but des discussions exploratoires<\/p>\n<\/div>\n\n\n\n<div class=\"wp-block-column px-3 is-layout-flow wp-block-column-is-layout-flow\">\n<h3 class=\"wp-block-heading f-Lato f-w-600\">Mars 2017<\/h3>\n\n\n\n<p>D\u00e9but des n\u00e9gociations entre le Canada, l\u2019Ontario et les Premi\u00e8res Nations<\/p>\n<\/div>\n\n\n\n<div class=\"wp-block-column px-3 is-layout-flow wp-block-column-is-layout-flow\">\n<h3 class=\"wp-block-heading f-Lato f-w-600\">Juin 2018<\/h3>\n\n\n\n<p>Les membres des Premi\u00e8res Nations approuvent le r\u00e8glement des diff\u00e9rends.<\/p>\n<\/div>\n\n\n\n<div class=\"wp-block-column px-3 is-layout-flow wp-block-column-is-layout-flow\">\n<h3 class=\"wp-block-heading f-Lato f-w-600\">Ao\u00fbt 2018<\/h3>\n\n\n\n<p>L\u2019Ontario et le Canada signent le r\u00e8glement<\/p>\n<\/div>\n\n\n\n<div class=\"wp-block-column px-3 is-layout-flow wp-block-column-is-layout-flow\">\n<h3 class=\"wp-block-heading f-Lato f-w-600\">Nov. 2018<\/h3>\n\n\n\n<p>Excuses f\u00e9d\u00e9rales et provinciales<\/p>\n<\/div>\n<\/div>\n<\/div><\/div>\n<\/div><\/div>\n\n\n\n<div class=\"wp-block-cwb-layout-block p-0 my-0 bg-cover\" style=\"background:url(https:\/\/miskoaki.com\/wp-content\/uploads\/2023\/07\/williams-treaties-modern-pics.jpg);margin:0px;padding:0px;width:100%\" role=\"img\" aria-label=\"williams-treaties-modern-pics\"><div class=\"container\">\n<div class=\"wp-block-cwb-content-wrap w-100 d-flex m-0 bg-cover\" style=\"background:\"><div class=\"w-100\">\n<div style=\"height:25vw\" aria-hidden=\"true\" class=\"wp-block-spacer my-0\"><\/div>\n<\/div><\/div>\n<\/div><\/div>\n\n\n\n<div class=\"wp-block-cwb-layout-block p-0 my-0 px-3 py-5\" style=\"background:;margin:0px;padding:0px;width:100%\"><div class=\"container\">\n<div class=\"wp-block-cwb-content-wrap w-100 d-flex m-0 bg-cover\" style=\"background:\"><div class=\"w-100\">\n<h2 class=\"wp-block-heading h1\">La Convention de r\u00e8glement n\u00e9goci\u00e9<\/h2>\n\n\n\n<ul class=\"h4 scale-mark wp-block-list\">\n<li class=\"mb-3\"><mark style=\"background-color:rgba(0, 0, 0, 0);color:#000000\" class=\"has-inline-color\">Reconnaissance des droits pr\u00e9existants<\/mark> issus des trait\u00e9s pour les membres des Premi\u00e8res Nations dans certaines r\u00e9gions vis\u00e9es par les trait\u00e9s.<\/li>\n\n\n\n<li class=\"mb-3\"><mark style=\"background-color:rgba(0, 0, 0, 0);color:#000000\" class=\"has-inline-color\">Excuses f\u00e9d\u00e9rales et provinciales<\/mark> pour les r\u00e9percussions n\u00e9gatives des trait\u00e9s Williams sur les Premi\u00e8res Nations.<\/li>\n\n\n\n<li class=\"mb-3\"><mark style=\"background-color:rgba(0, 0, 0, 0);color:#000000\" class=\"has-inline-color\">Compensation financi\u00e8re<\/mark> \u2014 666 millions de dollars du Canada et 444 millions de dollars de l\u2019Ontario<\/li>\n\n\n\n<li><mark style=\"background-color:rgba(0, 0, 0, 0);color:#000000\" class=\"has-inline-color\">Terres de r\u00e9serve suppl\u00e9mentaires<\/mark> \u2014 Chaque Premi\u00e8re Nation peut acqu\u00e9rir et demander d\u2019ajouter jusqu\u2019\u00e0 11 000 acres \u00e0 ses terres de r\u00e9serve.<\/li>\n<\/ul>\n<\/div><\/div>\n<\/div><\/div>\n\n\n\n<div class=\"wp-block-cwb-layout-block p-0 my-0 text-white px-3 py-4\" style=\"background:#761a19;margin:0px;padding:0px;width:100%\"><div class=\"container\">\n<div class=\"wp-block-cwb-content-wrap w-100 d-flex m-0 bg-cover\" style=\"background:\"><div class=\"w-100\">\n<h2 class=\"wp-block-heading h1\">Perspectives \u2014 Continuer \u00e0 travailler ensemble en tant que partenaires pour :<\/h2>\n\n\n\n<div class=\"wp-block-columns is-layout-flex wp-container-core-columns-is-layout-9d6595d7 wp-block-columns-is-layout-flex\">\n<div class=\"wp-block-column is-layout-flow wp-block-column-is-layout-flow\"><div class=\"wp-block-image\">\n<figure class=\"aligncenter size-full\"><img loading=\"lazy\" decoding=\"async\" width=\"170\" height=\"170\" src=\"https:\/\/miskoaki.com\/wp-content\/uploads\/2023\/07\/checklist-icon.png\" alt=\"checklist icon\" class=\"wp-image-5569\" srcset=\"https:\/\/miskoaki.com\/wp-content\/uploads\/2023\/07\/checklist-icon.png 170w, https:\/\/miskoaki.com\/wp-content\/uploads\/2023\/07\/checklist-icon-150x150.png 150w\" sizes=\"auto, (max-width: 170px) 100vw, 170px\" \/><\/figure>\n<\/div>\n\n\n<p class=\"has-text-align-center h4 f-Lato f-w-600\">mettre pleinement en \u0153uvre la Convention de r\u00e8glement<\/p>\n<\/div>\n\n\n\n<div class=\"wp-block-column is-layout-flow wp-block-column-is-layout-flow\"><div class=\"wp-block-image\">\n<figure class=\"aligncenter size-full\"><img loading=\"lazy\" decoding=\"async\" width=\"170\" height=\"170\" src=\"https:\/\/miskoaki.com\/wp-content\/uploads\/2023\/07\/handshake-icon.png\" alt=\"handshake-icon\" class=\"wp-image-5570\" srcset=\"https:\/\/miskoaki.com\/wp-content\/uploads\/2023\/07\/handshake-icon.png 170w, https:\/\/miskoaki.com\/wp-content\/uploads\/2023\/07\/handshake-icon-150x150.png 150w\" sizes=\"auto, (max-width: 170px) 100vw, 170px\" \/><\/figure>\n<\/div>\n\n\n<p class=\"has-text-align-center h4 f-Lato f-w-600\">renouveler les relations actuelles bas\u00e9es sur des trait\u00e9s<\/p>\n<\/div>\n\n\n\n<div class=\"wp-block-column is-layout-flow wp-block-column-is-layout-flow\"><div class=\"wp-block-image\">\n<figure class=\"aligncenter size-full\"><img loading=\"lazy\" decoding=\"async\" width=\"170\" height=\"170\" src=\"https:\/\/miskoaki.com\/wp-content\/uploads\/2023\/07\/group-icon.png\" alt=\"group-icon\" class=\"wp-image-5568\" srcset=\"https:\/\/miskoaki.com\/wp-content\/uploads\/2023\/07\/group-icon.png 170w, https:\/\/miskoaki.com\/wp-content\/uploads\/2023\/07\/group-icon-150x150.png 150w\" sizes=\"auto, (max-width: 170px) 100vw, 170px\" \/><\/figure>\n<\/div>\n\n\n<p class=\"has-text-align-center h4 f-Lato f-w-600\">Favoriser la r\u00e9conciliation et une meilleure compr\u00e9hension<\/p>\n<\/div>\n<\/div>\n<\/div><\/div>\n<\/div><\/div>\n\n\n\n<div class=\"wp-block-cwb-layout-block p-0 my-0 text-white px-3 py-4\" style=\"background:#162325;margin:0px;padding:0px;width:100%\"><div class=\"container\">\n<div class=\"wp-block-cwb-content-wrap w-100 d-flex m-0 bg-cover\" style=\"background:\"><div class=\"w-100\"><\/div><\/div>\n\n\n\n<p class=\"has-text-align-center f-secondary icon-before-file\"><a href=\"https:\/\/miskoaki.com\/fr\/statement-of-apology\/\" data-type=\"page\" data-id=\"5587\">Lisez l\u2019allocution de la pr\u00e9sentation d\u2019excuses pour les r\u00e9percussions des trait\u00e9s Williams de 1923<\/a><\/p>\n<\/div><\/div>\n\n\n\n<div class=\"wp-block-cwb-layout-block p-0 my-0\" style=\"background:rgba(255,255,255,1);margin:0px;padding:0px;width:100%\"><div class=\"container\">\n<div class=\"wp-block-cwb-content-wrap w-100 d-flex m-0 bg-cover\" style=\"background:\"><div class=\"w-100\">\n<div class=\"wp-block-columns mb-0 is-layout-flex wp-container-core-columns-is-layout-9d6595d7 wp-block-columns-is-layout-flex\">\n<div class=\"wp-block-column is-layout-flow wp-block-column-is-layout-flow\">\n<figure class=\"wp-block-image size-large pr-md-5 mb-0\"><img loading=\"lazy\" decoding=\"async\" width=\"1024\" height=\"210\" src=\"https:\/\/miskoaki.com\/wp-content\/uploads\/2023\/07\/mt-footer-first-nations-logos-1024x210.jpg\" alt=\"first-nations-logos\" class=\"wp-image-5647\" srcset=\"https:\/\/miskoaki.com\/wp-content\/uploads\/2023\/07\/mt-footer-first-nations-logos-1024x210.jpg 1024w, https:\/\/miskoaki.com\/wp-content\/uploads\/2023\/07\/mt-footer-first-nations-logos-300x61.jpg 300w, https:\/\/miskoaki.com\/wp-content\/uploads\/2023\/07\/mt-footer-first-nations-logos-760x156.jpg 760w, https:\/\/miskoaki.com\/wp-content\/uploads\/2023\/07\/mt-footer-first-nations-logos.jpg 1085w\" sizes=\"auto, (max-width: 1024px) 100vw, 1024px\" \/><\/figure>\n<\/div>\n\n\n\n<div class=\"wp-block-column is-layout-flow wp-block-column-is-layout-flow\">\n<figure class=\"wp-block-image size-large pl-md-5 mb-0\"><img loading=\"lazy\" decoding=\"async\" width=\"1024\" height=\"208\" src=\"https:\/\/miskoaki.com\/wp-content\/uploads\/2023\/07\/mt-footer-gov-logos-1024x208.jpg\" alt=\"Ontario &amp; Canada Government Logos\" class=\"wp-image-5577\" srcset=\"https:\/\/miskoaki.com\/wp-content\/uploads\/2023\/07\/mt-footer-gov-logos-1024x208.jpg 1024w, https:\/\/miskoaki.com\/wp-content\/uploads\/2023\/07\/mt-footer-gov-logos-300x61.jpg 300w, https:\/\/miskoaki.com\/wp-content\/uploads\/2023\/07\/mt-footer-gov-logos-760x155.jpg 760w, https:\/\/miskoaki.com\/wp-content\/uploads\/2023\/07\/mt-footer-gov-logos.jpg 1091w\" sizes=\"auto, (max-width: 1024px) 100vw, 1024px\" \/><\/figure>\n<\/div>\n<\/div>\n<\/div><\/div>\n<\/div><\/div>\n\n\n\n<div class=\"wp-block-cwb-layout-block p-0 my-0 text-white px-3 py-4 bg-ma-geo-vector show-for-touchscreen\" style=\"background:#162325;margin:0px;padding:0px;width:100%\"><div class=\"container\">\n<div class=\"wp-block-cwb-content-wrap w-100 d-flex m-0 bg-cover\" style=\"background:\"><div class=\"w-100\">\n<div class=\"wp-block-columns my-0 is-layout-flex wp-container-core-columns-is-layout-9d6595d7 wp-block-columns-is-layout-flex\">\n<div class=\"wp-block-column is-layout-flow wp-block-column-is-layout-flow\">\n<figure class=\"wp-block-image size-full is-resized\"><img loading=\"lazy\" decoding=\"async\" src=\"https:\/\/miskoaki.com\/wp-content\/uploads\/2023\/07\/MDC-logo-rev.png\" alt=\"MDC Wordmark\" class=\"wp-image-5616\" style=\"width:242px;height:58px\" width=\"242\" height=\"58\" srcset=\"https:\/\/miskoaki.com\/wp-content\/uploads\/2023\/07\/MDC-logo-rev.png 483w, https:\/\/miskoaki.com\/wp-content\/uploads\/2023\/07\/MDC-logo-rev-300x71.png 300w\" sizes=\"auto, (max-width: 242px) 100vw, 242px\" \/><\/figure>\n<\/div>\n\n\n\n<div class=\"wp-block-column text-right is-layout-flow wp-block-column-is-layout-flow\">\n<p class=\"h5 d-inline-block\"><\/p>\n\n\n\n<p class=\"h5 links-white icon-after-u-arrow-secondary d-inline-block ml-3\"><a href=\"#layout-header\">Back to Top<\/a><\/p>\n<\/div>\n<\/div>\n<\/div><\/div>\n<\/div><\/div>","protected":false},"excerpt":{"rendered":"","protected":false},"author":1,"featured_media":0,"parent":0,"menu_order":0,"comment_status":"closed","ping_status":"closed","template":"p-gutenberg-page.php","meta":{"_acf_changed":false,"footnotes":""},"class_list":["post-5510","page","type-page","status-publish","hentry"],"acf":[],"_links":{"self":[{"href":"https:\/\/miskoaki.com\/fr\/wp-json\/wp\/v2\/pages\/5510","targetHints":{"allow":["GET"]}}],"collection":[{"href":"https:\/\/miskoaki.com\/fr\/wp-json\/wp\/v2\/pages"}],"about":[{"href":"https:\/\/miskoaki.com\/fr\/wp-json\/wp\/v2\/types\/page"}],"author":[{"embeddable":true,"href":"https:\/\/miskoaki.com\/fr\/wp-json\/wp\/v2\/users\/1"}],"replies":[{"embeddable":true,"href":"https:\/\/miskoaki.com\/fr\/wp-json\/wp\/v2\/comments?post=5510"}],"version-history":[{"count":5,"href":"https:\/\/miskoaki.com\/fr\/wp-json\/wp\/v2\/pages\/5510\/revisions"}],"predecessor-version":[{"id":6163,"href":"https:\/\/miskoaki.com\/fr\/wp-json\/wp\/v2\/pages\/5510\/revisions\/6163"}],"wp:attachment":[{"href":"https:\/\/miskoaki.com\/fr\/wp-json\/wp\/v2\/media?parent=5510"}],"curies":[{"name":"wp","href":"https:\/\/api.w.org\/{rel}","templated":true}]}}