{"id":5108,"date":"2023-05-16T18:13:11","date_gmt":"2023-05-16T18:13:11","guid":{"rendered":"https:\/\/misko-aki.clickwurx.com\/?page_id=5108"},"modified":"2024-10-31T22:19:23","modified_gmt":"2024-10-31T22:19:23","slug":"the-clans-importance-of-place","status":"publish","type":"page","link":"https:\/\/miskoaki.com\/fr\/welcome-orientation\/the-clans-importance-of-place\/","title":{"rendered":"Les clans : l\u2019importance du lieu"},"content":{"rendered":"<div class=\"wp-block-cwb-layout-block p-0 my-0\" style=\"background:#162325;margin:0px;padding:0px;width:100%\"><div class=\"\">\n<div class=\"wp-block-cwb-layout-block p-0 my-0 text-white bg-cover py-5 px-md-3 sticky-buffer-here\" style=\"background:url(https:\/\/miskoaki.com\/wp-content\/uploads\/2023\/06\/ma-geo-vector.png);margin:0px;padding:0px;width:100%\"><div class=\"container\">\n<div class=\"wp-block-columns flex-column flex-md-row is-layout-flex wp-container-core-columns-is-layout-9d6595d7 wp-block-columns-is-layout-flex\">\n<div class=\"wp-block-column px-0 pr-lg-5  col-md-5 is-layout-flow wp-block-column-is-layout-flow\" style=\"flex-basis:40%\">\n<figure class=\"wp-block-image size-full opacity-40 max-w-400\"><img loading=\"lazy\" decoding=\"async\" width=\"600\" height=\"618\" src=\"https:\/\/miskoaki.com\/wp-content\/uploads\/2023\/06\/gigoonh-fish-600.png\" alt=\"Gigoonh - Fish (large)\" class=\"wp-image-5408\" srcset=\"https:\/\/miskoaki.com\/wp-content\/uploads\/2023\/06\/gigoonh-fish-600.png 600w, https:\/\/miskoaki.com\/wp-content\/uploads\/2023\/06\/gigoonh-fish-600-291x300.png 291w\" sizes=\"auto, (max-width: 600px) 100vw, 600px\" \/><\/figure>\n<\/div>\n\n\n\n<div class=\"wp-block-column px-0 pl-md-5 col-md-7 is-layout-flow wp-block-column-is-layout-flow\" style=\"flex-basis:60%\">\n<h1 class=\"wp-block-heading\">Les clans<\/h1>\n\n\n\n<p class=\"scale-mark\"><mark style=\"background-color:rgba(0, 0, 0, 0);color:#ffffff\" class=\"has-inline-color\">L\u2019importance du lieu :<\/mark> Les peuples autochtones se sont adapt\u00e9s au milieu naturel de leurs lieux de vie ancestraux. Une culture au fil des g\u00e9n\u00e9rations deviendra intimement li\u00e9e \u00e0 l\u2019esprit de cet espace. Certains oiseaux, plantes, arbres, animaux, reptiles et cours d\u2019eau font partie de l\u2019identit\u00e9 de ces peuples. Les clans familiaux s\u2019inspirent du territoire et en sont issus. Attachant encore davantage ces gens \u00e0 ces lieu les ossements des anc\u00eatres reposent dans ce sol - sur le plan spirituel et rituel. Chaque culture a une histoire diff\u00e9rente \u00e0 propos de cet espace.<\/p>\n\n\n\n<p class=\"scale-mark\"><mark style=\"background-color:rgba(0, 0, 0, 0);color:#ffffff\" class=\"has-inline-color\">Les rassemblements des clans : <\/mark>gr\u00e2ce \u00e0 la famille \u00e9largie des clans, les gens entretiennent un lien intime avec l\u2019environnement, car leur totem familial \u00e9tait une cr\u00e9ature ou un \u00e9l\u00e9ment du paysage qui leur permettait de savoir comment vivre en harmonie avec la terre. Les diverses cultures autochtones associ\u00e9es au territoire Misko-Aki sont reli\u00e9es \u00e0 des clans diff\u00e9rents, souvent nomm\u00e9s d\u2019apr\u00e8s des animaux, des oiseaux, des arbres ou des reptiles. Les clans allient aussi des gens au-del\u00e0 des fronti\u00e8res politiques. Par exemple, tous les membres du clan de l\u2019Ours sont per\u00e7us comme ayant des liens parentaux, quelle que soit leur nation autochtone. Certains clans cultivent des terres et d\u00e9finissent des territoires de chasse afin de favoriser la coop\u00e9ration et le partage entre tous.<\/p>\n<\/div>\n<\/div>\n<\/div><\/div>\n<\/div><\/div>\n\n\n\n<div class=\"wp-block-cwb-layout-block p-0 my-0 text-white py-5 px-md-3\" style=\"background:#761a19;margin:0px;padding:0px;width:100%\"><div class=\"container\">\n<div class=\"wp-block-columns flex-column flex-md-row is-layout-flex wp-container-core-columns-is-layout-9d6595d7 wp-block-columns-is-layout-flex\" id=\"Huron-Wendat-Clans\">\n<div class=\"wp-block-column px-0 pr-lg-5 col-md-5 is-layout-flow wp-block-column-is-layout-flow\" style=\"flex-basis:40%\">\n<div class=\"wp-block-cwb-content-grid py-3 my-0 huron-wendat-clan-grid mt-md-n3\" style=\"margin:0px;padding:0px;width:100%\"><div data-update=\"230505-00\" class=\"cwb-content-grid container px-0\"><div class=\"d-flex flex-wrap row mx-md-n4 mx-n3\"><div class=\"cwb-content-grid-item d-inline-block p-1 width-sm-4 width-md-2 width-2 p-md-4 p-3\"><div class=\"item-inner\"><div class=\"item-img-wrap\"><div class=\"mb-3\"><img loading=\"lazy\" decoding=\"async\" src=\"https:\/\/miskoaki.com\/wp-content\/uploads\/2023\/06\/Yandiawich-\u2013-Turtle-760x760.jpg\" alt=\"_Ya\u0308ndia\u2019wich \u2013 Turtle\" width=\"760\" height=\"760\"\/><\/div><\/div><div class=\"item-content-wrap\"><p class=\"item-head\" style=\"position:relative\"><i><strong>Ya\u0308ndia\u2019wich<\/strong><\/i> \u2013 La Tortue<\/p><\/div><\/div><\/div><div class=\"cwb-content-grid-item d-inline-block p-1 width-sm-4 width-md-2 width-2 p-md-4 p-3\"><div class=\"item-inner\"><div class=\"item-img-wrap\"><div class=\"mb-3\"><img loading=\"lazy\" decoding=\"async\" src=\"https:\/\/miskoaki.com\/wp-content\/uploads\/2023\/06\/Yanariskwa-\u2013-Wolf-760x760.jpg\" alt=\"Ya\u0308nariskwa\u2019 \u2013 Wolf\" width=\"760\" height=\"760\"\/><\/div><\/div><div class=\"item-content-wrap\"><p class=\"item-head\" style=\"position:relative\"><em><strong>Ya\u0308nariskwa\u2019 <\/strong><\/em>\u2013 Le Loup<\/p><\/div><\/div><\/div><div class=\"cwb-content-grid-item d-inline-block p-1 width-sm-4 width-md-2 width-2 p-md-4 p-3\"><div class=\"item-inner\"><div class=\"item-img-wrap\"><div class=\"mb-3\"><img loading=\"lazy\" decoding=\"async\" src=\"https:\/\/miskoaki.com\/wp-content\/uploads\/2023\/06\/Yanionyen-\u2013-Bear-760x760.jpg\" alt=\"Ya\u0308nionyen\u2019 \u2013 Bear\" width=\"760\" height=\"760\"\/><\/div><\/div><div class=\"item-content-wrap\"><p class=\"item-head\" style=\"position:relative\"><em><strong>Ya\u0308nionyen\u2019<\/strong><\/em> \u2013 L\u2019Ours<\/p><\/div><\/div><\/div><div class=\"cwb-content-grid-item d-inline-block p-1 width-sm-4 width-md-2 width-2 p-md-4 p-3\"><div class=\"item-inner\"><div class=\"item-img-wrap\"><div class=\"mb-3\"><img loading=\"lazy\" decoding=\"async\" src=\"https:\/\/miskoaki.com\/wp-content\/uploads\/2023\/06\/Ohskenonton-\u2013-Deer-760x760.jpg\" alt=\"Ohske\u0308nonton\u2019 \u2013 Deer\" width=\"760\" height=\"760\"\/><\/div><\/div><div class=\"item-content-wrap\"><p class=\"item-head\" style=\"position:relative\"><em><strong>Ohske\u0308nonton\u2019 <\/strong><\/em>\u2013 Le Chevreuil<\/p><\/div><\/div><\/div><\/div><\/div><\/div>\n<\/div>\n\n\n\n<div class=\"wp-block-column px-0 pl-md-5  col-md-7 is-layout-flow wp-block-column-is-layout-flow\" style=\"flex-basis:60%\">\n<h2 class=\"wp-block-heading\">Clan des Huron-Wendat: Qui \u00eates-vous?<\/h2>\n\n\n\n<p class=\"scale-mark\"><mark style=\"background-color:rgba(0, 0, 0, 0);color:#ffffff\" class=\"has-inline-color\">\u00c0 l\u2019\u00e9poque avant les contacts avec les Europ\u00e9ens, <\/mark>les Hurons-Wendats comptaient huit clans qui regroupaient des nations et des territoires. L\u2019appartenance \u00e0 un clan ne reposait pas n\u00e9cessairement sur la descendance biologique, mais sur la revendication d\u2019un anc\u00eatre f\u00e9minin commun et d\u2019un nom ou du symbole d\u2019un animal qui \u00e9taient partag\u00e9s. Ces clans semblent avoir jou\u00e9 un r\u00f4le important dans les villages puisqu\u2019ils \u00e9taient repr\u00e9sent\u00e9s par leur propre chef de clan. Les huit clans \u00e9taient ceux de la Tortue, du Loup, de l\u2019Ours, du Castor, du Chevreuil, du Faucon, du Porc-\u00e9pic et du Serpent. \u00c0 Wendake au Qu\u00e9bec, les clans du Chevreuil, du Loup, de l\u2019Ours et de la Tortue sont toujours pr\u00e9sents aujourd\u2019hui.<\/p>\n\n\n\n<p class=\"scale-mark\"><mark style=\"background-color:rgba(0, 0, 0, 0);color:#ffffff\" class=\"has-inline-color\">D\u00e9finie par ceux qui revendiquaient un anc\u00eatre f\u00e9minin commun,<\/mark> l\u2019appartenance \u00e0 un clan unifiait les communaut\u00e9s apparent\u00e9es. Les chefs \u00e9taient choisis parmi les membres des principaux clans. On sait que les symboles des clans \u00e9taient peints sur les maisons longues et qu\u2019ils \u00e9taient illustr\u00e9s de diff\u00e9rentes mani\u00e8res, par exemple sous forme d\u2019effigies sur des pipes.<\/p>\n<\/div>\n<\/div>\n<\/div><\/div>\n\n\n\n<div class=\"wp-block-cwb-layout-block p-0 my-0 text-white bg-cover py-5 px-md-3\" style=\"background:#162325;margin:0px;padding:0px;width:100%\"><div class=\"container\">\n<div class=\"wp-block-columns flex-column flex-md-row is-layout-flex wp-container-core-columns-is-layout-9d6595d7 wp-block-columns-is-layout-flex\" id=\"Anishinaabek-Clans\">\n<div class=\"wp-block-column px-0 pr-lg-5 col-md-5 is-layout-flow wp-block-column-is-layout-flow\" style=\"flex-basis:40%\">\n<h2 class=\"wp-block-heading h4\">Voici les sept groupes des clans \u00e0 l\u2019origine<\/h2>\n\n\n\n<div class=\"wp-block-cwb-content-grid py-3 my-0 animal-vector-grid mb-4 mb-md-0\" style=\"margin:0px;padding:0px;width:100%\"><div data-update=\"230505-00\" class=\"cwb-content-grid container px-0\"><div class=\"d-flex flex-wrap row mx-md-n3 mx-n2\"><div class=\"cwb-content-grid-item d-inline-block p-1 width-sm-4 width-md-2 width-2 p-md-3 p-2\"><div class=\"item-inner\"><div class=\"item-img-wrap\"><div class=\"mb-3\"><img loading=\"lazy\" decoding=\"async\" src=\"https:\/\/miskoaki.com\/wp-content\/uploads\/2023\/06\/Maang-\u2013-Loon-291x300.png\" alt=\"Maang - Loon\" width=\"291\" height=\"300\"\/><\/div><\/div><div class=\"item-content-wrap\"><p class=\"item-head\" style=\"position:relative\"><em><strong>Maang<\/strong><\/em> \u2013 Le Huard<\/p><\/div><\/div><\/div><div class=\"cwb-content-grid-item d-inline-block p-1 width-sm-4 width-md-2 width-2 p-md-3 p-2\"><div class=\"item-inner\"><div class=\"item-img-wrap\"><div class=\"mb-3\"><img loading=\"lazy\" decoding=\"async\" src=\"https:\/\/miskoaki.com\/wp-content\/uploads\/2023\/06\/Bineshiinh-\u2013-Bird--291x300.png\" alt=\"Bineshiinh - Bird\" width=\"291\" height=\"300\"\/><\/div><\/div><div class=\"item-content-wrap\"><p class=\"item-head\" style=\"position:relative\"><strong><em>Bineshiinh<\/em><\/strong> \u2013 L\u2019Oiseau<\/p><\/div><\/div><\/div><div class=\"cwb-content-grid-item d-inline-block p-1 width-sm-4 width-md-2 width-2 p-md-3 p-2\"><div class=\"item-inner\"><div class=\"item-img-wrap\"><div class=\"mb-3\"><img loading=\"lazy\" decoding=\"async\" src=\"https:\/\/miskoaki.com\/wp-content\/uploads\/2023\/06\/Makwa-\u2013-Bear-291x300.png\" alt=\"Makwa Bear\" width=\"291\" height=\"300\"\/><\/div><\/div><div class=\"item-content-wrap\"><p class=\"item-head\" style=\"position:relative\"><em><strong>Makwa<\/strong><\/em> \u2013 L\u2019Ours<\/p><\/div><\/div><\/div><div class=\"cwb-content-grid-item d-inline-block p-1 width-sm-4 width-md-2 width-2 p-md-3 p-2\"><div class=\"item-inner\"><div class=\"item-img-wrap\"><div class=\"mb-3\"><img loading=\"lazy\" decoding=\"async\" src=\"https:\/\/miskoaki.com\/wp-content\/uploads\/2023\/06\/Ajijaak-\u2013-Crane-291x300.png\" alt=\"Ajijaak - Crane\" width=\"291\" height=\"300\"\/><\/div><\/div><div class=\"item-content-wrap\"><p class=\"item-head\" style=\"position:relative\"><em><strong>Ajijaak<\/strong><\/em> \u2013 La Grue<\/p><\/div><\/div><\/div><div class=\"cwb-content-grid-item d-inline-block p-1 width-sm-4 width-md-2 width-2 p-md-3 p-2\"><div class=\"item-inner\"><div class=\"item-img-wrap\"><div class=\"mb-3\"><img loading=\"lazy\" decoding=\"async\" src=\"https:\/\/miskoaki.com\/wp-content\/uploads\/2023\/06\/gigoonh-fish-600-291x300.png\" alt=\"Gigoonh - Fish (large)\" width=\"291\" height=\"300\"\/><\/div><\/div><div class=\"item-content-wrap\"><p class=\"item-head\" style=\"position:relative\"><em><strong>Gigoonh<\/strong><\/em> \u2013 Le Poisson<\/p><\/div><\/div><\/div><div class=\"cwb-content-grid-item d-inline-block p-1 width-sm-4 width-md-2 width-2 p-md-3 p-2\"><div class=\"item-inner\"><div class=\"item-img-wrap\"><div class=\"mb-3\"><img loading=\"lazy\" decoding=\"async\" src=\"https:\/\/miskoaki.com\/wp-content\/uploads\/2023\/06\/Waawaashkeshi-\u2013-Deer-291x300.png\" alt=\"Waawaashkeshi - Deer\" width=\"291\" height=\"300\"\/><\/div><\/div><div class=\"item-content-wrap\"><p class=\"item-head\" style=\"position:relative\"><em><strong>Waawaashkeshi<\/strong><\/em> \u2013 Le Chevreuil<\/p><\/div><\/div><\/div><div class=\"cwb-content-grid-item d-inline-block p-1 width-sm-4 width-md-2 width-2 p-md-3 p-2\"><div class=\"item-inner\"><div class=\"item-img-wrap\"><div class=\"mb-3\"><img loading=\"lazy\" decoding=\"async\" src=\"https:\/\/miskoaki.com\/wp-content\/uploads\/2023\/06\/Waabizheshi-\u2013-Marten-291x300.png\" alt=\"Waabizheshi - Marten\" width=\"291\" height=\"300\"\/><\/div><\/div><div class=\"item-content-wrap\"><p class=\"item-head\" style=\"position:relative\"><em><strong>Waabizheshi<\/strong><\/em> \u2013 La Martre<\/p><\/div><\/div><\/div><\/div><\/div><\/div>\n<\/div>\n\n\n\n<div class=\"wp-block-column px-0 pl-md-5 col-md-7 is-layout-flow wp-block-column-is-layout-flow\" style=\"flex-basis:60%\">\n<h2 class=\"wp-block-heading\">Clans des Anichinab\u00e9s : des responsabilit\u00e9s partag\u00e9es<\/h2>\n\n\n\n<p class=\"scale-mark\"><mark style=\"background-color:rgba(0, 0, 0, 0);color:#ffffff\" class=\"has-inline-color\">Dans l\u2019histoire de la cr\u00e9ation des Anichinab\u00e9s,<\/mark> lorsque le Cr\u00e9ateur a fait descendre les hommes sur la Terre, il leur a donn\u00e9 un syst\u00e8me de gouvernance bas\u00e9 sur sept groupes claniques \u00e0 l\u2019origine : Grue, Huard, Ours, Poisson, Martre, Chevreuil et Oiseau. Au fil du temps, le nombre de clans a augment\u00e9 et il y en a aujourd\u2019hui plus de 40. Tous les clans ont des responsabilit\u00e9s pr\u00e9cises. Si quelqu\u2019un avait une id\u00e9e, il consultait toujours les autres et faisait des allers-retours. Lorsque tout le monde \u00e9tait d\u2019accord, une d\u00e9cision \u00e9tait prise.<\/p>\n\n\n\n<p><em>\u00ab Les clans, dans ma langue, nous les appelons doodemag, ce qui signifie \u2018\u2018ceux qui sont proches de nos c\u0153urs \u2018\u2018, nos familles. On les a appel\u00e9s clans parce que lorsque les Britanniques sont arriv\u00e9s, ils ont vu que nous \u00e9tions assis en cercle, comme dans le syst\u00e8me des clans <\/em><em>\u00e9cossais et c\u2019est pourquoi ils les ont nomm\u00e9s clans, <\/em><em>mais c\u2019est pourtant tr\u00e8s diff\u00e9rent du syst\u00e8me \u00e9cossais. C\u2019est pourquoi, lorsque je parle de nos clans, je dirai toujours nos doodemag, car c\u2019est de cela qu\u2019il s\u2019agit, de nos familles \u00bb.<\/em><\/p>\n\n\n\n<p class=\"has-text-align-right\">\u2013 Myiingan B. Jeff Monague (Anichinab\u00e9, Premi\u00e8re Nation Beausoleil)<\/p>\n<\/div>\n<\/div>\n<\/div><\/div>\n\n\n\n<div class=\"wp-block-cwb-layout-block p-0 my-0 py-5\" style=\"background:;margin:0px;padding:0px;width:100%\"><div class=\"container\">\n<figure class=\"wp-block-image size-full content-caption-alt\"><img loading=\"lazy\" decoding=\"async\" width=\"2020\" height=\"1522\" src=\"https:\/\/miskoaki.com\/wp-content\/uploads\/2023\/06\/GR0-B-011.3_FRANOM_C11A2_263R-web.jpg\" alt=\"\" class=\"wp-image-5372\" srcset=\"https:\/\/miskoaki.com\/wp-content\/uploads\/2023\/06\/GR0-B-011.3_FRANOM_C11A2_263R-web.jpg 2020w, https:\/\/miskoaki.com\/wp-content\/uploads\/2023\/06\/GR0-B-011.3_FRANOM_C11A2_263R-web-300x226.jpg 300w, https:\/\/miskoaki.com\/wp-content\/uploads\/2023\/06\/GR0-B-011.3_FRANOM_C11A2_263R-web-1024x772.jpg 1024w, https:\/\/miskoaki.com\/wp-content\/uploads\/2023\/06\/GR0-B-011.3_FRANOM_C11A2_263R-web-760x573.jpg 760w\" sizes=\"auto, (max-width: 2020px) 100vw, 2020px\" \/><figcaption class=\"wp-element-caption\">Rapport sur les neuf familles \"iroquoises\", avec leurs totems, 1666. GRACIEUSET\u00c9 DES ARCHIVES NATIONALES D\u2019OUTRE-MER (FRANCE). FR CAOM COL C11A 2 FOL. 263-269.<\/figcaption><\/figure>\n\n\n\n<h2 class=\"wp-block-heading\">Les clans des Haudenosaunee (Haudenosaunis) : Les clans de la Nation mohawk<\/h2>\n\n\n\n<p>Les Haudenosaunee comprennent six nations diff\u00e9rentes : Mohawk, Oneida, Onondaga, Cayuga, S\u00e9n\u00e9ca et Tuscarora. Chaque nation poss\u00e8de un ensemble distinct de clans. La Nation mohawk compte trois clans : Tortue, Ours et Loup. Chaque clan repr\u00e9sente un ensemble de familles avec des titres de noblesse d\u00e9tenus par les Iotiianeshon, ou m\u00e8res du clan, qui elles s\u00e9lectionnent les dirigeants de la nation.<\/p>\n\n\n\n<p class=\"scale-mark\"><mark style=\"background-color:rgba(0, 0, 0, 0);color:#000000\" class=\"has-inline-color\">L\u2019origine de ces clans :<\/mark> L\u2019histoire d\u2019un clan des Haudenosaunee veut que lorsque les pertes de vies humaines ont \u00e9t\u00e9 en hausse, les c\u00e9r\u00e9monies de deuil ont occup\u00e9 toute l\u2019attention de la population. Les c\u00e9r\u00e9monies pour marquer leur gratitude diminu\u00e8rent. Les anciens se r\u00e9unirent pour discuter de ce qui pouvait \u00eatre fait et invit\u00e8rent tous les gens \u00e0 partager leurs id\u00e9es. Un homme dans la foule proposa une id\u00e9e bas\u00e9e sur l\u2019observation de la nature en cr\u00e9ant des ensembles de clans qui se soutiendraient les uns les autres. Ces clans situ\u00e9s de part et d\u2019autre de la m\u00eame rivi\u00e8re seraient li\u00e9s comme des s\u0153urs, et les clans situ\u00e9s de part et d\u2019autre de ladite rivi\u00e8re seraient li\u00e9s comme des cousins. Ce r\u00e9seau social complexe a permis un soutien mutuel dans les moments difficiles. Les clans sont toujours associ\u00e9s \u00e0 l\u2019identit\u00e9 de la Nation Mohawk.<\/p>\n\n\n\n<p><strong>Rotiskare\u0301wake<\/strong> \u2013 Ils et elles font partie du clan de l\u2019Ours<\/p>\n\n\n\n<p><strong>Rotinia\u0301hton<\/strong> \u2013 Ils et elles font partie du clan de la Tortue<\/p>\n\n\n\n<p><strong>Ronathahio\u0301n:ni<\/strong> Ils et elles font partie du clan du Loup<\/p>\n<\/div><\/div>\n\n\n\n<div class=\"wp-block-cwb-layout-block p-0 my-0\" style=\"background:#4e0808;margin:0px;padding:0px;width:100%\"><div class=\"\">\n<div class=\"wp-block-cwb-layout-block p-0 my-0 text-white bg-cover px-3 py-4\" style=\"background:url(https:\/\/miskoaki.com\/wp-content\/uploads\/2023\/06\/MiskoAki-bg-red-flower.jpg);margin:0px;padding:0px;width:100%\"><div class=\"container\">\n<div class=\"wp-block-cwb-content-wrap w-100 d-flex m-0 bg-cover align-items-center\" style=\"background:\"><div class=\"w-100 py-5\">\n<div class=\"wp-block-columns my-0 row text-center text-md-left is-layout-flex wp-container-core-columns-is-layout-9d6595d7 wp-block-columns-is-layout-flex\">\n<div class=\"wp-block-column align-items-center d-md-flex col col-12 col-md-5 col-lg-phi_sm px-0 pl-lg-0 pb-3 pb-lg-0 is-layout-flow wp-block-column-is-layout-flow\">\n<figure class=\"wp-block-image size-full is-resized mx-auto mb-0 pr-sm-3 pr-md-0 max-w-400 d-inline-block\"><img loading=\"lazy\" decoding=\"async\" width=\"2020\" height=\"1215\" src=\"https:\/\/miskoaki.com\/wp-content\/uploads\/2023\/03\/exhibit-photo-bark-canoe.jpg\" alt=\"\" class=\"wp-image-5897\" style=\"width:401px;height:241px\" srcset=\"https:\/\/miskoaki.com\/wp-content\/uploads\/2023\/03\/exhibit-photo-bark-canoe.jpg 2020w, https:\/\/miskoaki.com\/wp-content\/uploads\/2023\/03\/exhibit-photo-bark-canoe-300x180.jpg 300w, https:\/\/miskoaki.com\/wp-content\/uploads\/2023\/03\/exhibit-photo-bark-canoe-1024x616.jpg 1024w, https:\/\/miskoaki.com\/wp-content\/uploads\/2023\/03\/exhibit-photo-bark-canoe-760x457.jpg 760w, https:\/\/miskoaki.com\/wp-content\/uploads\/2023\/03\/exhibit-photo-bark-canoe-18x12.jpg 18w\" sizes=\"auto, (max-width: 2020px) 100vw, 2020px\" \/><\/figure>\n<\/div>\n\n\n\n<div class=\"wp-block-column pl-md-5  col col-12 col-md-7 col-lg-phi_lg is-layout-flow wp-block-column-is-layout-flow\">\n<h2 class=\"wp-block-heading h1 max-w-16em mx-auto\">Pr\u00eats \u00e0 vivre l\u2019exp\u00e9rience de <mark style=\"background-color:rgba(0, 0, 0, 0)\" class=\"has-inline-color has-secondary-l-1-color\">Misko-Aki<\/mark> en personne?<\/h2>\n\n\n\n<p>Visitez le Muskoka Discovery Centre pour visiter l\u2019exposition Misko-Aki, de m\u00eame que pour conna\u00eetre nos nombreuses autres expositions, programmes et activit\u00e9s immersives.<\/p>\n\n\n\n<a type=\"button\" role=\"button\" tabindex=\"0\" href=\"https:\/\/realmuskoka.com\/discovery-centre\/admission-hours\/\" target=\"_blank\" rel=\"noopener\" aria-label=\"External Link\" class=\"clickable text-center wp-block-cwb-button cursor-pointer mb-0 mt-4 external-link btn btn-secondary btn-lg btn-hover-scale btn text-center btn-\">Acheter des billets<\/a>\n<\/div>\n<\/div>\n<\/div><\/div>\n<\/div><\/div>\n<\/div><\/div>","protected":false},"excerpt":{"rendered":"<p>Les peuples autochtones s\u2019habituent \u00e0 leurs lieux ancestraux. Au fil des g\u00e9n\u00e9rations, une culture devient intimement li\u00e9e \u00e0 l\u2019esprit d\u2019un lieu.<\/p>","protected":false},"author":1,"featured_media":5115,"parent":4748,"menu_order":0,"comment_status":"closed","ping_status":"closed","template":"p-gutenberg-page.php","meta":{"_acf_changed":false,"footnotes":""},"class_list":["post-5108","page","type-page","status-publish","has-post-thumbnail","hentry"],"acf":[],"_links":{"self":[{"href":"https:\/\/miskoaki.com\/fr\/wp-json\/wp\/v2\/pages\/5108","targetHints":{"allow":["GET"]}}],"collection":[{"href":"https:\/\/miskoaki.com\/fr\/wp-json\/wp\/v2\/pages"}],"about":[{"href":"https:\/\/miskoaki.com\/fr\/wp-json\/wp\/v2\/types\/page"}],"author":[{"embeddable":true,"href":"https:\/\/miskoaki.com\/fr\/wp-json\/wp\/v2\/users\/1"}],"replies":[{"embeddable":true,"href":"https:\/\/miskoaki.com\/fr\/wp-json\/wp\/v2\/comments?post=5108"}],"version-history":[{"count":5,"href":"https:\/\/miskoaki.com\/fr\/wp-json\/wp\/v2\/pages\/5108\/revisions"}],"predecessor-version":[{"id":6226,"href":"https:\/\/miskoaki.com\/fr\/wp-json\/wp\/v2\/pages\/5108\/revisions\/6226"}],"up":[{"embeddable":true,"href":"https:\/\/miskoaki.com\/fr\/wp-json\/wp\/v2\/pages\/4748"}],"wp:featuredmedia":[{"embeddable":true,"href":"https:\/\/miskoaki.com\/fr\/wp-json\/wp\/v2\/media\/5115"}],"wp:attachment":[{"href":"https:\/\/miskoaki.com\/fr\/wp-json\/wp\/v2\/media?parent=5108"}],"curies":[{"name":"wp","href":"https:\/\/api.w.org\/{rel}","templated":true}]}}