{"id":5107,"date":"2023-05-16T18:14:10","date_gmt":"2023-05-16T18:14:10","guid":{"rendered":"https:\/\/misko-aki.clickwurx.com\/?page_id=5107"},"modified":"2023-11-20T16:00:37","modified_gmt":"2023-11-20T16:00:37","slug":"the-great-dish","status":"publish","type":"page","link":"https:\/\/miskoaki.com\/fr\/welcome-orientation\/the-great-dish\/","title":{"rendered":"Le \u00ab Plat avec une cuill\u00e8re \u00bb"},"content":{"rendered":"<div class=\"wp-block-cwb-layout-block p-0 my-0 text-white pt-4 border-bottom b-white-25 sticky-buffer-here\" style=\"background:rgba(0,0,0,1);margin:0px;padding:0px;width:100%\"><div class=\"container\">\n<div class=\"wp-block-cwb-content-wrap w-100 d-flex m-0 bg-cover py-4\" style=\"background:\"><div class=\"w-100\">\n<figure class=\"wp-block-image size-full\"><img loading=\"lazy\" decoding=\"async\" width=\"1675\" height=\"601\" src=\"https:\/\/miskoaki.com\/wp-content\/uploads\/2023\/09\/Birchbark-gathering-tray-and-ladle.jpg\" alt=\"Birchbark gathering tray and ladle\" class=\"wp-image-5873\" srcset=\"https:\/\/miskoaki.com\/wp-content\/uploads\/2023\/09\/Birchbark-gathering-tray-and-ladle.jpg 1675w, https:\/\/miskoaki.com\/wp-content\/uploads\/2023\/09\/Birchbark-gathering-tray-and-ladle-300x108.jpg 300w, https:\/\/miskoaki.com\/wp-content\/uploads\/2023\/09\/Birchbark-gathering-tray-and-ladle-1024x367.jpg 1024w, https:\/\/miskoaki.com\/wp-content\/uploads\/2023\/09\/Birchbark-gathering-tray-and-ladle-760x273.jpg 760w, https:\/\/miskoaki.com\/wp-content\/uploads\/2023\/09\/Birchbark-gathering-tray-and-ladle-18x6.jpg 18w\" sizes=\"auto, (max-width: 1675px) 100vw, 1675px\" \/><\/figure>\n<\/div><\/div>\n<\/div><\/div>\n\n\n\n<div class=\"wp-block-cwb-layout-block p-0 my-0 text-white\" style=\"background:rgba(0,0,0,1);margin:0px;padding:0px;width:100%\"><div class=\"container\">\n<div class=\"wp-block-cwb-content-wrap w-100 d-flex m-0 bg-cover py-4\" style=\"background:\"><div class=\"w-100\">\n<p class=\"f-Lato content-caption-alt\"><strong>Plateau et louche en \u00e9corce de bouleau, <\/strong>2022. Chuck Commanda (Algonquin, Premi\u00e8re Nation de Kitigan Zibi Anishinabeg). Le Plat avec une cuill\u00e8re est une m\u00e9taphore sur l\u2019abondance de nourriture et de produits m\u00e9dicinaux offerts dans la nature et dont tout le monde peut b\u00e9n\u00e9ficier, \u00e0 la condition de faire preuve de respect et de ne rien gaspiller. Une cuill\u00e8re arrondie est utilis\u00e9e pour se nourrir dans le Plat afin que personne ne se blesse accidentellement avec celle-ci en le faisant. La cuill\u00e8re repr\u00e9sente la tradition de partage entre les peuples autochtones.&nbsp;<\/p>\n<\/div><\/div>\n<\/div><\/div>\n\n\n\n<div class=\"wp-block-cwb-layout-block p-0 my-0 py-5\" style=\"background:;margin:0px;padding:0px;width:100%\"><div class=\"container\">\n<h1 class=\"wp-block-heading\" id=\"The-Great-Dish\">Le \u00ab Plat avec une cuill\u00e8re \u00bb&nbsp;<\/h1>\n\n\n\n<p class=\"scale-mark\"><mark style=\"background-color:rgba(0, 0, 0, 0);color:#000000\" class=\"has-inline-color\">Les cultures Huronne-Wendat, Anichinab\u00e9e, M\u00e9tisse et Mohawk<\/mark> sont vari\u00e9es. Les Hurons-Wendats et les Mohawks parlent des langues iroquoiennes. Les Anichinab\u00e9s parlent des langues algonquiennes. Les M\u00e9tis ont cr\u00e9\u00e9 leur propre langue, appel\u00e9e <em>Michif<\/em> par plusieurs. Quelle que soit la langue parl\u00e9e, une m\u00e9taphore commune est celle du Plat qui repr\u00e9sente le partage de l\u2019abondance des aliments et des rem\u00e8des dans la nature. Un trait\u00e9 a \u00e9t\u00e9 conclu entre les nations autochtones du sud de l\u2019Ontario et du nord de l\u2019\u00c9tat de New York afin de partager les richesses de cette terre. Il a \u00e9t\u00e9 convenu que ces bandes ne se battraient pas pour ce territoire ou ses ressources naturelles, mais qu\u2019elles tireraient toutes un b\u00e9n\u00e9fice commun de ce que le Plat leur donnait.\u00a0<\/p>\n\n\n\n<p>Cette entente pr\u00e9voit que chacun et chacune prend la terre (le Plat) avec une seule cuill\u00e8re qui n\u2019a pas d\u2019ar\u00eates coupantes afin que personne ne se blesse en partageant ces ressources.&nbsp;<\/p>\n\n\n\n<p><strong>Dans le cadre du Trait\u00e9 du Plat \u00e0 une cuill\u00e8re, les peuples se sont mis d\u2019accord sur des r\u00e8gles communes :&nbsp;<\/strong><\/p>\n\n\n\n<ul class=\"wp-block-list\">\n<li>Ne prenez que ce dont vous avez besoin ;<\/li>\n\n\n\n<li>Ne gaspillez pas ce qu\u2019il offre ;<\/li>\n\n\n\n<li>Il faut partager ce qui se trouve dans le Plat avec tout le monde et <\/li>\n\n\n\n<li>Gardez le Plat propre.<\/li>\n<\/ul>\n<\/div><\/div>\n\n\n\n<div class=\"wp-block-cwb-layout-block p-0 my-0 py-5\" style=\"background:#4e0808;margin:0px;padding:0px;width:100%\"><div class=\"container\">\n<div class=\"wp-block-cwb-content-wrap w-100 d-flex m-0 bg-cover text-white\" style=\"background:\"><div class=\"w-100\">\n<h2 class=\"wp-block-heading h1\" id=\"Message-of-Wampum\">Message du Wampum&nbsp;<\/h2>\n\n\n\n<p>Ces cultures r\u00e9gionales partagent une croyance commune dans le pouvoir des minuscules perles tubulaires faites de coquillages qui transmettent des enseignements importants et confirment la validit\u00e9 des r\u00e8gles d\u2019un trait\u00e9 conclu. Ces perles, appel\u00e9es wampums, sont tiss\u00e9es en grandes nattes, en cordes ou en \u00ab\u2009ceintures\u2009\u00bb pour rappeler des \u00e9v\u00e9nements ou des enseignements essentiels sur nos liens avec cet espace et les uns avec les autres. Pour les Haudenosaunee, cette ceinture symbolisait le Plat d\u2019o\u00f9 nous tirons notre nourriture et nos rem\u00e8des.<\/p>\n<\/div><\/div>\n\n\n\n<div class=\"wp-block-cwb-content-wrap w-100 d-flex m-0 bg-cover\" style=\"background:\"><div class=\"w-100\"><\/div><\/div>\n<\/div><\/div>\n\n\n\n<div class=\"wp-block-cwb-layout-block p-0 my-0 text-white pt-4 border-bottom b-white-25\" style=\"background:rgba(0,0,0,1);margin:0px;padding:0px;width:100%\"><div class=\"container\">\n<div class=\"wp-block-cwb-content-wrap w-100 d-flex m-0 bg-cover py-4\" style=\"background:\"><div class=\"w-100\">\n<figure class=\"wp-block-image size-full\"><img loading=\"lazy\" decoding=\"async\" width=\"1753\" height=\"228\" src=\"https:\/\/miskoaki.com\/wp-content\/uploads\/2023\/09\/Great-Dish-Wampum-Belt.jpg\" alt=\"Great Dish Wampum Belt\" class=\"wp-image-5872\" srcset=\"https:\/\/miskoaki.com\/wp-content\/uploads\/2023\/09\/Great-Dish-Wampum-Belt.jpg 1753w, https:\/\/miskoaki.com\/wp-content\/uploads\/2023\/09\/Great-Dish-Wampum-Belt-300x39.jpg 300w, https:\/\/miskoaki.com\/wp-content\/uploads\/2023\/09\/Great-Dish-Wampum-Belt-1024x133.jpg 1024w, https:\/\/miskoaki.com\/wp-content\/uploads\/2023\/09\/Great-Dish-Wampum-Belt-760x99.jpg 760w, https:\/\/miskoaki.com\/wp-content\/uploads\/2023\/09\/Great-Dish-Wampum-Belt-18x2.jpg 18w\" sizes=\"auto, (max-width: 1753px) 100vw, 1753px\" \/><\/figure>\n<\/div><\/div>\n<\/div><\/div>\n\n\n\n<div class=\"wp-block-cwb-layout-block p-0 my-0 text-white\" style=\"background:rgba(0,0,0,1);margin:0px;padding:0px;width:100%\"><div class=\"container\">\n<div class=\"wp-block-cwb-content-wrap w-100 d-flex m-0 bg-cover py-4\" style=\"background:\"><div class=\"w-100\">\n<p class=\"f-Lato content-caption-alt\"><strong>Ceinture wampum du Plat \u00e0 une cuill\u00e8re<\/strong> (une r\u00e9plique), 2002. Gayadowehs LuAnn Hill-MacDonald (Mohawk, Six Nations de la rivi\u00e8re Grand). Le dessin \u00e9pur\u00e9 de cette ceinture wampum repr\u00e9sente un concept lourd de sens : tous les peuples ont le m\u00eame droit de se nourrir et de gu\u00e9rir \u00e0 l\u2019aide de la terre, con\u00e7ue comme un plat, qui est le symbole au centre de cette ceinture wampum. Au milieu, une queue de castor repr\u00e9sente la nourriture que devaient partager les Wendat, les Anishinab\u00e9s et les Haudenosaunee. Cette ceinture wampum est une r\u00e9plique de la ceinture utilis\u00e9e pour confirmer l\u2019existence d\u2019un trait\u00e9.<\/p>\n<\/div><\/div>\n<\/div><\/div>\n\n\n\n<div class=\"wp-block-cwb-layout-block p-0 my-0 py-5\" style=\"background:;margin:0px;padding:0px;width:100%\"><div class=\"container\">\n<div class=\"wp-block-columns is-not-stacked-on-mobile row is-layout-flex wp-container-core-columns-is-layout-9d6595d7 wp-block-columns-is-layout-flex\">\n<div class=\"wp-block-column pr-md-5 col col-12 col-sm-3 col-md-4 col-lg-3 is-layout-flow wp-block-column-is-layout-flow\">\n<figure class=\"wp-block-image size-full is-resized d-inline-block circle-crop border-primary b-solid border-7 is-style-default\"><img loading=\"lazy\" decoding=\"async\" width=\"1504\" height=\"1504\" src=\"https:\/\/miskoaki.com\/wp-content\/uploads\/2023\/09\/MiskoAki-Portraits-LuAnn-T.jpg\" alt=\"Gayadowehs LuAnn Hill-MacDonald\" class=\"wp-image-5870\" style=\"aspect-ratio:1;object-fit:cover;width:221px;height:undefinedpx\" srcset=\"https:\/\/miskoaki.com\/wp-content\/uploads\/2023\/09\/MiskoAki-Portraits-LuAnn-T.jpg 1504w, https:\/\/miskoaki.com\/wp-content\/uploads\/2023\/09\/MiskoAki-Portraits-LuAnn-T-300x300.jpg 300w, https:\/\/miskoaki.com\/wp-content\/uploads\/2023\/09\/MiskoAki-Portraits-LuAnn-T-1024x1024.jpg 1024w, https:\/\/miskoaki.com\/wp-content\/uploads\/2023\/09\/MiskoAki-Portraits-LuAnn-T-150x150.jpg 150w, https:\/\/miskoaki.com\/wp-content\/uploads\/2023\/09\/MiskoAki-Portraits-LuAnn-T-760x760.jpg 760w, https:\/\/miskoaki.com\/wp-content\/uploads\/2023\/09\/MiskoAki-Portraits-LuAnn-T-12x12.jpg 12w\" sizes=\"auto, (max-width: 1504px) 100vw, 1504px\" \/><\/figure>\n<\/div>\n\n\n\n<div class=\"wp-block-column col col-12 col-sm-9 col-md-8 col-lg-9 is-layout-flow wp-block-column-is-layout-flow\">\n<h2 class=\"wp-block-heading\"><em>Gayadowehs<\/em> LuAnn Hill-MacDonald a fabriqu\u00e9 la ceinture wampum pr\u00e9sent\u00e9e ici.&nbsp;<\/h2>\n\n\n\n<p><em>Gayadowehs<\/em> LuAnn Hill-MacDonald est une Mohawk du clan de l\u2019Ours des Six Nations du territoire de la rivi\u00e8re Grand. Elle est avec fiert\u00e9 m\u00e8re de deux merveilleux fils et Tot\u00e1h d\u2019un petit-fils. <em>Gayadowehs<\/em>&nbsp; a \u00e9t\u00e9 inspir\u00e9e pour commencer \u00e0 utiliser la technique des gr\u00e8netis sur un m\u00e9tier \u00e0 tisser apr\u00e8s avoir vu son grand-p\u00e8re r\u00e9aliser des cr\u00e9ations destin\u00e9es \u00e0 \u00eatre vendues. Son travail sur le m\u00e9tier \u00e0 tisser se concentre sur la cr\u00e9ation de r\u00e9pliques de ceintures wampum afin de sensibiliser le grand public \u00e0 leur importance sur le plan historique.<\/p>\n<\/div>\n<\/div>\n<\/div><\/div>\n\n\n\n<div class=\"wp-block-cwb-layout-block p-0 my-0 text-white px-3\" style=\"background:#4e0808;margin:0px;padding:0px;width:100%\"><div class=\"container\">\n<div class=\"wp-block-cwb-content-wrap w-100 d-flex m-0 bg-cover align-items-center vh-50-min\" style=\"background:\"><div class=\"w-100 py-5\">\n<div class=\"wp-block-columns my-0 row text-center text-md-left is-layout-flex wp-container-core-columns-is-layout-9d6595d7 wp-block-columns-is-layout-flex\">\n<div class=\"wp-block-column align-items-center d-md-flex col col-12 col-md-5 col-lg-4 pl-lg-0 pb-3 pb-lg-0 is-layout-flow wp-block-column-is-layout-flow\">\n<figure class=\"wp-block-image size-large mb-0 pr-sm-3 pr-md-0 max-w-400 d-inline-block\"><img loading=\"lazy\" decoding=\"async\" width=\"1024\" height=\"616\" src=\"https:\/\/miskoaki.com\/wp-content\/uploads\/2023\/03\/exhibit-photo-bark-canoe-1024x616.jpg\" alt=\"\" class=\"wp-image-5897\" srcset=\"https:\/\/miskoaki.com\/wp-content\/uploads\/2023\/03\/exhibit-photo-bark-canoe-1024x616.jpg 1024w, https:\/\/miskoaki.com\/wp-content\/uploads\/2023\/03\/exhibit-photo-bark-canoe-300x180.jpg 300w, https:\/\/miskoaki.com\/wp-content\/uploads\/2023\/03\/exhibit-photo-bark-canoe-760x457.jpg 760w, https:\/\/miskoaki.com\/wp-content\/uploads\/2023\/03\/exhibit-photo-bark-canoe-18x12.jpg 18w, https:\/\/miskoaki.com\/wp-content\/uploads\/2023\/03\/exhibit-photo-bark-canoe.jpg 2020w\" sizes=\"auto, (max-width: 1024px) 100vw, 1024px\" \/><\/figure>\n<\/div>\n\n\n\n<div class=\"wp-block-column pl-md-5 col col-12 col-md-7 col-lg-8 is-layout-flow wp-block-column-is-layout-flow\">\n<h2 class=\"wp-block-heading h1 mt-0 max-w-16em mx-auto ml-md-0\">Pr\u00eats \u00e0 vivre l\u2019exp\u00e9rience de <mark style=\"background-color:rgba(0, 0, 0, 0)\" class=\"has-inline-color has-secondary-color\">Misko-Aki<\/mark> en personne?<\/h2>\n\n\n\n<p class=\"f-sz-21 f-lh-36\">Visitez le Muskoka Discovery Centre pour visiter l\u2019exposition Misko-Aki, de m\u00eame que pour conna\u00eetre nos nombreuses autres expositions, programmes et activit\u00e9s immersives.<\/p>\n\n\n\n<a type=\"button\" role=\"button\" tabindex=\"0\" href=\"https:\/\/realmuskoka.com\/discovery-centre\/admission-hours\/\" target=\"_blank\" rel=\"noopener\" aria-label=\"External Link\" class=\"clickable text-center wp-block-cwb-button cursor-pointer mb-0 mt-4 external-link btn btn-secondary btn-lg btn-hover-scale btn text-center btn-\">Acheter des billets<\/a>\n<\/div>\n<\/div>\n<\/div><\/div>\n<\/div><\/div>","protected":false},"excerpt":{"rendered":"<p>Dans le cadre du trait\u00e9 du \u00ab Plat \u00e0 une cuill\u00e8re \u00bb, les peuples se sont mis d\u2019accord sur des r\u00e8gles communes.<\/p>","protected":false},"author":1,"featured_media":5120,"parent":4748,"menu_order":0,"comment_status":"closed","ping_status":"closed","template":"p-gutenberg-page.php","meta":{"_acf_changed":false,"footnotes":""},"class_list":["post-5107","page","type-page","status-publish","has-post-thumbnail","hentry"],"acf":[],"_links":{"self":[{"href":"https:\/\/miskoaki.com\/fr\/wp-json\/wp\/v2\/pages\/5107","targetHints":{"allow":["GET"]}}],"collection":[{"href":"https:\/\/miskoaki.com\/fr\/wp-json\/wp\/v2\/pages"}],"about":[{"href":"https:\/\/miskoaki.com\/fr\/wp-json\/wp\/v2\/types\/page"}],"author":[{"embeddable":true,"href":"https:\/\/miskoaki.com\/fr\/wp-json\/wp\/v2\/users\/1"}],"replies":[{"embeddable":true,"href":"https:\/\/miskoaki.com\/fr\/wp-json\/wp\/v2\/comments?post=5107"}],"version-history":[{"count":5,"href":"https:\/\/miskoaki.com\/fr\/wp-json\/wp\/v2\/pages\/5107\/revisions"}],"predecessor-version":[{"id":6206,"href":"https:\/\/miskoaki.com\/fr\/wp-json\/wp\/v2\/pages\/5107\/revisions\/6206"}],"up":[{"embeddable":true,"href":"https:\/\/miskoaki.com\/fr\/wp-json\/wp\/v2\/pages\/4748"}],"wp:featuredmedia":[{"embeddable":true,"href":"https:\/\/miskoaki.com\/fr\/wp-json\/wp\/v2\/media\/5120"}],"wp:attachment":[{"href":"https:\/\/miskoaki.com\/fr\/wp-json\/wp\/v2\/media?parent=5107"}],"curies":[{"name":"wp","href":"https:\/\/api.w.org\/{rel}","templated":true}]}}