{"id":5106,"date":"2023-05-16T18:15:51","date_gmt":"2023-05-16T18:15:51","guid":{"rendered":"https:\/\/misko-aki.clickwurx.com\/?page_id=5106"},"modified":"2024-11-18T14:35:41","modified_gmt":"2024-11-18T14:35:41","slug":"the-bark-canoe-a-marvel-of-indigenuity","status":"publish","type":"page","link":"https:\/\/miskoaki.com\/fr\/welcome-orientation\/the-bark-canoe-a-marvel-of-indigenuity\/","title":{"rendered":"Le cano\u00eb d\u2019\u00e9corce : une merveille d'ing\u00e9niosit\u00e9 des autochtones"},"content":{"rendered":"<div class=\"wp-block-cwb-layout-block p-0 my-0 sticky-buffer-here\" style=\"background:;margin:0px;padding:0px;width:100%\"><div class=\"container\"><\/div><\/div>\n\n\n\n<div class=\"wp-block-cwb-layout-block p-0 my-0 bg-cover\" style=\"background:url(https:\/\/miskoaki.com\/wp-content\/uploads\/2023\/06\/group-using-a-birchbark-canoe.jpg);margin:0px;padding:0px;width:100%\" role=\"img\" aria-label=\"A group of youth using a birchbark canoe built at the Georgian Bay Biosphere Canoe Build\"><div class=\"container\">\n<div class=\"wp-block-cwb-content-wrap w-100 d-flex m-0 bg-cover vh-66-min\" style=\"background:\"><div class=\"w-100\"><\/div><\/div>\n<\/div><\/div>\n\n\n\n<div class=\"wp-block-cwb-layout-block p-0 my-0 py-3 border-bottom\" style=\"background:rgba(239,236,219,1);margin:0px;padding:0px;width:100%\"><div class=\"container\">\n<div class=\"wp-block-cwb-content-wrap w-100 d-flex m-0 bg-cover\" style=\"background:\"><div class=\"w-100\">\n<p class=\"f-Lato\">Assemblage d\u2019un cano\u00eb en \u00e9corce de bouleau dans le cadre de l\u2019\u00e9v\u00e9nement <em>Georgian Bay Biosphere Canoe Build<\/em>, 2019. <strong>Cano\u00eb \u00e0 gauche :<\/strong> Gracie Crafts, Lara Zenhenko et Julianna Nanibush. Wiigwaas Jiimaanke.<\/p>\n<\/div><\/div>\n<\/div><\/div>\n\n\n\n<div class=\"wp-block-cwb-layout-block p-0 my-0 py-5\" style=\"background:#162325;margin:0px;padding:0px;width:100%\"><div class=\"container\">\n<div class=\"wp-block-cwb-content-wrap w-100 d-flex m-0 bg-cover text-white\" style=\"background:\"><div class=\"w-100\">\n<h1 class=\"wp-block-heading h1 mt-2\">Le cano\u00eb d\u2019\u00e9corce : une merveille <em><mark style=\"background-color:rgba(0, 0, 0, 0)\" class=\"has-inline-color has-secondary-l-1-color\">d\u2019ing\u00e9niosit\u00e9 des Autochtones<\/mark><\/em><\/h1>\n\n\n\n<p class=\"scale-mark\"><mark style=\"background-color:rgba(0, 0, 0, 0);color:#ffffff\" class=\"has-inline-color\">Les populations autochtones naviguent dans le bassin versant des Grands Lacs depuis<\/mark> des temps imm\u00e9moriaux comme en t\u00e9moigne l\u2019emplacement de leurs \u00e9tablissements le long de plans d\u2019eau anciens et actuels. Bien que les formes pass\u00e9es et leur \u00e9volution de ces embarcations n\u2019aient pas \u00e9t\u00e9 pr\u00e9serv\u00e9es, des outils de travail du bois en pierre, probablement utilis\u00e9s pour la fabrication de pirogues, apparaissent il y a plus de 10 000 ans. L\u2019apog\u00e9e de cette tradition d\u2019architecture navale a \u00e9t\u00e9 le cano\u00eb en \u00e9corce de bouleau, une embarcation rapide, robuste, mais l\u00e9g\u00e8re, qui pouvait \u00eatre facilement transport\u00e9e par voie de terre afin de contourner des obstacles ou passer d\u2019un cours d\u2019eau \u00e0 l\u2019autre. Leur conception \u00e0 base d\u2019un rev\u00eatement sur cadre est toujours populaire aujourd\u2019hui, bien que les canots modernes soient d\u00e9sormais g\u00e9n\u00e9ralement construits \u00e0 l\u2019aide de mat\u00e9riaux synth\u00e9tiques.<\/p>\n\n\n\n<p class=\"scale-mark\">Les pirogues creus\u00e9es dans des arbres \u00e9tant trop lourdes pour le portage et elles \u00e9taient donc construites et utilis\u00e9es \u00e0 proximit\u00e9 de certains cours d\u2019eau. Ces pirogues \u00e9taient immerg\u00e9es dans des eaux peu profondes pendant l\u2019hiver pour les prot\u00e9ger des \u00e9l\u00e9ments. Plusieurs pirogues de ce type ont \u00e9t\u00e9 retrouv\u00e9es dans des lacs de l\u2019Ontario. De telles pirogues ont aussi \u00e9t\u00e9 fabriqu\u00e9es par les colons europ\u00e9ens qui poss\u00e9daient des techniques de construction assez similaire pour ces embarcations.<\/p>\n<\/div><\/div>\n\n\n\n<div class=\"wp-block-cwb-content-wrap w-100 d-flex m-0 bg-cover\" style=\"background:\"><div class=\"w-100\"><\/div><\/div>\n<\/div><\/div>\n\n\n\n<div class=\"wp-block-cwb-layout-block p-0 my-0 py-5 border-bottom\" style=\"background:rgba(239,236,219,1);margin:0px;padding:0px;width:100%\"><div class=\"container\">\n<div class=\"wp-block-cwb-content-wrap w-100 d-flex m-0 bg-cover py-4\" style=\"background:\"><div class=\"w-100\">\n<figure class=\"wp-block-image size-full content-caption\"><img loading=\"lazy\" decoding=\"async\" width=\"2020\" height=\"1092\" src=\"https:\/\/miskoaki.com\/wp-content\/uploads\/2023\/06\/birchbark-canoe-build.jpg\" alt=\"\" class=\"wp-image-5228\" title=\"\" srcset=\"https:\/\/miskoaki.com\/wp-content\/uploads\/2023\/06\/birchbark-canoe-build.jpg 2020w, https:\/\/miskoaki.com\/wp-content\/uploads\/2023\/06\/birchbark-canoe-build-300x162.jpg 300w, https:\/\/miskoaki.com\/wp-content\/uploads\/2023\/06\/birchbark-canoe-build-1024x554.jpg 1024w, https:\/\/miskoaki.com\/wp-content\/uploads\/2023\/06\/birchbark-canoe-build-760x411.jpg 760w\" sizes=\"auto, (max-width: 2020px) 100vw, 2020px\" \/><figcaption class=\"wp-element-caption\"><strong>De gauche \u00e0 droite :<\/strong> Niigaunii Conroy, Taylor Judge, Dawson Bloor, Lara Zenhenko, Dylan Tabobondung, Julianna Nanibush, Gracie Crafts et Rachel Austin. Wiigwaas Jiimaanke (construction d\u2019un cano\u00eb en \u00e9corce de bouleau) lors de l\u2019\u00e9v\u00e9nement <em>Georgian Bay Biosphere Canoe Build, 2019.<\/em> Photo de Delina Rice. GRACIEUSET\u00c9 DE LA GEORGIAN BAY BIOSPHERE RESERVE.<\/figcaption><\/figure>\n\n\n\n<h2 class=\"wp-block-heading h1 mt-2\">Une tradition de commerce sur les plans d\u2019eau<\/h2>\n\n\n\n<p class=\"scale-mark\"> <mark style=\"background-color:rgba(0, 0, 0, 0);color:#000000\" class=\"has-inline-color\">R\u00e9put\u00e9s pour leur faible tirant d\u2019eau et leur capacit\u00e9 de charge,<\/mark> les cano\u00ebs en \u00e9corce de bouleau ont permis d\u2019\u00e9tablir une tradition de d\u00e9placements et de commerce sur des cours d\u2019eau s\u2019\u00e9tendant sur des si\u00e8cles. Une conception modulable permettait de fabriquer des canots d\u2019une ou deux places (de trois \u00e0 cinq m\u00e8tres de long) jusqu\u2019\u00e0 de tr\u00e8s grandes embarcations de 10 \u00e0 12 m\u00e8tres de long capables de transporter de 20 \u00e0 30 pagayeurs. Le <em>canot du ma\u00eetre<\/em>, ou canot de Montr\u00e9al, un canot en \u00e9corce de bouleau de 11 m\u00e8tres de long de conception algonquine \u00e9tait utilis\u00e9 par les voyageurs pour la traite des fourrures. Il pouvait accueillir huit pagayeurs avec leurs \u00e9quipements, une demi-tonne de provisions et trois tonnes de marchandises, soit une charge totale de plus de quatre tonnes.<\/p>\n\n\n\n<figure class=\"wp-block-image size-full content-caption\"><img loading=\"lazy\" decoding=\"async\" width=\"2020\" height=\"1187\" src=\"https:\/\/miskoaki.com\/wp-content\/uploads\/2023\/06\/fishing-from-a-canoe.jpg\" alt=\"\" class=\"wp-image-5230\" title=\"\" srcset=\"https:\/\/miskoaki.com\/wp-content\/uploads\/2023\/06\/fishing-from-a-canoe.jpg 2020w, https:\/\/miskoaki.com\/wp-content\/uploads\/2023\/06\/fishing-from-a-canoe-300x176.jpg 300w, https:\/\/miskoaki.com\/wp-content\/uploads\/2023\/06\/fishing-from-a-canoe-1024x602.jpg 1024w, https:\/\/miskoaki.com\/wp-content\/uploads\/2023\/06\/fishing-from-a-canoe-760x447.jpg 760w\" sizes=\"auto, (max-width: 2020px) 100vw, 2020px\" \/><figcaption class=\"wp-element-caption\">P\u00eache faite \u00e0 partir d\u2019un cano\u00eb. GRACIEUSET\u00c9 DE RAMA FIRST NATION HISTORICAL ARCHIVES.<\/figcaption><\/figure>\n\n\n\n<p class=\"scale-mark\"><mark style=\"background-color:rgba(0, 0, 0, 0)\" class=\"has-inline-color has-tertiary-d-2-color\">La sup\u00e9riorit\u00e9 du cano\u00eb<\/mark> d\u2019\u00e9corce par rapport aux embarcations en planches a \u00e9t\u00e9 remarqu\u00e9e par leurs admirateurs europ\u00e9ens d\u00e8s le d\u00e9but des ann\u00e9es 1600, notamment Samuel de Champlain. Celui-ci a beaucoup voyag\u00e9 en cano\u00eb et a reconnu qu\u2019il s\u2019agissait d\u2019un v\u00e9hicule essentiel pour les d\u00e9placements et le commerce dans l\u2019arri\u00e8re-pays. Au d\u00e9but des ann\u00e9es 1700, les Fran\u00e7ais employaient des Autochtones pour construire chaque ann\u00e9e 20 grands cano\u00ebs dans une fabrique situ\u00e9e sur le fleuve Saint-Laurent \u00e0 Trois-Rivi\u00e8res.<\/p>\n\n\n\n<figure class=\"wp-block-image size-full content-caption\"><img loading=\"lazy\" decoding=\"async\" width=\"2020\" height=\"1444\" src=\"https:\/\/miskoaki.com\/wp-content\/uploads\/2023\/06\/Two-people-with-a-canoe-on-shore.jpg\" alt=\"\" class=\"wp-image-5229\" title=\"\" srcset=\"https:\/\/miskoaki.com\/wp-content\/uploads\/2023\/06\/Two-people-with-a-canoe-on-shore.jpg 2020w, https:\/\/miskoaki.com\/wp-content\/uploads\/2023\/06\/Two-people-with-a-canoe-on-shore-300x214.jpg 300w, https:\/\/miskoaki.com\/wp-content\/uploads\/2023\/06\/Two-people-with-a-canoe-on-shore-1024x732.jpg 1024w, https:\/\/miskoaki.com\/wp-content\/uploads\/2023\/06\/Two-people-with-a-canoe-on-shore-760x543.jpg 760w\" sizes=\"auto, (max-width: 2020px) 100vw, 2020px\" \/><figcaption class=\"wp-element-caption\">Deux personnes pr\u00e8s d\u2019un cano\u00eb sur la berge. GRACIEUSET\u00c9 DE RAMA FIRST NATION HISTORICAL ARCHIVES.<\/figcaption><\/figure>\n\n\n\n<h2 class=\"wp-block-heading h1 mt-2\">Les outils des fabricants de cano\u00ebs<\/h2>\n\n\n\n<p class=\"scale-mark\"><mark style=\"background-color:rgba(0, 0, 0, 0);color:#000000\" class=\"has-inline-color\">Des outils en pierre pour<\/mark> le travail du bois robustes taill\u00e9s apparaissent pour la premi\u00e8re fois dans le sud de l\u2019Ontario il y a plus de 10 000 ans. Des outils tels que des haches et des hachettes \u00e9taient n\u00e9cessaires pour couper et tailler les poteaux destin\u00e9s \u00e0 la construction d\u2019habitations, d\u2019armes de chasse et de fascines. Ils servaient de plus \u00e0 d\u00e9couper l\u2019\u00e9corce pour le rev\u00eatement des maisons et pour la vannerie et l\u2019assemblage des cano\u00ebs. Des gouges et des herminettes (des hachettes) \u00e9taient utiles pour la fabrication des pirogues, tandis que les ciseaux et les coins facilitaient les travaux de menuiserie plus pr\u00e9cis. Une des activit\u00e9s de fabrication les plus complexes \u00e9tait la construction du cano\u00eb en \u00e9corce qui n\u00e9cessitait un outillage sophistiqu\u00e9 pour fabriquer ses nombreux \u00e9l\u00e9ments et les assembler.<\/p>\n\n\n\n<p>L\u2019\u00e9corce de bouleau, id\u00e9alement r\u00e9colt\u00e9e au printemps ou \u00e0 l\u2019automne, \u00e9tait pr\u00e9f\u00e9r\u00e9e pour les cano\u00ebs en raison de son \u00e9lasticit\u00e9 lorsqu\u2019elle \u00e9tait verte, de l\u2019absence g\u00e9n\u00e9rale de d\u00e9fauts et du grain qui faisait le tour de l\u2019arbre. Les feuilles d\u2019\u00e9corce \u00e9taient cousues ensemble avec des racines d\u2019\u00e9pinette noire. Le c\u00e8dre blanc \u00e9tait pr\u00e9f\u00e9r\u00e9 pour la charpente. La gomme d\u2019\u00e9pic\u00e9a fondue et m\u00e9lang\u00e9e \u00e0 de la graisse pour conserver sa souplesse \u00e9tait utilis\u00e9e pour imperm\u00e9abiliser les coutures.<\/p>\n\n\n\n<hr class=\"wp-block-separator has-alpha-channel-opacity w-100\"\/>\n\n\n\n<div class=\"wp-block-cwb-content-wrap w-100 d-flex m-0 bg-cover\" style=\"color:#f16122;background:rgba(0,0,0,1)\"><div class=\"w-100\">\n<div class=\"wp-block-columns b-white-50 border-bottom-solid mt-0 p-3 is-layout-flex wp-container-core-columns-is-layout-9d6595d7 wp-block-columns-is-layout-flex\">\n<div class=\"wp-block-column is-layout-flow wp-block-column-is-layout-flow\" style=\"flex-basis:66.66%\">\n<h2 class=\"wp-block-heading h1 mt-2\">OBJETS DE LA GALERIE<\/h2>\n<\/div>\n\n\n\n<div class=\"wp-block-column  d-flex align-items-center justify-content-end is-layout-flow wp-block-column-is-layout-flow\" style=\"flex-basis:33.33%\">\n<div class=\"d-inline-block\"><button type=\"button\" role=\"button\" tabindex=\"0\" data-toggle=\"modal\" data-modal-size=\"fs\" data-modal-heading=\"Objects Gallery\/\/f-black \" aria-haspopup=\"true\" aria-expanded=\"false\" aria-controls=\"#image-slider-997274\" data-target=\"#image-slider-997274\" data-id=\"1\" class=\"clickable text-center cursor-pointer gallery-slider-modal-trigger btn btn-alt-lite btn-hover-scale btn text-center btn-\">Lancer la pr\u00e9sentation de diapositives<\/button><div class=\"modal\" id=\"image-slider-997274\" role=\"dialog\" aria-modal=\"true\"><div class=\"modal-dialogue modal-fs h-100 d-flex flex-column justify-content-center my-0 mx-auto py-3\"><div class=\"modal-content  form-shadow-wrap\"><div class=\"modal-header p-0\"><div class=\"container\"><div class=\"row\"><div class=\"col d-flex align-items-center\"><h2 class=\"h4\"><span class=\"f-black\">OBJETS DE LA GALERIE<\/span><\/h2><\/div><div class=\"col d-flex align-items-center max-w-100  justify-content-end\"><button class=\"close py-3 b-l-grey-25 icon--close\" type=\"button\" data-dismiss=\"modal\" aria-label=\"close-popup\"><\/button><\/div><\/div><\/div><\/div><div class=\"responsive-scrolling-modal-content\"><div class=\"modal-body p-3\"><div class=\"slider hero-slider\" data-control-key=\"hero-slider\" data-control-index=\"997274\"><div class=\"slides-wrap mb-0\"><div class=\"slides\"><div class=\"slider-arrows d-flex flex-column align-items-center w-100\" style=\"z-index:1\"><div class=\"\"><\/div><div class=\"d-flex align-items-center w-100\" style=\"height:100%\"><div class=\"slider-arrows-inner d-block w-100\" style=\"height:auto\"><div class=\"slide-prev slider-arrow\" tabindex=\"0\" aria-label=\"View Previous Slide\" role=\"button\"><\/div><div class=\"slide-next slider-arrow\" tabindex=\"0\" aria-label=\"View Next Slide\" role=\"button\"><\/div><\/div><\/div><\/div><div class=\"fade-wrapper\" role=\"list\"><div class=\"slide cw-lazy-load text-unset show\" data-id=\"1\"><img alt=\"\" data-src=\"https:\/\/miskoaki.com\/wp-content\/uploads\/2023\/06\/MiskoAki-markzelinski-exhibit-canoe.jpg\"\/><p class=\"image-caption\">Mod\u00e8le du canot de Montr\u00e9al et de son chargement, 2022. Dan Charbonneau. Ce mod\u00e8le r\u00e9duit d\u2019un canot de Montr\u00e9al montre ce que l\u2019on pouvait mettre dans cette fragile embarcation : neuf pagaies, quatre petits coffrets de bois, quatre grands coffres, un petit coffre, une caisse de transport d\u2019armes \u00e0 feu, quatre petits barils, quatre barils de format standard, quatre sacs de couchage, une b\u00e2che, une marmite, trois po\u00eales \u00e0 frire, quatre sacs de nourriture, une courroie de portage, un rouleau d\u2019\u00e9corces de bouleau, un paquet de racines d\u2019\u00e9pinette, une hache, deux seaux \u00e0 goudron, un fusil \u00e0 silex, deux rouleaux de corde, une bo\u00eete et un tonneau attach\u00e9s avec une courroie, deux ballots de fourrures et un tonneau attach\u00e9s avec une courroie de portage et 18 ballots de fourrures. 022.21<\/p><\/div><div class=\"slide cw-lazy-load text-unset\" data-id=\"2\"><img alt=\"\" data-src=\"https:\/\/miskoaki.com\/wp-content\/uploads\/2023\/09\/Crooked-knife.jpg\"\/><p class=\"image-caption\">Couteau croche - Le couteau croche, qui porte \u00e9galement le nom cri <em>mocotaugan<\/em>, est un outil polyvalent utilis\u00e9 par les artisans du bois autochtones pour diverses t\u00e2ches. Con\u00e7u pour \u00eatre tenu en position verticale, la poign\u00e9e pointant vers le haut et stabilis\u00e9e par la pression du pouce, la lame est tir\u00e9e vers l\u2019utilisateur comme pour une plane \u00e0 un manche. Ce nom fait r\u00e9f\u00e9rence \u00e0 l\u2019angle obtus entre le manche et la lame, qui peut approcher les 45 degr\u00e9s. La pointe \u00e9mouss\u00e9e et courb\u00e9e peut \u00eatre utilis\u00e9e comme gouge et \u00e9vite les blessures en cas de glissement de la lame. Dans la fabrication des cano\u00ebs d\u2019\u00e9corce, le couteau croche est utile pour le planage des membrures, des si\u00e8ges, des plats-bords et d\u2019autres \u00e9l\u00e9ments de l\u2019armature. Ce sp\u00e9cimen a \u00e9t\u00e9, comme beaucoup de couteaux croches, tr\u00e8s utilis\u00e9 et il pr\u00e9sente des traces de r\u00e9paration et de r\u00e9aff\u00fbtage. Don de Robert MacDonald. 023.15<\/p><\/div><div class=\"slide cw-lazy-load text-unset\" data-id=\"3\"><img alt=\"\" data-src=\"https:\/\/miskoaki.com\/wp-content\/uploads\/2023\/09\/Algonquin-birchbark-canoe-model.jpg\"\/><p class=\"image-caption\">Mod\u00e8le de cano\u00eb algonquin en \u00e9corce, 2022. Chuck Commanda (Algonquin, Premi\u00e8re Nation Kitigan Zibi Anishinabeg). 022.4<\/p><\/div><div class=\"slide cw-lazy-load text-unset\" data-id=\"4\"><img alt=\"\" data-src=\"https:\/\/miskoaki.com\/wp-content\/uploads\/2023\/06\/Huron-Wendat-style-snowshoes.jpg\"\/><p class=\"image-caption\">Raquettes de style huron-wendat, vers 2022. Fr\u00eane blanc des Appalaches, cuir brut. 023.20. Les raquettes auraient \u00e9t\u00e9 un outil essentiel pour les d\u00e9placements en hiver dans la r\u00e9gion de Muskoka, qui se trouve dans une des zones dites de la \u00ab Snow Belt \u00bb du sud de l\u2019Ontario. Les pr\u00e9cipitations dues \u00e0 un effet de lac et aux vents du lac Huron, d\u00e9posent des chutes de neige annuelles moyennes de pr\u00e8s de trois m\u00e8tres. Tout comme le cano\u00eb d\u2019\u00e9corce, les raquettes offrent une telle simplicit\u00e9 et une telle \u00e9l\u00e9gance fonctionnelle qu\u2019elles ont connu une transition avec des mat\u00e9riaux modernes et tr\u00e8s peu de modifications de leur design. Fabriqu\u00e9es en bois, souvent en fr\u00eane \u00e9tuv\u00e9 et pli\u00e9 afin de former un cadre circulaire, ovale ou en forme de goutte d\u2019eau et avec ou sans croisillons en bois, les raquettes traditionnelles sont toutes dot\u00e9es de cordelettes entrelac\u00e9es faites de cuir brut ou de tendons, nomm\u00e9e \u00ab babiche \u00bb. Les diff\u00e9rentes formes et styles de raquettes aujourd\u2019hui souvent attribu\u00e9s \u00e0 divers groupes autochtones ont probablement \u00e9t\u00e9 cr\u00e9\u00e9s pour faire face aux d\u00e9fis pos\u00e9s par diff\u00e9rents types de terrain, tels que des buissons denses ou des reliefs accident\u00e9s.  \t<\/p><\/div><\/div><\/div><div class=\"slider-nav ez-row   opacity-0 anim-opacity\" role=\"listbox\" aria-label=\"slider\"><div class=\"slider-nav-inner ez-col\"><div class=\"ez-row\"><div class=\"slide-prev slider-arrow ez-col\" tabindex=\"0\" aria-label=\"View Previous Slide\" role=\"button\"><\/div><div class=\"slider-options ez-col\"><div class=\"margin-wrap\"><div class=\"slider-option\" tabindex=\"0\" aria-label=\"View Slide 2\" role=\"button\" data-id=\"1\"><\/div><div class=\"slider-option\" tabindex=\"0\" aria-label=\"View Slide 3\" role=\"button\" data-id=\"2\"><\/div><div class=\"slider-option\" tabindex=\"0\" aria-label=\"View Slide 4\" role=\"button\" data-id=\"3\"><\/div><div class=\"slider-option\" tabindex=\"0\" aria-label=\"View Slide 5\" role=\"button\" data-id=\"4\"><\/div><\/div><\/div><div class=\"slide-next slider-arrow ez-col\" tabindex=\"0\" aria-label=\"View Next Slide\" role=\"button\"><\/div><\/div><\/div><\/div><\/div><\/div><\/div><\/div><\/div><\/div><\/div><\/div>\n<\/div>\n<\/div>\n\n\n\n<figure class=\"wp-block-image size-full\"><img loading=\"lazy\" decoding=\"async\" width=\"2020\" height=\"700\" src=\"https:\/\/miskoaki.com\/wp-content\/uploads\/2023\/06\/MiskoAki-markzelinski-exhibit-canoe.jpg\" alt=\"MiskoAki exhibit bark canoe\" class=\"wp-image-5241\" srcset=\"https:\/\/miskoaki.com\/wp-content\/uploads\/2023\/06\/MiskoAki-markzelinski-exhibit-canoe.jpg 2020w, https:\/\/miskoaki.com\/wp-content\/uploads\/2023\/06\/MiskoAki-markzelinski-exhibit-canoe-300x104.jpg 300w, https:\/\/miskoaki.com\/wp-content\/uploads\/2023\/06\/MiskoAki-markzelinski-exhibit-canoe-1024x355.jpg 1024w, https:\/\/miskoaki.com\/wp-content\/uploads\/2023\/06\/MiskoAki-markzelinski-exhibit-canoe-760x263.jpg 760w\" sizes=\"auto, (max-width: 2020px) 100vw, 2020px\" \/><\/figure>\n<\/div><\/div>\n<\/div><\/div>\n\n\n\n<div class=\"wp-block-columns my-5 is-layout-flex wp-container-core-columns-is-layout-9d6595d7 wp-block-columns-is-layout-flex\">\n<div class=\"wp-block-column px-md-0 is-layout-flow wp-block-column-is-layout-flow\">\n<figure class=\"wp-block-image size-large content-caption-alt mt-md-3 max-w-400 max-w-md-600 ml-md-0\"><img loading=\"lazy\" decoding=\"async\" width=\"1024\" height=\"1024\" src=\"https:\/\/miskoaki.com\/wp-content\/uploads\/2023\/06\/Huron-Wendat-style-snowshoes-1024x1024.jpg\" alt=\"\" class=\"wp-image-5245\" srcset=\"https:\/\/miskoaki.com\/wp-content\/uploads\/2023\/06\/Huron-Wendat-style-snowshoes-1024x1024.jpg 1024w, https:\/\/miskoaki.com\/wp-content\/uploads\/2023\/06\/Huron-Wendat-style-snowshoes-300x300.jpg 300w, https:\/\/miskoaki.com\/wp-content\/uploads\/2023\/06\/Huron-Wendat-style-snowshoes-150x150.jpg 150w, https:\/\/miskoaki.com\/wp-content\/uploads\/2023\/06\/Huron-Wendat-style-snowshoes-760x760.jpg 760w, https:\/\/miskoaki.com\/wp-content\/uploads\/2023\/06\/Huron-Wendat-style-snowshoes.jpg 2020w\" sizes=\"auto, (max-width: 1024px) 100vw, 1024px\" \/><figcaption class=\"wp-element-caption\">Raquettes de style huron-wendat, vers 2022. Fr\u00eane blanc des Appalaches, cuir brut. 023.20<\/figcaption><\/figure>\n<\/div>\n\n\n\n<div class=\"wp-block-column pl-md-5 is-layout-flow wp-block-column-is-layout-flow\">\n<h2 class=\"wp-block-heading h1 mt-2\">Les raquettes<\/h2>\n\n\n\n<p class=\"scale-mark\"><mark style=\"background-color:rgba(0, 0, 0, 0);color:#000000\" class=\"has-inline-color\">Tout comme le cano\u00eb d\u2019\u00e9corce,<\/mark> les raquettes offrent une telle simplicit\u00e9 et une telle \u00e9l\u00e9gance fonctionnelle qu\u2019elles ont connu une transition avec des mat\u00e9riaux modernes et tr\u00e8s peu de modifications de leur design. Fabriqu\u00e9es en bois, souvent en fr\u00eane \u00e9tuv\u00e9 et pli\u00e9 afin de former un cadre circulaire, ovale ou en forme de goutte d\u2019eau et avec ou sans croisillons en bois, les raquettes traditionnelles sont toutes dot\u00e9es de cordelettes entrelac\u00e9es faites de cuir brut ou de tendons, nomm\u00e9e \u00ab babiche \u00bb. Les diff\u00e9rentes formes et styles de raquettes aujourd\u2019hui souvent attribu\u00e9s \u00e0 divers groupes autochtones ont probablement \u00e9t\u00e9 cr\u00e9\u00e9s pour faire face aux d\u00e9fis pos\u00e9s par diff\u00e9rents types de terrain, tels que des buissons denses ou des reliefs accident\u00e9s.<\/p>\n\n\n\n<p>Les raquettes auraient \u00e9t\u00e9 un outil essentiel pour les d\u00e9placements en hiver dans la r\u00e9gion de Muskoka, qui se trouve dans une des zones dites de la \u00ab Snow Belt \u00bb du sud de l\u2019Ontario. Les pr\u00e9cipitations dues \u00e0 un effet de lac et aux vents du lac Huron d\u00e9posent des chutes de neige annuelles moyennes de pr\u00e8s de trois m\u00e8tres.<\/p>\n<\/div>\n<\/div>\n<\/div><\/div>","protected":false},"excerpt":{"rendered":"<p>Indigenous people have been<br \/>\n1,200 km navigating the Great Lakes watershed from earliest times, as demonstrated by the location of their settlements along former and current waterways.<\/p>","protected":false},"author":1,"featured_media":5118,"parent":4748,"menu_order":0,"comment_status":"closed","ping_status":"closed","template":"p-gutenberg-page.php","meta":{"_acf_changed":false,"footnotes":""},"class_list":["post-5106","page","type-page","status-publish","has-post-thumbnail","hentry"],"acf":[],"_links":{"self":[{"href":"https:\/\/miskoaki.com\/fr\/wp-json\/wp\/v2\/pages\/5106","targetHints":{"allow":["GET"]}}],"collection":[{"href":"https:\/\/miskoaki.com\/fr\/wp-json\/wp\/v2\/pages"}],"about":[{"href":"https:\/\/miskoaki.com\/fr\/wp-json\/wp\/v2\/types\/page"}],"author":[{"embeddable":true,"href":"https:\/\/miskoaki.com\/fr\/wp-json\/wp\/v2\/users\/1"}],"replies":[{"embeddable":true,"href":"https:\/\/miskoaki.com\/fr\/wp-json\/wp\/v2\/comments?post=5106"}],"version-history":[{"count":5,"href":"https:\/\/miskoaki.com\/fr\/wp-json\/wp\/v2\/pages\/5106\/revisions"}],"predecessor-version":[{"id":6239,"href":"https:\/\/miskoaki.com\/fr\/wp-json\/wp\/v2\/pages\/5106\/revisions\/6239"}],"up":[{"embeddable":true,"href":"https:\/\/miskoaki.com\/fr\/wp-json\/wp\/v2\/pages\/4748"}],"wp:featuredmedia":[{"embeddable":true,"href":"https:\/\/miskoaki.com\/fr\/wp-json\/wp\/v2\/media\/5118"}],"wp:attachment":[{"href":"https:\/\/miskoaki.com\/fr\/wp-json\/wp\/v2\/media?parent=5106"}],"curies":[{"name":"wp","href":"https:\/\/api.w.org\/{rel}","templated":true}]}}