{"id":5105,"date":"2023-05-16T18:16:39","date_gmt":"2023-05-16T18:16:39","guid":{"rendered":"https:\/\/misko-aki.clickwurx.com\/?page_id=5105"},"modified":"2023-11-20T15:59:53","modified_gmt":"2023-11-20T15:59:53","slug":"confluence-of-cultures","status":"publish","type":"page","link":"https:\/\/miskoaki.com\/fr\/welcome-orientation\/confluence-of-cultures\/","title":{"rendered":"Confluence des cultures"},"content":{"rendered":"<div class=\"wp-block-cwb-layout-block p-0 my-0 sticky-buffer-here\" style=\"background:;margin:0px;padding:0px;width:100%\"><div class=\"container\">\n<div class=\"wp-block-cwb-content-wrap w-100 d-flex m-0 bg-cover\" style=\"background:\"><div class=\"w-100\"><\/div><\/div>\n<\/div><\/div>\n\n\n\n<div class=\"wp-block-cwb-layout-block p-0 my-0\" style=\"background:#162325;margin:0px;padding:0px;width:100%\"><div class=\"\">\n<div class=\"wp-block-cwb-layout-block p-0 my-0 text-white bg-cover py-5  px-3\" style=\"background:url(https:\/\/miskoaki.com\/wp-content\/uploads\/2023\/06\/ma-geo-vector.png);margin:0px;padding:0px;width:100%\"><div class=\"container\">\n<div class=\"wp-block-cwb-content-wrap w-100 d-flex m-0 bg-cover\" style=\"background:\"><div class=\"w-100\">\n<h1 class=\"wp-block-heading h1 mb-3 has-secondary-l-1-color has-text-color\">Confluence <mark style=\"background-color:rgba(0, 0, 0, 0);color:#ffffff\" class=\"has-inline-color\">des cultures<\/mark><\/h1>\n\n\n\n<p class=\"scale-mark\">Tout comme le moyeu d\u2019une grande roue dont les rayons vont dans toutes les directions, les lacs de Muskoka constituaient un carrefour dans un vaste r\u00e9seau de voies navigables s\u2019\u00e9tendant sur les Grands Lacs et au-del\u00e0. Pagayer et faire du portage jusqu\u2019\u00e0 la baie Georgienne permettait de rejoindre Montr\u00e9al et le Saint-Laurent en passant par le lac Nipissing et la vall\u00e9e de l\u2019Outaouais. En pagayant vers l\u2019ouest, vous pouviez vous rendre au lac Sup\u00e9rieur, au lac Michigan ou dans le bassin inf\u00e9rieur des Grands Lacs en passant par le lac Huron. En pagayant vers le sud jusqu\u2019\u00e0 la rivi\u00e8re Severn, vous pouviez rejoindre l\u2019est du lac Ontario en passant par le lac Simcoe et la vall\u00e9e de la Trent. Le lac Simcoe permettait aussi de rejoindre le lac Ontario par les sentiers de portage le long des vall\u00e9es de la Humber, de la Don et de la Rouge.<\/p>\n<\/div><\/div>\n\n\n\n<div class=\"wp-block-cwb-content-wrap w-100 d-flex m-0 bg-cover\" style=\"background:\"><div class=\"w-100\"><\/div><\/div>\n<\/div><\/div>\n<\/div><\/div>\n\n\n\n<div class=\"wp-block-cwb-layout-block p-0 my-0 bg-cover\" style=\"background:url(https:\/\/miskoaki.com\/wp-content\/uploads\/2023\/09\/Map_Graphic_cropped.jpg);margin:0px;padding:0px;width:100%\" role=\"img\" aria-label=\"Misko-Aki Map\"><div class=\"container\">\n<div class=\"wp-block-cwb-content-wrap w-100 d-flex m-0 bg-cover vh-lg-75-min vh-66-min\" style=\"background:\"><div class=\"w-100\"><\/div><\/div>\n<\/div><\/div>\n\n\n\n<div class=\"wp-block-cwb-layout-block p-0 my-0\" style=\"background:#162325;margin:0px;padding:0px;width:100%\"><div class=\"\">\n<div class=\"wp-block-cwb-layout-block p-0 my-0 text-white bg-cover py-5  px-3\" style=\"background:url(https:\/\/miskoaki.com\/wp-content\/uploads\/2023\/06\/ma-geo-vector.png);margin:0px;padding:0px;width:100%\"><div class=\"container\">\n<div class=\"wp-block-cwb-content-wrap w-100 d-flex m-0 bg-cover\" style=\"background:\"><div class=\"w-100\">\n<p class=\"scale-mark\"><mark style=\"background-color:rgba(0, 0, 0, 0);color:#ffffff\" class=\"has-inline-color\">Ces voies navigables et ces sentiers de portage<\/mark> \u00e9taient des art\u00e8res qui reliaient et soutenaient les cultures des Autochtones qui habitaient le bassin hydrographique des Grands Lacs. En plus du transport des biens, tels que les fourrures, des denr\u00e9es alimentaires, des m\u00e9dicaments, des outils ou des articles m\u00e9nagers, ces voies facilitaient la circulation de l\u2019information, des technologies, des savoirs traditionnels, des valeurs et de la sagesse de ces Premi\u00e8res Nations. Les voies navigables plus petites et les sentiers locaux \u00e9taient les capillaires qui distribuaient tous ces \u00e9l\u00e9ments essentiels \u00e0 toutes et tous dans la r\u00e9gion.<\/p>\n<\/div><\/div>\n\n\n\n<div class=\"wp-block-cwb-content-wrap w-100 d-flex m-0 bg-cover\" style=\"background:\"><div class=\"w-100\"><\/div><\/div>\n<\/div><\/div>\n<\/div><\/div>\n\n\n\n<div class=\"wp-block-cwb-layout-block p-0 my-0 text-white px-3\" style=\"background:#4e0808;margin:0px;padding:0px;width:100%\"><div class=\"container\">\n<div class=\"wp-block-cwb-content-wrap w-100 d-flex m-0 bg-cover align-items-center vh-50-min\" style=\"background:\"><div class=\"w-100 py-5\">\n<div class=\"wp-block-columns my-0 row text-center text-md-left is-layout-flex wp-container-core-columns-is-layout-9d6595d7 wp-block-columns-is-layout-flex\">\n<div class=\"wp-block-column align-items-center d-md-flex col col-12 col-md-5 col-lg-4 pl-lg-0 pb-3 pb-lg-0 is-layout-flow wp-block-column-is-layout-flow\">\n<figure class=\"wp-block-image size-large mb-0 pr-sm-3 pr-md-0 max-w-400 d-inline-block\"><img loading=\"lazy\" decoding=\"async\" width=\"1024\" height=\"616\" src=\"https:\/\/miskoaki.com\/wp-content\/uploads\/2023\/03\/exhibit-photo-bark-canoe-1024x616.jpg\" alt=\"exhibit photo bark canoe\" class=\"wp-image-5897\" srcset=\"https:\/\/miskoaki.com\/wp-content\/uploads\/2023\/03\/exhibit-photo-bark-canoe-1024x616.jpg 1024w, https:\/\/miskoaki.com\/wp-content\/uploads\/2023\/03\/exhibit-photo-bark-canoe-300x180.jpg 300w, https:\/\/miskoaki.com\/wp-content\/uploads\/2023\/03\/exhibit-photo-bark-canoe-760x457.jpg 760w, https:\/\/miskoaki.com\/wp-content\/uploads\/2023\/03\/exhibit-photo-bark-canoe-18x12.jpg 18w, https:\/\/miskoaki.com\/wp-content\/uploads\/2023\/03\/exhibit-photo-bark-canoe.jpg 2020w\" sizes=\"auto, (max-width: 1024px) 100vw, 1024px\" \/><\/figure>\n<\/div>\n\n\n\n<div class=\"wp-block-column pl-md-5 col col-12 col-md-7 col-lg-8 is-layout-flow wp-block-column-is-layout-flow\">\n<h2 class=\"wp-block-heading h1 mt-0 max-w-16em mx-auto ml-md-0\">Pr\u00eats \u00e0 vivre l\u2019exp\u00e9rience de <mark style=\"background-color:rgba(0, 0, 0, 0)\" class=\"has-inline-color has-secondary-color\">Misko-Aki<\/mark> en personne?<\/h2>\n\n\n\n<p class=\"f-sz-21 f-lh-36\">Visitez le Muskoka Discovery Centre pour visiter l\u2019exposition Misko-Aki, de m\u00eame que pour conna\u00eetre nos nombreuses autres expositions, programmes et activit\u00e9s immersives.<\/p>\n\n\n\n<a type=\"button\" role=\"button\" tabindex=\"0\" href=\"https:\/\/realmuskoka.com\/discovery-centre\/admission-hours\/\" target=\"_blank\" rel=\"noopener\" aria-label=\"External Link\" class=\"clickable text-center wp-block-cwb-button cursor-pointer mb-0 mt-4 external-link btn btn-secondary btn-lg btn-hover-scale btn text-center btn-\">Acheter des billets<\/a>\n<\/div>\n<\/div>\n<\/div><\/div>\n<\/div><\/div>","protected":false},"excerpt":{"rendered":"<p>Comme le moyeu d\u2019une grande roue dont les rayons vont dans toutes les directions, les lacs de Muskoka constituaient un carrefour d\u2019un vaste r\u00e9seau de voies navigables s\u2019\u00e9tendant sur tous les Grands Lacs et au-del\u00e0.<\/p>","protected":false},"author":1,"featured_media":5119,"parent":4748,"menu_order":0,"comment_status":"closed","ping_status":"closed","template":"p-gutenberg-page.php","meta":{"_acf_changed":false,"footnotes":""},"class_list":["post-5105","page","type-page","status-publish","has-post-thumbnail","hentry"],"acf":[],"_links":{"self":[{"href":"https:\/\/miskoaki.com\/fr\/wp-json\/wp\/v2\/pages\/5105","targetHints":{"allow":["GET"]}}],"collection":[{"href":"https:\/\/miskoaki.com\/fr\/wp-json\/wp\/v2\/pages"}],"about":[{"href":"https:\/\/miskoaki.com\/fr\/wp-json\/wp\/v2\/types\/page"}],"author":[{"embeddable":true,"href":"https:\/\/miskoaki.com\/fr\/wp-json\/wp\/v2\/users\/1"}],"replies":[{"embeddable":true,"href":"https:\/\/miskoaki.com\/fr\/wp-json\/wp\/v2\/comments?post=5105"}],"version-history":[{"count":5,"href":"https:\/\/miskoaki.com\/fr\/wp-json\/wp\/v2\/pages\/5105\/revisions"}],"predecessor-version":[{"id":6203,"href":"https:\/\/miskoaki.com\/fr\/wp-json\/wp\/v2\/pages\/5105\/revisions\/6203"}],"up":[{"embeddable":true,"href":"https:\/\/miskoaki.com\/fr\/wp-json\/wp\/v2\/pages\/4748"}],"wp:featuredmedia":[{"embeddable":true,"href":"https:\/\/miskoaki.com\/fr\/wp-json\/wp\/v2\/media\/5119"}],"wp:attachment":[{"href":"https:\/\/miskoaki.com\/fr\/wp-json\/wp\/v2\/media?parent=5105"}],"curies":[{"name":"wp","href":"https:\/\/api.w.org\/{rel}","templated":true}]}}