{"id":5104,"date":"2023-05-16T18:17:37","date_gmt":"2023-05-16T18:17:37","guid":{"rendered":"https:\/\/misko-aki.clickwurx.com\/?page_id=5104"},"modified":"2024-11-01T14:00:49","modified_gmt":"2024-11-01T14:00:49","slug":"mysterious-messages","status":"publish","type":"page","link":"https:\/\/miskoaki.com\/fr\/welcome-orientation\/mysterious-messages\/","title":{"rendered":"Messages myst\u00e9rieux"},"content":{"rendered":"<div class=\"wp-block-cwb-layout-block p-0 my-0 bg-cover\" style=\"background:url(https:\/\/miskoaki.com\/wp-content\/uploads\/2023\/05\/petroglyphs.jpg);margin:0px;padding:0px;width:100%\" role=\"img\" aria-label=\"petroglyphs\"><div class=\"container\">\n<div class=\"wp-block-cwb-content-wrap w-100 d-flex m-0 bg-cover vh-66-min\" style=\"background:\"><div class=\"w-100\"><\/div><\/div>\n<\/div><\/div>\n\n\n\n<div class=\"wp-block-cwb-layout-block p-0 my-0 py-3 border-bottom\" style=\"background:rgba(239,236,219,1);margin:0px;padding:0px;width:100%\"><div class=\"container\">\n<div class=\"wp-block-cwb-content-wrap w-100 d-flex m-0 bg-cover\" style=\"background:\"><div class=\"w-100\">\n<p class=\"f-Lato\"><strong>P\u00e9troglyphe Misko-Aki.<\/strong> PHOTO GRACIEUSET\u00c9 DE ROB MACDONALD.<\/p>\n<\/div><\/div>\n<\/div><\/div>\n\n\n\n<div class=\"wp-block-cwb-layout-block p-0 my-0 py-5\" style=\"background:#162325;margin:0px;padding:0px;width:100%\"><div class=\"container\">\n<div class=\"wp-block-cwb-content-wrap w-100 d-flex m-0 bg-cover text-white\" style=\"background:\"><div class=\"w-100\">\n<h1 class=\"wp-block-heading h1 mt-2\">Messages myst\u00e9rieux<\/h1>\n\n\n\n<p class=\"scale-mark\"><strong><mark style=\"background-color:rgba(0, 0, 0, 0);color:#ffffff\" class=\"has-inline-color\">Voici, grav\u00e9 dans la pierre, un message<\/mark><\/strong> ancien de ceux qui ont v\u00e9cu ici il y a longtemps. Ce p\u00e9troglyphe, situ\u00e9 dans la r\u00e9gion, a \u00e9t\u00e9 conserv\u00e9 pendant de nombreuses g\u00e9n\u00e9rations. Il est diff\u00e9rent des autres p\u00e9troglyphes que l\u2019on trouve en Ontario. Ses dessins grav\u00e9s dans la pierre sugg\u00e8rent un voyage \u00e0 travers les lieux et les paysages et c\u2019est ce qui nous a inspir\u00e9s pour cette exposition. Que pouvez-vous voir dans ces marques sur le rocher? Qu\u2019est-ce que ces inscriptions sur la pierre signifient selon vous\u2009? Nous ne savons pas qui a grav\u00e9 ces marques ni \u00e0 combien de temps elles remontent bien que l\u2019on pense qu\u2019elles remonteraient \u00e0 des milliers d\u2019ann\u00e9es. Gardez \u00e0 l\u2019esprit ces dessins lorsque vous visiterez le reste de notre exposition.<\/p>\n\n\n\n<p>L\u2019iconographie de l\u2019art rupestre continue d\u2019intriguer \u00e0 la fois les chercheurs et les observateurs amateurs. Si certains symboles peuvent \u00eatre rattach\u00e9s \u00e0 des th\u00e8mes largement r\u00e9pandus dans le chamanisme \u2014 le syst\u00e8me de croyances et la pratique spirituelle les plus anciens et les plus universels de l\u2019humanit\u00e9 \u2014 d\u2019autres exemples, comme les p\u00e9troglyphes Misko-Aki, sont d\u2019une provenance tout aussi unique que les peuples qui nous les ont laiss\u00e9s.<\/p>\n<\/div><\/div>\n\n\n\n<div class=\"wp-block-cwb-content-wrap w-100 d-flex m-0 bg-cover\" style=\"background:\"><div class=\"w-100\"><\/div><\/div>\n<\/div><\/div>\n\n\n\n<div class=\"wp-block-cwb-layout-block p-0 my-0 px-0 mx-x\" style=\"background:#761a19;margin:0px;padding:0px;width:100%\"><div class=\"\">\n<div class=\"wp-block-cwb-layout-block p-0 my-0 text-white bg-cover py-4 bg-right bg-md-x-centered\" style=\"background:url(https:\/\/miskoaki.com\/wp-content\/uploads\/2023\/06\/MiskoAki-bg-red-flower.jpg);margin:0px;padding:0px;width:100%\"><div class=\"container\">\n<div class=\"wp-block-cwb-content-wrap w-100 d-flex m-0 bg-cover align-items-center px-3\" style=\"background:rgba(0,0,0,0)\"><div class=\"w-100 py-5\">\n<div class=\"wp-block-columns my-0 row text-center text-md-left TEST is-layout-flex wp-container-core-columns-is-layout-9d6595d7 wp-block-columns-is-layout-flex\" id=\"indigenous-petroglyphs\">\n<div class=\"wp-block-column align-items-center d-md-flex col col-12 col-md-5 col-lg-phi-sml px-0 pl-lg-0 pb-3 pb-lg-0 is-layout-flow wp-block-column-is-layout-flow\">\n<figure class=\"wp-block-image size-large mb-3 mb-md-0 pr-md-0 max-w-450 d-inline-block ml-md-0\"><img loading=\"lazy\" decoding=\"async\" width=\"1024\" height=\"594\" src=\"https:\/\/miskoaki.com\/wp-content\/uploads\/2023\/06\/Rob-Macdonald-Archeologocal-Service-Inc-1024x594.jpg\" alt=\"Rob Macdonald Archeologocal Service Inc\" class=\"wp-image-5205\" srcset=\"https:\/\/miskoaki.com\/wp-content\/uploads\/2023\/06\/Rob-Macdonald-Archeologocal-Service-Inc-1024x594.jpg 1024w, https:\/\/miskoaki.com\/wp-content\/uploads\/2023\/06\/Rob-Macdonald-Archeologocal-Service-Inc-300x174.jpg 300w, https:\/\/miskoaki.com\/wp-content\/uploads\/2023\/06\/Rob-Macdonald-Archeologocal-Service-Inc-760x441.jpg 760w, https:\/\/miskoaki.com\/wp-content\/uploads\/2023\/06\/Rob-Macdonald-Archeologocal-Service-Inc.jpg 2020w\" sizes=\"auto, (max-width: 1024px) 100vw, 1024px\" \/><\/figure>\n<\/div>\n\n\n\n<div class=\"wp-block-column pl-md-5 col col-12 col-md-7 col-lg-phi-lrg is-layout-flow wp-block-column-is-layout-flow\">\n<h2 class=\"wp-block-heading h4 dot-underline pb-2 pr-3 d-inline-block\">\u00c9COUTEZ NOS R\u00c9CITS<\/h2>\n\n\n\n<p>L\u2019arch\u00e9ologue Rob Macdonald explique ce que les p\u00e9troglyphes peuvent nous apprendre sur la pr\u00e9sence des peuples autochtones \u00e0 Misko-Aki. (Dur\u00e9e : 1 min 27 s)<\/p>\n\n\n\n<div type=\"button\" role=\"button\" tabindex=\"0\" data-toggle=\"modal\" data-modal-size=\"fs\" data-modal-heading=\"Listen To Our Stories\" aria-haspopup=\"true\" aria-expanded=\"false\" data-target=\"#iframe-modal\" aria-controls=\"#iframe-modal\" data-src=\"https:\/\/www.youtube.com\/embed\/NcfE6MGT6tY?rel=0\" class=\"clickable text-center wp-block-cwb-button cursor-pointer mb-0 mt-4 external-link border-solid border-white btn btn-tertiary btn-lg btn-hover-scale btn text-center btn-  iframe-trigger d-inline-block\">VISIONNEZ LA VID\u00c9O<\/div>\n<\/div>\n<\/div>\n<\/div><\/div>\n<\/div><\/div>\n<\/div><\/div>","protected":false},"excerpt":{"rendered":"<p>Grav\u00e9 dans la pierre, un message de ceux qui ont v\u00e9cu ici il y a tr\u00e8s longtemps.<\/p>","protected":false},"author":1,"featured_media":5116,"parent":4748,"menu_order":0,"comment_status":"closed","ping_status":"closed","template":"p-gutenberg-page.php","meta":{"_acf_changed":false,"footnotes":""},"class_list":["post-5104","page","type-page","status-publish","has-post-thumbnail","hentry"],"acf":[],"_links":{"self":[{"href":"https:\/\/miskoaki.com\/fr\/wp-json\/wp\/v2\/pages\/5104","targetHints":{"allow":["GET"]}}],"collection":[{"href":"https:\/\/miskoaki.com\/fr\/wp-json\/wp\/v2\/pages"}],"about":[{"href":"https:\/\/miskoaki.com\/fr\/wp-json\/wp\/v2\/types\/page"}],"author":[{"embeddable":true,"href":"https:\/\/miskoaki.com\/fr\/wp-json\/wp\/v2\/users\/1"}],"replies":[{"embeddable":true,"href":"https:\/\/miskoaki.com\/fr\/wp-json\/wp\/v2\/comments?post=5104"}],"version-history":[{"count":5,"href":"https:\/\/miskoaki.com\/fr\/wp-json\/wp\/v2\/pages\/5104\/revisions"}],"predecessor-version":[{"id":6228,"href":"https:\/\/miskoaki.com\/fr\/wp-json\/wp\/v2\/pages\/5104\/revisions\/6228"}],"up":[{"embeddable":true,"href":"https:\/\/miskoaki.com\/fr\/wp-json\/wp\/v2\/pages\/4748"}],"wp:featuredmedia":[{"embeddable":true,"href":"https:\/\/miskoaki.com\/fr\/wp-json\/wp\/v2\/media\/5116"}],"wp:attachment":[{"href":"https:\/\/miskoaki.com\/fr\/wp-json\/wp\/v2\/media?parent=5104"}],"curies":[{"name":"wp","href":"https:\/\/api.w.org\/{rel}","templated":true}]}}