{"id":4966,"date":"2023-05-11T00:28:41","date_gmt":"2023-05-11T00:28:41","guid":{"rendered":"https:\/\/misko-aki.clickwurx.com\/?page_id=4966"},"modified":"2023-10-02T22:35:40","modified_gmt":"2023-10-02T22:35:40","slug":"feedback","status":"publish","type":"page","link":"https:\/\/miskoaki.com\/fr\/feedback\/","title":{"rendered":"Vos commentaires"},"content":{"rendered":"<div class=\"wp-block-cwb-layout-block p-0 my-0 text-white bg-cover pt-4 border-bottom b-white-25 sticky-buffer-here\" style=\"background:url(https:\/\/miskoaki.com\/wp-content\/uploads\/2023\/09\/Misko-Aki-exhibit-photo-2.jpg);margin:0px;padding:0px;width:100%\" role=\"img\" aria-label=\"Misko-Aki-exhibit-photo-2\"><div class=\"container\">\n<div class=\"wp-block-cwb-content-wrap w-100 d-flex m-0 bg-cover vh-md-66-min vh-50-min py-4\" style=\"background:\"><div class=\"w-100\"><\/div><\/div>\n<\/div><\/div>\n\n\n\n<div class=\"wp-block-cwb-layout-block p-0 my-0 py-5\" style=\"background:;margin:0px;padding:0px;width:100%\"><div class=\"container\">\n<h1 class=\"wp-block-heading\">Nous aimerions avoir votre avis!<\/h1>\n\n\n\n<p class=\"max-w-700 ml-0\">Faites-nous part de votre exp\u00e9rience en ligne avec l\u2019exposition <strong><em>Misko-Aki : Confluence des cultures<\/em> <\/strong>\u2013 soit sur ses composantes que vous avez le plus aim\u00e9es et tout ce que vous pensez pouvoir \u00eatre am\u00e9lior\u00e9.<\/p>\n\n\n\n<div class=\"wpcf7 no-js\" id=\"wpcf7-f6049-o1\" lang=\"en-US\" dir=\"ltr\" data-wpcf7-id=\"6049\">\n<div class=\"screen-reader-response\"><p role=\"status\" aria-live=\"polite\" aria-atomic=\"true\"><\/p> <ul><\/ul><\/div>\n<form action=\"\/fr\/wp-json\/wp\/v2\/pages\/4966#wpcf7-f6049-o1\" method=\"post\" class=\"wpcf7-form init\" aria-label=\"Contact form\" novalidate=\"novalidate\" data-status=\"init\" data-trp-original-action=\"\/fr\/wp-json\/wp\/v2\/pages\/4966#wpcf7-f6049-o1\">\n<fieldset class=\"hidden-fields-container\"><input type=\"hidden\" name=\"_wpcf7\" value=\"6049\" \/><input type=\"hidden\" name=\"_wpcf7_version\" value=\"6.1.6\" \/><input type=\"hidden\" name=\"_wpcf7_locale\" value=\"en_US\" \/><input type=\"hidden\" name=\"_wpcf7_unit_tag\" value=\"wpcf7-f6049-o1\" \/><input type=\"hidden\" name=\"_wpcf7_container_post\" value=\"0\" \/><input type=\"hidden\" name=\"_wpcf7_posted_data_hash\" value=\"\" \/><input type=\"hidden\" name=\"_wpcf7_recaptcha_response\" value=\"\" \/>\n<\/fieldset>\n<div class=\"ml-0 max-w-700\">\n\t<fieldset>\n\t\t<legend style=\"opacity:0;height:0;margin:0\"><span>Feedback Fields<\/span>\n\t\t<\/legend>\n\t\t<div class=\"row\">\n\t\t\t<div class=\"col\">\n\t\t\t\t<p><label class=\"mb-n3\" for=\"first-name\"> Votre nom (requis) :<\/label>\n\t\t\t\t<\/p>\n\t\t\t\t<p><span class=\"wpcf7-form-control-wrap\" data-name=\"first-name\"><input size=\"40\" maxlength=\"400\" class=\"wpcf7-form-control wpcf7-text wpcf7-validates-as-required w-100\" id=\"first-name\" autocomplete=\"given-name\" aria-required=\"true\" aria-invalid=\"false\" placeholder=\"Pr\u00e9nom\" value=\"\" type=\"text\" name=\"first-name\" \/><\/span>\n\t\t\t\t<\/p>\n\t\t\t<\/div>\n\t\t\t<div class=\"col\">\n\t\t\t\t<p><label class=\"mb-n3\" for=\"last-name\"> Nom de famille (requis) :<\/label>\n\t\t\t\t<\/p>\n\t\t\t\t<p><span class=\"wpcf7-form-control-wrap\" data-name=\"last-name\"><input size=\"40\" maxlength=\"400\" class=\"wpcf7-form-control wpcf7-text wpcf7-validates-as-required w-100\" id=\"last-name\" autocomplete=\"family-name\" aria-required=\"true\" aria-invalid=\"false\" placeholder=\"Nom de famille\" value=\"\" type=\"text\" name=\"last-name\" \/><\/span>\n\t\t\t\t<\/p>\n\t\t\t<\/div>\n\t\t<\/div>\n\t\t<p><label class=\"mb-n3\" for=\"your-email\"> Votre adresse \u00e9lectronique (requis) :<\/label>\n\t\t<\/p>\n\t\t<p><span class=\"wpcf7-form-control-wrap\" data-name=\"your-email\"><input size=\"40\" maxlength=\"400\" class=\"wpcf7-form-control wpcf7-email wpcf7-validates-as-required wpcf7-text wpcf7-validates-as-email w-100\" id=\"your-email\" autocomplete=\"email\" aria-required=\"true\" aria-invalid=\"false\" placeholder=\"Courriels\" value=\"\" type=\"email\" name=\"your-email\" \/><\/span>\n\t\t<\/p>\n\t\t<p><label class=\"mb-n3\" for=\"your-message\"> Votre message (requis) :<\/label>\n\t\t<\/p>\n\t\t<p><span class=\"wpcf7-form-control-wrap\" data-name=\"your-message\"><textarea cols=\"100\" rows=\"10\" maxlength=\"2000\" class=\"wpcf7-form-control wpcf7-textarea wpcf7-validates-as-required w-100\" id=\"your-message\" aria-required=\"true\" aria-invalid=\"false\" placeholder=\"Vos commentaires\" name=\"your-message\"><\/textarea><\/span>\n\t\t<\/p>\n\t\t<p><label> Abonnez-vous \u00e0 notre liste d\u2019envoi<br \/>\n<span class=\"wpcf7-form-control-wrap\" data-name=\"subscribe-to-mailing-list\"><span class=\"wpcf7-form-control wpcf7-checkbox\"><span class=\"wpcf7-list-item first last\"><input type=\"checkbox\" name=\"subscribe-to-mailing-list[]\" value=\"Please add me to mailing list for Misko-Aki news and notifications.\" \/><span class=\"wpcf7-list-item-label\">Veuillez m\u2019ajouter \u00e0 la liste d\u2019envoi pour recevoir des nouvelles et les notifications de Misko-Aki.<\/span><\/span><\/span><\/span><br \/>\n<\/label>\n\t\t<\/p>\n\t<\/fieldset>\n\t<p><input class=\"wpcf7-form-control wpcf7-submit has-spinner\" type=\"submit\" value=\"Soumettre\" \/>\n\t<\/p>\n<\/div><div class=\"wpcf7-response-output\" aria-hidden=\"true\"><\/div>\n<input type=\"hidden\" name=\"trp-form-language\" value=\"fr\"\/><\/form>\n<\/div>\n\n<\/div><\/div>\n\n\n\n<div class=\"wp-block-cwb-layout-block p-0 my-0 text-white px-3\" style=\"background:#4e0808;margin:0px;padding:0px;width:100%\"><div class=\"container\">\n<div class=\"wp-block-cwb-content-wrap w-100 d-flex m-0 bg-cover align-items-center vh-50-min\" style=\"background:\"><div class=\"w-100 py-5\">\n<div class=\"wp-block-columns my-0 row text-center text-md-left is-layout-flex wp-container-core-columns-is-layout-9d6595d7 wp-block-columns-is-layout-flex\">\n<div class=\"wp-block-column align-items-center d-md-flex col col-12 col-md-5 col-lg-4 pl-lg-0 pb-3 pb-lg-0 is-layout-flow wp-block-column-is-layout-flow\">\n<figure class=\"wp-block-image size-large mb-0 pr-sm-3 pr-md-0 max-w-400 d-inline-block\"><img loading=\"lazy\" decoding=\"async\" width=\"1024\" height=\"616\" src=\"https:\/\/miskoaki.com\/wp-content\/uploads\/2023\/03\/exhibit-photo-bark-canoe-1024x616.jpg\" alt=\"exhibit photo bark canoe\" class=\"wp-image-5897\" srcset=\"https:\/\/miskoaki.com\/wp-content\/uploads\/2023\/03\/exhibit-photo-bark-canoe-1024x616.jpg 1024w, https:\/\/miskoaki.com\/wp-content\/uploads\/2023\/03\/exhibit-photo-bark-canoe-300x180.jpg 300w, https:\/\/miskoaki.com\/wp-content\/uploads\/2023\/03\/exhibit-photo-bark-canoe-760x457.jpg 760w, https:\/\/miskoaki.com\/wp-content\/uploads\/2023\/03\/exhibit-photo-bark-canoe-18x12.jpg 18w, https:\/\/miskoaki.com\/wp-content\/uploads\/2023\/03\/exhibit-photo-bark-canoe.jpg 2020w\" sizes=\"auto, (max-width: 1024px) 100vw, 1024px\" \/><\/figure>\n<\/div>\n\n\n\n<div class=\"wp-block-column pl-md-5 col col-12 col-md-7 col-lg-8 is-layout-flow wp-block-column-is-layout-flow\">\n<h2 class=\"wp-block-heading h1 mt-0 max-w-16em mx-auto ml-md-0\">Pr\u00eats \u00e0 vivre l\u2019exp\u00e9rience de <mark style=\"background-color:rgba(0, 0, 0, 0)\" class=\"has-inline-color has-secondary-color\">Misko-Aki<\/mark> en personne?<\/h2>\n\n\n\n<p class=\"f-sz-21 f-lh-36\">Visitez le Muskoka Discovery Centre pour visiter l\u2019exposition Misko-Aki, de m\u00eame que pour conna\u00eetre nos nombreuses autres expositions, programmes et activit\u00e9s immersives.<\/p>\n\n\n\n<a type=\"button\" role=\"button\" href=\"https:\/\/realmuskoka.com\/discovery-centre\/admission-hours\/\" target=\"_blank\" rel=\"noopener\" class=\"clickable text-center wp-block-cwb-button cursor-pointer mb-0 mt-4 external-link btn btn-secondary btn-lg btn-hover-scale btn text-center btn-\">Acheter des billets<\/a>\n<\/div>\n<\/div>\n<\/div><\/div>\n<\/div><\/div>","protected":false},"excerpt":{"rendered":"","protected":false},"author":1,"featured_media":0,"parent":0,"menu_order":0,"comment_status":"closed","ping_status":"closed","template":"p-gutenberg-page.php","meta":{"_acf_changed":false,"footnotes":""},"class_list":["post-4966","page","type-page","status-publish","hentry"],"acf":[],"_links":{"self":[{"href":"https:\/\/miskoaki.com\/fr\/wp-json\/wp\/v2\/pages\/4966","targetHints":{"allow":["GET"]}}],"collection":[{"href":"https:\/\/miskoaki.com\/fr\/wp-json\/wp\/v2\/pages"}],"about":[{"href":"https:\/\/miskoaki.com\/fr\/wp-json\/wp\/v2\/types\/page"}],"author":[{"embeddable":true,"href":"https:\/\/miskoaki.com\/fr\/wp-json\/wp\/v2\/users\/1"}],"replies":[{"embeddable":true,"href":"https:\/\/miskoaki.com\/fr\/wp-json\/wp\/v2\/comments?post=4966"}],"version-history":[{"count":5,"href":"https:\/\/miskoaki.com\/fr\/wp-json\/wp\/v2\/pages\/4966\/revisions"}],"predecessor-version":[{"id":6166,"href":"https:\/\/miskoaki.com\/fr\/wp-json\/wp\/v2\/pages\/4966\/revisions\/6166"}],"wp:attachment":[{"href":"https:\/\/miskoaki.com\/fr\/wp-json\/wp\/v2\/media?parent=4966"}],"curies":[{"name":"wp","href":"https:\/\/api.w.org\/{rel}","templated":true}]}}