{"id":4963,"date":"2023-05-11T00:28:20","date_gmt":"2023-05-11T00:28:20","guid":{"rendered":"https:\/\/misko-aki.clickwurx.com\/?page_id=4963"},"modified":"2024-11-25T17:20:01","modified_gmt":"2024-11-25T17:20:01","slug":"donors-supporters","status":"publish","type":"page","link":"https:\/\/miskoaki.com\/fr\/donors-supporters\/","title":{"rendered":"Donateurs et partenaires"},"content":{"rendered":"<div class=\"wp-block-cwb-layout-block p-0 my-0 bg-cover\" style=\"background:url(https:\/\/miskoaki.com\/wp-content\/uploads\/2023\/03\/LANDING_1.jpg);margin:0px;padding:0px;width:100%\" role=\"img\" aria-label=\"Musko-Aki langscape photograph\"><div class=\"container\">\n<div class=\"wp-block-cwb-content-wrap w-100 d-flex m-0 bg-cover vh-66-min\" style=\"background:\"><div class=\"w-100\"><\/div><\/div>\n<\/div><\/div>\n\n\n\n<div class=\"wp-block-cwb-layout-block p-0 my-0 py-3 border-bottom\" style=\"background:#162325;margin:0px;padding:0px;width:100%;color:rgba(255,255,255,1)\"><div class=\"container\">\n<div class=\"wp-block-cwb-content-wrap w-100 d-flex m-0 bg-cover\" style=\"background:\"><div class=\"w-100\">\n<p>PHOTO DE ROBERT SNACHE<\/p>\n<\/div><\/div>\n<\/div><\/div>\n\n\n\n<div class=\"wp-block-cwb-layout-block p-0 my-0 px-3 py-5 bg-ma-cream\" style=\"background:;margin:0px;padding:0px;width:100%\"><div class=\"container\">\n<div class=\"wp-block-cwb-content-wrap w-100 d-flex m-0 bg-cover align-items-center\" style=\"background:\"><div class=\"w-100\">\n<div class=\"wp-block-columns is-layout-flex wp-container-core-columns-is-layout-9d6595d7 wp-block-columns-is-layout-flex\">\n<div class=\"wp-block-column pr-md-5 pb-4 is-layout-flow wp-block-column-is-layout-flow\" style=\"flex-basis:66.66%\">\n<h1 class=\"wp-block-heading\">Donateurs et partenaires<\/h1>\n\n\n\n<p class=\"scale-mark\"><mark style=\"background-color:rgba(0, 0, 0, 0)\" class=\"has-inline-color has-primary-d-2-color\"><em>Misko-Aki : Confluence des cultures<\/em><\/mark> est une pr\u00e9sentation permanente et num\u00e9rique sur la pr\u00e9sence des peuples autochtones \u00e0 Muskoka depuis des temps imm\u00e9moriaux. L\u2019exposition mat\u00e9rielle est h\u00e9berg\u00e9e au Muskoka Discovery Centre \u00e0 Gravenhurst et sa version num\u00e9rique est accessible au monde entier sur un site Web d\u00e9di\u00e9 \u00e0 cette exposition. Son objectif est de promouvoir une meilleure compr\u00e9hension et un plus grand respect entre tous les peuples en pr\u00e9sentant et en expliquant avec authenticit\u00e9 l\u2019histoire et la culture des Autochtones \u00e0 un public autochtone et de colons de tous les \u00e2ges<br><\/p>\n\n\n\n<p><strong>La cr\u00e9ation de cette exposition exceptionnelle et de sa version num\u00e9rique a \u00e9t\u00e9 rendue possible gr\u00e2ce au soutien financier de ces importants partenaires :<\/strong><br><\/p>\n<\/div>\n\n\n\n<div class=\"wp-block-column pl-sm-5 pl-md-0 is-layout-flow wp-block-column-is-layout-flow\" style=\"flex-basis:33.33%\">\n<figure class=\"wp-block-image size-full is-resized mb-4\" id=\"pl-sm-5\"><img loading=\"lazy\" decoding=\"async\" width=\"951\" height=\"920\" src=\"https:\/\/miskoaki.com\/wp-content\/uploads\/2023\/05\/misko-aki-logo-min.png\" alt=\"Misko Aki mini logo\" class=\"wp-image-4934\" style=\"width:364px;height:352px\" srcset=\"https:\/\/miskoaki.com\/wp-content\/uploads\/2023\/05\/misko-aki-logo-min.png 951w, https:\/\/miskoaki.com\/wp-content\/uploads\/2023\/05\/misko-aki-logo-min-300x290.png 300w, https:\/\/miskoaki.com\/wp-content\/uploads\/2023\/05\/misko-aki-logo-min-760x735.png 760w\" sizes=\"auto, (max-width: 951px) 100vw, 951px\" \/><\/figure>\n<\/div>\n<\/div>\n<\/div><\/div>\n\n\n\n<div class=\"wp-block-cwb-content-wrap w-100 d-flex m-0 bg-cover max-w-800\" style=\"background:\"><div class=\"w-100\">\n<h2 class=\"wp-block-heading h2 mb-4\">Commanditaires de l\u2019exposition virtuelle<\/h2>\n\n\n\n<div class=\"wp-block-columns f-Lato is-layout-flex wp-container-core-columns-is-layout-9d6595d7 wp-block-columns-is-layout-flex\">\n<div class=\"wp-block-column is-layout-flow wp-block-column-is-layout-flow\">\n<figure class=\"wp-block-image size-full is-resized d-inline-block pr-4\"><img loading=\"lazy\" decoding=\"async\" width=\"351\" height=\"50\" src=\"https:\/\/miskoaki.com\/wp-content\/uploads\/2023\/09\/Scotiabank-Wordmark_English_For-Web.png\" alt=\"Scotiabank wordmark\" class=\"wp-image-6022\" style=\"width:256px;height:36px\" srcset=\"https:\/\/miskoaki.com\/wp-content\/uploads\/2023\/09\/Scotiabank-Wordmark_English_For-Web.png 351w, https:\/\/miskoaki.com\/wp-content\/uploads\/2023\/09\/Scotiabank-Wordmark_English_For-Web-300x43.png 300w, https:\/\/miskoaki.com\/wp-content\/uploads\/2023\/09\/Scotiabank-Wordmark_English_For-Web-18x3.png 18w\" sizes=\"auto, (max-width: 351px) 100vw, 351px\" \/><\/figure>\n<\/div>\n\n\n\n<div class=\"wp-block-column is-layout-flow wp-block-column-is-layout-flow\">\n<figure class=\"wp-block-image size-full d-inline-block pr-4\"><img loading=\"lazy\" decoding=\"async\" width=\"400\" height=\"46\" src=\"https:\/\/miskoaki.com\/wp-content\/uploads\/2023\/08\/goc-logo.png\" alt=\"Funded by the Government of Canada\" class=\"wp-image-5849\" srcset=\"https:\/\/miskoaki.com\/wp-content\/uploads\/2023\/08\/goc-logo.png 400w, https:\/\/miskoaki.com\/wp-content\/uploads\/2023\/08\/goc-logo-300x35.png 300w, https:\/\/miskoaki.com\/wp-content\/uploads\/2023\/08\/goc-logo-18x2.png 18w\" sizes=\"auto, (max-width: 400px) 100vw, 400px\" \/><\/figure>\n<\/div>\n<\/div>\n\n\n\n<hr class=\"wp-block-separator has-alpha-channel-opacity\"\/>\n\n\n\n<h2 class=\"wp-block-heading h2\">Commanditaires de l\u2019exposition permanente<\/h2>\n\n\n\n<p><strong>Commanditaire pr\u00e9sentant l\u2019exposition :<\/strong>:<\/p>\n\n\n\n<figure class=\"wp-block-image size-full is-resized d-inline-block pr-4\"><img loading=\"lazy\" decoding=\"async\" width=\"351\" height=\"50\" src=\"https:\/\/miskoaki.com\/wp-content\/uploads\/2023\/09\/Scotiabank-Wordmark_English_For-Web.png\" alt=\"\" class=\"wp-image-6022\" style=\"width:256px;height:36px\" srcset=\"https:\/\/miskoaki.com\/wp-content\/uploads\/2023\/09\/Scotiabank-Wordmark_English_For-Web.png 351w, https:\/\/miskoaki.com\/wp-content\/uploads\/2023\/09\/Scotiabank-Wordmark_English_For-Web-300x43.png 300w, https:\/\/miskoaki.com\/wp-content\/uploads\/2023\/09\/Scotiabank-Wordmark_English_For-Web-18x3.png 18w\" sizes=\"auto, (max-width: 351px) 100vw, 351px\" \/><\/figure>\n\n\n\n<p class=\"mb-0\"><strong>Commanditaire et fondateur du Centre :<\/strong>:<\/p>\n\n\n\n<p class=\"h4 mt-0\">Barry and Laurie Green Family Charitable Trust<\/p>\n\n\n\n<p><strong>Autres commanditaires :<\/strong><\/p>\n\n\n\n<figure class=\"wp-block-image size-full pr-4 mb-4\"><img loading=\"lazy\" decoding=\"async\" width=\"264\" height=\"72\" src=\"https:\/\/miskoaki.com\/wp-content\/uploads\/2023\/08\/district-of-muskoka-logo.png\" alt=\"The District of Muskoka Municipality Logo\" class=\"wp-image-5844\" srcset=\"https:\/\/miskoaki.com\/wp-content\/uploads\/2023\/08\/district-of-muskoka-logo.png 264w, https:\/\/miskoaki.com\/wp-content\/uploads\/2023\/08\/district-of-muskoka-logo-18x5.png 18w\" sizes=\"auto, (max-width: 264px) 100vw, 264px\" \/><\/figure>\n\n\n\n<figure class=\"wp-block-image size-large is-resized pr-4\"><img loading=\"lazy\" decoding=\"async\" width=\"1024\" height=\"133\" src=\"https:\/\/miskoaki.com\/wp-content\/uploads\/2023\/05\/heritage-canada-logo-dark-1024x133.png\" alt=\"Canadian Heritage Logo\" class=\"wp-image-5176\" style=\"width:256px;height:33px\" srcset=\"https:\/\/miskoaki.com\/wp-content\/uploads\/2023\/05\/heritage-canada-logo-dark-1024x133.png 1024w, https:\/\/miskoaki.com\/wp-content\/uploads\/2023\/05\/heritage-canada-logo-dark-300x39.png 300w, https:\/\/miskoaki.com\/wp-content\/uploads\/2023\/05\/heritage-canada-logo-dark-760x99.png 760w, https:\/\/miskoaki.com\/wp-content\/uploads\/2023\/05\/heritage-canada-logo-dark.png 1141w\" sizes=\"auto, (max-width: 1024px) 100vw, 1024px\" \/><\/figure>\n\n\n\n<p class=\"h5\">Bill and Barbara Etherington<\/p>\n\n\n\n<p>The McLean Foundation<\/p>\n\n\n\n<p>Mawer Investment Management <\/p>\n\n\n\n<p>Weston Family Foundation<\/p>\n\n\n\n<figure class=\"wp-block-image size-full pr-4\"><img loading=\"lazy\" decoding=\"async\" width=\"208\" height=\"68\" src=\"https:\/\/miskoaki.com\/wp-content\/uploads\/2023\/08\/rbc-logo.png\" alt=\"RBC Logo\" class=\"wp-image-5846\" srcset=\"https:\/\/miskoaki.com\/wp-content\/uploads\/2023\/08\/rbc-logo.png 208w, https:\/\/miskoaki.com\/wp-content\/uploads\/2023\/08\/rbc-logo-18x6.png 18w\" sizes=\"auto, (max-width: 208px) 100vw, 208px\" \/><\/figure>\n\n\n\n<p>Don Lindsay &amp; Jennifer MacKenzie<\/p>\n\n\n\n<figure class=\"wp-block-image size-full pr-4\"><img loading=\"lazy\" decoding=\"async\" width=\"194\" height=\"73\" src=\"https:\/\/miskoaki.com\/wp-content\/uploads\/2023\/08\/rotary-logo.png\" alt=\"Rotary Club Logo\" class=\"wp-image-5847\" srcset=\"https:\/\/miskoaki.com\/wp-content\/uploads\/2023\/08\/rotary-logo.png 194w, https:\/\/miskoaki.com\/wp-content\/uploads\/2023\/08\/rotary-logo-18x7.png 18w\" sizes=\"auto, (max-width: 194px) 100vw, 194px\" \/><\/figure>\n<\/div><\/div>\n<\/div><\/div>\n\n\n\n<div class=\"wp-block-cwb-layout-block p-0 my-0 text-white px-3\" style=\"background:#4e0808;margin:0px;padding:0px;width:100%\"><div class=\"container\">\n<div class=\"wp-block-cwb-content-wrap w-100 d-flex m-0 bg-cover align-items-center vh-50-min\" style=\"background:\"><div class=\"w-100 py-5\">\n<div class=\"wp-block-columns my-0 row text-center text-md-left is-layout-flex wp-container-core-columns-is-layout-9d6595d7 wp-block-columns-is-layout-flex\">\n<div class=\"wp-block-column align-items-center d-md-flex col col-12 col-md-5 col-lg-4 pl-lg-0 pb-3 pb-lg-0 is-layout-flow wp-block-column-is-layout-flow\">\n<figure class=\"wp-block-image size-large mb-0 pr-sm-3 pr-md-0 max-w-400 d-inline-block\"><img loading=\"lazy\" decoding=\"async\" width=\"1024\" height=\"616\" src=\"https:\/\/miskoaki.com\/wp-content\/uploads\/2023\/03\/exhibit-photo-bark-canoe-1024x616.jpg\" alt=\"exhibit photo bark canoe\" class=\"wp-image-5897\" srcset=\"https:\/\/miskoaki.com\/wp-content\/uploads\/2023\/03\/exhibit-photo-bark-canoe-1024x616.jpg 1024w, https:\/\/miskoaki.com\/wp-content\/uploads\/2023\/03\/exhibit-photo-bark-canoe-300x180.jpg 300w, https:\/\/miskoaki.com\/wp-content\/uploads\/2023\/03\/exhibit-photo-bark-canoe-760x457.jpg 760w, https:\/\/miskoaki.com\/wp-content\/uploads\/2023\/03\/exhibit-photo-bark-canoe-18x12.jpg 18w, https:\/\/miskoaki.com\/wp-content\/uploads\/2023\/03\/exhibit-photo-bark-canoe.jpg 2020w\" sizes=\"auto, (max-width: 1024px) 100vw, 1024px\" \/><\/figure>\n<\/div>\n\n\n\n<div class=\"wp-block-column pl-md-5 col col-12 col-md-7 col-lg-8 is-layout-flow wp-block-column-is-layout-flow\">\n<h2 class=\"wp-block-heading h1 mt-0 max-w-16em mx-auto ml-md-0\">Pr\u00eats \u00e0 vivre l\u2019exp\u00e9rience de <mark style=\"background-color:rgba(0, 0, 0, 0)\" class=\"has-inline-color has-secondary-color\">Misko-Aki<\/mark> en personne?<\/h2>\n\n\n\n<p class=\"f-sz-21 f-lh-36\">Visitez le Muskoka Discovery Centre pour visiter l\u2019exposition Misko-Aki, de m\u00eame que pour conna\u00eetre nos nombreuses autres expositions, programmes et activit\u00e9s immersives.<\/p>\n\n\n\n<a type=\"button\" role=\"button\" href=\"https:\/\/realmuskoka.com\/discovery-centre\/admission-hours\/\" target=\"_blank\" rel=\"noopener\" class=\"clickable text-center wp-block-cwb-button cursor-pointer mb-0 mt-4 external-link btn btn-secondary btn-lg btn-hover-scale btn text-center btn-\">Acheter des billets<\/a>\n<\/div>\n<\/div>\n<\/div><\/div>\n<\/div><\/div>","protected":false},"excerpt":{"rendered":"","protected":false},"author":1,"featured_media":0,"parent":0,"menu_order":0,"comment_status":"closed","ping_status":"closed","template":"p-gutenberg-page.php","meta":{"_acf_changed":false,"footnotes":""},"class_list":["post-4963","page","type-page","status-publish","hentry"],"acf":[],"_links":{"self":[{"href":"https:\/\/miskoaki.com\/fr\/wp-json\/wp\/v2\/pages\/4963","targetHints":{"allow":["GET"]}}],"collection":[{"href":"https:\/\/miskoaki.com\/fr\/wp-json\/wp\/v2\/pages"}],"about":[{"href":"https:\/\/miskoaki.com\/fr\/wp-json\/wp\/v2\/types\/page"}],"author":[{"embeddable":true,"href":"https:\/\/miskoaki.com\/fr\/wp-json\/wp\/v2\/users\/1"}],"replies":[{"embeddable":true,"href":"https:\/\/miskoaki.com\/fr\/wp-json\/wp\/v2\/comments?post=4963"}],"version-history":[{"count":5,"href":"https:\/\/miskoaki.com\/fr\/wp-json\/wp\/v2\/pages\/4963\/revisions"}],"predecessor-version":[{"id":6244,"href":"https:\/\/miskoaki.com\/fr\/wp-json\/wp\/v2\/pages\/4963\/revisions\/6244"}],"wp:attachment":[{"href":"https:\/\/miskoaki.com\/fr\/wp-json\/wp\/v2\/media?parent=4963"}],"curies":[{"name":"wp","href":"https:\/\/api.w.org\/{rel}","templated":true}]}}