{"id":4894,"date":"2023-05-16T18:14:28","date_gmt":"2023-05-16T18:14:28","guid":{"rendered":"https:\/\/misko-aki.clickwurx.com\/?page_id=4894"},"modified":"2024-11-27T18:51:54","modified_gmt":"2024-11-27T18:51:54","slug":"time-immemorial-a-misko-aki-timeline","status":"publish","type":"page","link":"https:\/\/miskoaki.com\/fr\/welcome-orientation\/time-immemorial-a-misko-aki-timeline\/","title":{"rendered":"Des temps imm\u00e9moriaux : une chronologie de la r\u00e9gion Misko-Aki"},"content":{"rendered":"<div class=\"wp-block-cwb-layout-block p-0 my-0\" style=\"background:#162325;margin:0px;padding:0px;width:100%\"><div class=\"\">\n<div class=\"wp-block-cwb-layout-block p-0 my-0 text-white pt-5 px-3 bg-ma-geo-vector bg-ma-green f-Bitter sticky-buffer-here\" style=\"background:#162325;margin:0px;padding:0px;width:100%\"><div class=\"container\">\n<div class=\"wp-block-cwb-content-wrap w-100 d-flex m-0 bg-cover align-items-center vh-25-min\" style=\"background:\"><div class=\"w-100\">\n<h1 class=\"wp-block-heading has-text-align-center mb-0 h1 f-Bitter\">Des temps imm\u00e9moriaux : <mark style=\"background-color:rgba(0, 0, 0, 0)\" class=\"has-inline-color has-secondary-color\">la chronologie de la r\u00e9gion Misko-Aki<\/mark><\/h1>\n\n\n\n<div class=\"wp-block-columns mx-n3 py-5 mb-0 f-sz-18 f-ln-32 is-layout-flex wp-container-core-columns-is-layout-9d6595d7 wp-block-columns-is-layout-flex\">\n<div class=\"wp-block-column  mb-3 mb-md-0 is-layout-flow wp-block-column-is-layout-flow\">\n<p class=\"px-3\">Des peuples autochtones vivent \u00e0 Misko-Aki depuis des temps recul\u00e9s. Des r\u00e9cits oraux,<br>comme le r\u00e9cit de la Cr\u00e9ation des Anichinab\u00e9s, d\u00e9crivent la fa\u00e7on dont ces peuples autochtones ont interagi avec ce territoire. Les artefacts trouv\u00e9s dans la r\u00e9gion font remonter la pr\u00e9sence humaine \u00e0 plus de 13\u2009000 ans\u2009!<\/p>\n<\/div>\n\n\n\n<div class=\"wp-block-column  mb-3 mb-md-0 is-layout-flow wp-block-column-is-layout-flow\">\n<p class=\"px-3\">Un accord conclu avant l\u2019arriv\u00e9e des Europ\u00e9ens appel\u00e9 <mark style=\"background-color:rgba(0, 0, 0, 0)\" class=\"has-inline-color has-secondary-color\">\u00ab\u2009Le plat \u00e0 une cuill\u00e8re\u2009\u00bb<\/mark> avait \u00e9t\u00e9 mis en place pour mettre fin \u00e0 tout conflit entre les nations. Apr\u00e8s les premiers contacts et l\u2019\u00e9tablissement de la traite des fourrures, la comp\u00e9tition pour les ressources naturelles a mis \u00e0 mal cette entente. Les Anichinab\u00e9s ont continu\u00e9 \u00e0 occuper ces terres\u2009; la pr\u00e9sence des M\u00e9tis a commenc\u00e9 apr\u00e8s la Guerre de 1812.<\/p>\n<\/div>\n\n\n\n<div class=\"wp-block-column is-layout-flow wp-block-column-is-layout-flow\">\n<p class=\"px-3\">L\u2019 <mark style=\"background-color:rgba(0, 0, 0, 0)\" class=\"has-inline-color has-secondary-color\">exp\u00e9rience de Coldwater<\/mark> entre 1830 et 1836 a permis de commencer \u00e0 loger des Anichinab\u00e9s dans des r\u00e9serves. Les Haudenosaunee (Mohawks) de Wahta se sont install\u00e9s \u00e0 cet endroit en 1881. Aujourd\u2019hui, la r\u00e9gion Muskoka accueille une grande diversit\u00e9 de gens venus du monde entier. Venez profiter de ce voyage \u00e0 Misko-Aki.<\/p>\n<\/div>\n<\/div>\n<\/div><\/div>\n\n\n\n<div class=\"wp-block-cwb-content-wrap w-100 d-flex m-0 bg-cover text-center\" style=\"background:\"><div class=\"w-100\">\n<figure class=\"wp-block-image size-full d-inline-block\"><img loading=\"lazy\" decoding=\"async\" width=\"22\" height=\"50\" src=\"https:\/\/miskoaki.com\/wp-content\/uploads\/2023\/03\/intro-arrow-icon.png\" alt=\"Arrow icon directing users to continue scrolling\" class=\"wp-image-4932\"\/><\/figure>\n<\/div><\/div>\n<\/div><\/div>\n<\/div><\/div>\n\n\n\n<div class=\"wp-block-cwb-layout-block p-0 my-0\" style=\"background:#4e0808;margin:0px;padding:0px;width:100%\"><div class=\"\">\n\n\t\t<section class=\"wp-timeline js-wp-timeline px-3 bg-primary-d2\">\n\t\t<div class=\"container max-width-lg wp-timeline-container\">\n\t\t\t\t\t<div class=\"wp-timeline-block\">\n\t\t\t\t<div class=\"wp-timeline-img wp-timeline-img--picture\">\n\t\t\t\t\t<!-- <img decoding=\"async\" src=\"assets\/img\/cd-icon-picture.svg\" class=\"trace-blue\" alt=\"Picture\">-->\n\t\t\t\t\t<div class=\"wp-timeline-marker\"><\/div>\n\t\t\t\t<\/div> <!-- wp-timeline-img -->\n\t\t\t\t<div class=\"wp-timeline-content\" style=\"min-height: 1000px\">\n\t\t\t\t\t<div class=\"bg-ma-cream shadow-wrap p-3 pb-4 f-Bitter f-sz-18 f-lh-32 links-underlined\">\n\n\t\t\t\t\t\t<div class=\"d-flex justify-content-between align-items-center _mt-3\">\n\t\t\t\t\t\t\t<h3 class=\"wp-timeline-date h4 text-md-white\">10\u2009000 ans avant notre \u00e8re<\/h3>\n\t\t\t\t\t\t<\/div>\n\n\t\t\t\t\t\tDes peuples autochtones arrivent \u00e0 Misko-Aki.\r\n<a href=\"https:\/\/miskoaki.com\/fr\/exhibit-landing\/early-people\/\">Visitez La premi\u00e8re implantation : Les premiers peuples<\/a>.\n\t\t\t\t\t\t\t\t\t\t\t<\/div>\n\t\t\t\t<\/div> <!-- wp-timeline-content -->\n\t\t\t<\/div> <!-- wp-timeline-block -->\n\t\t\t\t\t\t<div class=\"wp-timeline-block\">\n\t\t\t\t<div class=\"wp-timeline-img wp-timeline-img--picture\">\n\t\t\t\t\t<!-- <img decoding=\"async\" src=\"assets\/img\/cd-icon-picture.svg\" class=\"trace-blue\" alt=\"Picture\">-->\n\t\t\t\t\t<div class=\"wp-timeline-marker\"><\/div>\n\t\t\t\t<\/div> <!-- wp-timeline-img -->\n\t\t\t\t<div class=\"wp-timeline-content\" style=\"min-height: 700px\">\n\t\t\t\t\t<div class=\"bg-ma-cream shadow-wrap p-3 pb-4 f-Bitter f-sz-18 f-lh-32 links-underlined\">\n\n\t\t\t\t\t\t<div class=\"d-flex justify-content-between align-items-center _mt-3\">\n\t\t\t\t\t\t\t<h3 class=\"wp-timeline-date h4 text-md-white\">3\u2009000 ans avant notre \u00e8re jusqu\u2019\u00e0 r\u00e9cemment<\/h3>\n\t\t\t\t\t\t<\/div>\n\n\t\t\t\t\t\t<p>Utilisation des fascines Mnjikaning sur les plans d\u2019eau des Narrows<br \/>\n<a href=\"https:\/\/miskoaki.com\/fr\/exhibit-landing\/early-people\/#Mnjikaning-The-Place-of-the-Fish-Fence\">Visitez La premi\u00e8re implantation : Les premiers peuples<\/a>.<\/p>\n\n\t\t\t\t\t\t\t\t\t\t\t<\/div>\n\t\t\t\t<\/div> <!-- wp-timeline-content -->\n\t\t\t<\/div> <!-- wp-timeline-block -->\n\t\t\t\t\t\t<div class=\"wp-timeline-block\">\n\t\t\t\t<div class=\"wp-timeline-img wp-timeline-img--picture\">\n\t\t\t\t\t<!-- <img decoding=\"async\" src=\"assets\/img\/cd-icon-picture.svg\" class=\"trace-blue\" alt=\"Picture\">-->\n\t\t\t\t\t<div class=\"wp-timeline-marker\"><\/div>\n\t\t\t\t<\/div> <!-- wp-timeline-img -->\n\t\t\t\t<div class=\"wp-timeline-content\" style=\"min-height: 390px\">\n\t\t\t\t\t<div class=\"bg-ma-cream shadow-wrap p-3 pb-4 f-Bitter f-sz-18 f-lh-32 links-underlined\">\n\n\t\t\t\t\t\t<div class=\"d-flex justify-content-between align-items-center _mt-3\">\n\t\t\t\t\t\t\t<h3 class=\"wp-timeline-date h4 text-md-white\">Vers 900 ans de notre \u00e8re<\/h3>\n\t\t\t\t\t\t<\/div>\n\n\t\t\t\t\t\t<p>Les Anichinab\u00e9s commencent leur migration en provenance de l\u2019Est \u00e0 Misko-Aki.<br \/>\n<a href=\"https:\/\/miskoaki.com\/fr\/exhibit-landing\/anishinaabek-communities\/\">Visitez La troisi\u00e8me implantation : Arriv\u00e9e des Anichinab\u00e9s.<\/a>.<\/p>\n\n\t\t\t\t\t\t\t\t\t\t\t<\/div>\n\t\t\t\t<\/div> <!-- wp-timeline-content -->\n\t\t\t<\/div> <!-- wp-timeline-block -->\n\t\t\t\t\t\t<div class=\"wp-timeline-block\">\n\t\t\t\t<div class=\"wp-timeline-img wp-timeline-img--picture\">\n\t\t\t\t\t<!-- <img decoding=\"async\" src=\"assets\/img\/cd-icon-picture.svg\" class=\"trace-blue\" alt=\"Picture\">-->\n\t\t\t\t\t<div class=\"wp-timeline-marker\"><\/div>\n\t\t\t\t<\/div> <!-- wp-timeline-img -->\n\t\t\t\t<div class=\"wp-timeline-content\" style=\"min-height: 70px\">\n\t\t\t\t\t<div class=\"bg-ma-cream shadow-wrap p-3 pb-4 f-Bitter f-sz-18 f-lh-32 links-underlined\">\n\n\t\t\t\t\t\t<div class=\"d-flex justify-content-between align-items-center _mt-3\">\n\t\t\t\t\t\t\t<h3 class=\"wp-timeline-date h4 text-md-white\">D\u00e9but des ann\u00e9es 1600<\/h3>\n\t\t\t\t\t\t<\/div>\n\n\t\t\t\t\t\t<p>Arriv\u00e9e des Europ\u00e9ens<\/p>\n\n\t\t\t\t\t\t\t\t\t\t\t<\/div>\n\t\t\t\t<\/div> <!-- wp-timeline-content -->\n\t\t\t<\/div> <!-- wp-timeline-block -->\n\t\t\t\t\t\t<div class=\"wp-timeline-block\">\n\t\t\t\t<div class=\"wp-timeline-img wp-timeline-img--picture\">\n\t\t\t\t\t<!-- <img decoding=\"async\" src=\"assets\/img\/cd-icon-picture.svg\" class=\"trace-blue\" alt=\"Picture\">-->\n\t\t\t\t\t<div class=\"wp-timeline-marker\"><\/div>\n\t\t\t\t<\/div> <!-- wp-timeline-img -->\n\t\t\t\t<div class=\"wp-timeline-content\" style=\"min-height: 5px\">\n\t\t\t\t\t<div class=\"bg-ma-cream shadow-wrap p-3 pb-4 f-Bitter f-sz-18 f-lh-32 links-underlined\">\n\n\t\t\t\t\t\t<div class=\"d-flex justify-content-between align-items-center _mt-3\">\n\t\t\t\t\t\t\t<h3 class=\"wp-timeline-date h4 text-md-white\">Vers 1650<\/h3>\n\t\t\t\t\t\t<\/div>\n\n\t\t\t\t\t\t<p>Les Hurons-Wendat sont chass\u00e9s de Misko-Aki par les Haudenosaunee et se r\u00e9fugient dans ce qui est aujourd\u2019hui le Qu\u00e9bec et les \u00c9tats-Unis.<br \/>\n<a href=\"https:\/\/miskoaki.com\/fr\/exhibit-landing\/huron-wendat\/\">Visitez La deuxi\u00e8me implantation : Les Hurons-Wendat<br \/>\n<\/a><\/p>\n\n\t\t\t\t\t\t\t\t\t\t\t<\/div>\n\t\t\t\t<\/div> <!-- wp-timeline-content -->\n\t\t\t<\/div> <!-- wp-timeline-block -->\n\t\t\t\t\t\t<div class=\"wp-timeline-block\">\n\t\t\t\t<div class=\"wp-timeline-img wp-timeline-img--picture\">\n\t\t\t\t\t<!-- <img decoding=\"async\" src=\"assets\/img\/cd-icon-picture.svg\" class=\"trace-blue\" alt=\"Picture\">-->\n\t\t\t\t\t<div class=\"wp-timeline-marker\"><\/div>\n\t\t\t\t<\/div> <!-- wp-timeline-img -->\n\t\t\t\t<div class=\"wp-timeline-content\" style=\"min-height: 16.2px\">\n\t\t\t\t\t<div class=\"bg-ma-cream shadow-wrap p-3 pb-4 f-Bitter f-sz-18 f-lh-32 links-underlined\">\n\n\t\t\t\t\t\t<div class=\"d-flex justify-content-between align-items-center _mt-3\">\n\t\t\t\t\t\t\t<h3 class=\"wp-timeline-date h4 text-md-white\">Apr\u00e8s 1812<\/h3>\n\t\t\t\t\t\t<\/div>\n\n\t\t\t\t\t\t<p>\u00c9mergence des Me\u0301tis<br \/>\n<a href=\"https:\/\/miskoaki.com\/fr\/exhibit-landing\/metis-connections\/\">Visitez La cinqui\u00e8me implantation : Les relations avec les Me\u0301tis<\/a><\/p>\n\n\t\t\t\t\t\t\t\t\t\t\t<\/div>\n\t\t\t\t<\/div> <!-- wp-timeline-content -->\n\t\t\t<\/div> <!-- wp-timeline-block -->\n\t\t\t\t\t\t<div class=\"wp-timeline-block\">\n\t\t\t\t<div class=\"wp-timeline-img wp-timeline-img--picture\">\n\t\t\t\t\t<!-- <img decoding=\"async\" src=\"assets\/img\/cd-icon-picture.svg\" class=\"trace-blue\" alt=\"Picture\">-->\n\t\t\t\t\t<div class=\"wp-timeline-marker\"><\/div>\n\t\t\t\t<\/div> <!-- wp-timeline-img -->\n\t\t\t\t<div class=\"wp-timeline-content\" style=\"min-height: 1.8px\">\n\t\t\t\t\t<div class=\"bg-ma-cream shadow-wrap p-3 pb-4 f-Bitter f-sz-18 f-lh-32 links-underlined\">\n\n\t\t\t\t\t\t<div class=\"d-flex justify-content-between align-items-center _mt-3\">\n\t\t\t\t\t\t\t<h3 class=\"wp-timeline-date h4 text-md-white\">1830\u20131836<\/h3>\n\t\t\t\t\t\t<\/div>\n\n\t\t\t\t\t\t<p>L\u2019exp\u00e9rience de Coldwater oblige les Anichinab\u00e9s de Misko-Aki \u00e0 s\u2019installer dans des r\u00e9serves.<br \/>\n<a href=\"https:\/\/miskoaki.com\/fr\/exhibit-landing\/anishinaabek-communities\/\">Visitez La quatri\u00e8me implantation : Les communaut\u00e9s des Anichinab\u00e9s<\/a><\/p>\n\n\t\t\t\t\t\t\t\t\t\t\t<\/div>\n\t\t\t\t<\/div> <!-- wp-timeline-content -->\n\t\t\t<\/div> <!-- wp-timeline-block -->\n\t\t\t\t\t\t<div class=\"wp-timeline-block\">\n\t\t\t\t<div class=\"wp-timeline-img wp-timeline-img--picture\">\n\t\t\t\t\t<!-- <img decoding=\"async\" src=\"assets\/img\/cd-icon-picture.svg\" class=\"trace-blue\" alt=\"Picture\">-->\n\t\t\t\t\t<div class=\"wp-timeline-marker\"><\/div>\n\t\t\t\t<\/div> <!-- wp-timeline-img -->\n\t\t\t\t<div class=\"wp-timeline-content\" style=\"min-height: 3.7px\">\n\t\t\t\t\t<div class=\"bg-ma-cream shadow-wrap p-3 pb-4 f-Bitter f-sz-18 f-lh-32 links-underlined\">\n\n\t\t\t\t\t\t<div class=\"d-flex justify-content-between align-items-center _mt-3\">\n\t\t\t\t\t\t\t<h3 class=\"wp-timeline-date h4 text-md-white\">1867<\/h3>\n\t\t\t\t\t\t<\/div>\n\n\t\t\t\t\t\t<p>La Conf\u00e9d\u00e9ration<\/p>\n\n\t\t\t\t\t\t\t\t\t\t\t<\/div>\n\t\t\t\t<\/div> <!-- wp-timeline-content -->\n\t\t\t<\/div> <!-- wp-timeline-block -->\n\t\t\t\t\t\t<div class=\"wp-timeline-block\">\n\t\t\t\t<div class=\"wp-timeline-img wp-timeline-img--picture\">\n\t\t\t\t\t<!-- <img decoding=\"async\" src=\"assets\/img\/cd-icon-picture.svg\" class=\"trace-blue\" alt=\"Picture\">-->\n\t\t\t\t\t<div class=\"wp-timeline-marker\"><\/div>\n\t\t\t\t<\/div> <!-- wp-timeline-img -->\n\t\t\t\t<div class=\"wp-timeline-content\" style=\"min-height: 1.3px\">\n\t\t\t\t\t<div class=\"bg-ma-cream shadow-wrap p-3 pb-4 f-Bitter f-sz-18 f-lh-32 links-underlined\">\n\n\t\t\t\t\t\t<div class=\"d-flex justify-content-between align-items-center _mt-3\">\n\t\t\t\t\t\t\t<h3 class=\"wp-timeline-date h4 text-md-white\">Les ann\u00e9es 1880<\/h3>\n\t\t\t\t\t\t<\/div>\n\n\t\t\t\t\t\t<p>Muskoka commence \u00e0 devenir une destination de vill\u00e9giature pris\u00e9e par les colons blancs.<\/p>\n\n\t\t\t\t\t\t\t\t\t\t\t<\/div>\n\t\t\t\t<\/div> <!-- wp-timeline-content -->\n\t\t\t<\/div> <!-- wp-timeline-block -->\n\t\t\t\t\t\t<div class=\"wp-timeline-block\">\n\t\t\t\t<div class=\"wp-timeline-img wp-timeline-img--picture\">\n\t\t\t\t\t<!-- <img decoding=\"async\" src=\"assets\/img\/cd-icon-picture.svg\" class=\"trace-blue\" alt=\"Picture\">-->\n\t\t\t\t\t<div class=\"wp-timeline-marker\"><\/div>\n\t\t\t\t<\/div> <!-- wp-timeline-img -->\n\t\t\t\t<div class=\"wp-timeline-content\" style=\"min-height: 0.1px\">\n\t\t\t\t\t<div class=\"bg-ma-cream shadow-wrap p-3 pb-4 f-Bitter f-sz-18 f-lh-32 links-underlined\">\n\n\t\t\t\t\t\t<div class=\"d-flex justify-content-between align-items-center _mt-3\">\n\t\t\t\t\t\t\t<h3 class=\"wp-timeline-date h4 text-md-white\">1881<\/h3>\n\t\t\t\t\t\t<\/div>\n\n\t\t\t\t\t\t<p>Une des Six Nations des Haudenosaunee, les Mohawks, retourne vivre \u00e0 Misko-Aki.<br \/>\n<a href=\"https:\/\/miskoaki.com\/fr\/exhibit-landing\/arrival-of-the-wahta-mohawks\/\">Visitez La sixi\u00e8me implantation : Arriv\u00e9e des Mohawks de Wahta<\/a><\/p>\n\n\t\t\t\t\t\t\t\t\t\t\t<\/div>\n\t\t\t\t<\/div> <!-- wp-timeline-content -->\n\t\t\t<\/div> <!-- wp-timeline-block -->\n\t\t\t\t\t\t<div class=\"wp-timeline-block\">\n\t\t\t\t<div class=\"wp-timeline-img wp-timeline-img--picture\">\n\t\t\t\t\t<!-- <img decoding=\"async\" src=\"assets\/img\/cd-icon-picture.svg\" class=\"trace-blue\" alt=\"Picture\">-->\n\t\t\t\t\t<div class=\"wp-timeline-marker\"><\/div>\n\t\t\t\t<\/div> <!-- wp-timeline-img -->\n\t\t\t\t<div class=\"wp-timeline-content\" style=\"min-height: 4.2px\">\n\t\t\t\t\t<div class=\"bg-ma-cream shadow-wrap p-3 pb-4 f-Bitter f-sz-18 f-lh-32 links-underlined\">\n\n\t\t\t\t\t\t<div class=\"d-flex justify-content-between align-items-center _mt-3\">\n\t\t\t\t\t\t\t<h3 class=\"wp-timeline-date h4 text-md-white\">1923\u20132018<\/h3>\n\t\t\t\t\t\t<\/div>\n\n\t\t\t\t\t\t<p>Les trait\u00e9s Williams de 1923 privent les Anichinab\u00e9s de leurs terres et de leurs droits, un enjeu qui n\u2019a \u00e9t\u00e9 officiellement reconnu qu\u2019en 2018.<br \/>\n<a href=\"https:\/\/miskoaki.com\/fr\/exhibit-landing\/the-williams-treaties\/\">Visitez La septi\u00e8me implantation : Les trait\u00e9s Williams<\/a><\/p>\n\n\t\t\t\t\t\t\t\t\t\t\t<\/div>\n\t\t\t\t<\/div> <!-- wp-timeline-content -->\n\t\t\t<\/div> <!-- wp-timeline-block -->\n\t\t\t\t\t\t<div class=\"wp-timeline-block\">\n\t\t\t\t<div class=\"wp-timeline-img wp-timeline-img--picture\">\n\t\t\t\t\t<!-- <img decoding=\"async\" src=\"assets\/img\/cd-icon-picture.svg\" class=\"trace-blue\" alt=\"Picture\">-->\n\t\t\t\t\t<div class=\"wp-timeline-marker\"><\/div>\n\t\t\t\t<\/div> <!-- wp-timeline-img -->\n\t\t\t\t<div class=\"wp-timeline-content\" style=\"min-height: 8.5px\">\n\t\t\t\t\t<div class=\"bg-ma-cream shadow-wrap p-3 pb-4 f-Bitter f-sz-18 f-lh-32 links-underlined\">\n\n\t\t\t\t\t\t<div class=\"d-flex justify-content-between align-items-center _mt-3\">\n\t\t\t\t\t\t\t<h3 class=\"wp-timeline-date h4 text-md-white\">2008\u20132015<\/h3>\n\t\t\t\t\t\t<\/div>\n\n\t\t\t\t\t\t<p>Commission de v\u00e9rit\u00e9 et r\u00e9conciliation du Canada<\/p>\n\n\t\t\t\t\t\t\t\t\t\t\t<\/div>\n\t\t\t\t<\/div> <!-- wp-timeline-content -->\n\t\t\t<\/div> <!-- wp-timeline-block -->\n\t\t\t\t\t\t<\/div>\n\t\t\t<\/section> <!-- wp-timeline -->\n\n<\/div><\/div>\n\n\n\n<div class=\"wp-block-cwb-layout-block p-0 my-0\" style=\"background:#162325;margin:0px;padding:0px;width:100%\"><div class=\"\">\n<div class=\"wp-block-cwb-layout-block p-0 my-0 text-white pt-5 px-3 bg-ma-geo-vector bg-ma-green f-Bitter\" style=\"background:#162325;margin:0px;padding:0px;width:100%\"><div class=\"container\">\n<div class=\"wp-block-cwb-content-wrap w-100 d-flex m-0 bg-cover align-items-center vh-25-min\" style=\"background:\"><div class=\"w-100\">\n<h2 class=\"wp-block-heading has-text-align-center mb-0 h1 f-Bitter\">Les visages \u00e0 venir : <mark style=\"background-color:rgba(0, 0, 0, 0)\" class=\"has-inline-color has-secondary-color\">Les Sept g\u00e9n\u00e9rations<\/mark><\/h2>\n\n\n\n<div class=\"wp-block-columns max-w-900 mx-auto py-5 mb-0 f-sz-18 f-ln-32 is-layout-flex wp-container-core-columns-is-layout-9d6595d7 wp-block-columns-is-layout-flex\">\n<div class=\"wp-block-column  mb-3 mb-md-0 is-layout-flow wp-block-column-is-layout-flow\">\n<p class=\"px-3\">Dans la tradition Haudenosaunee, <em>Tahatikonhsont\u00f3ntie<\/em> fait r\u00e9f\u00e9rence aux nouveaux visages \u00e0 venir, ce qui signifie que la Terre abrite les g\u00e9n\u00e9rations \u00e0 venir. Par cons\u00e9quent, nous devons toujours tenir compte des r\u00e9percussions de nos d\u00e9cisions sur notre avenir.<\/p>\n<\/div>\n\n\n\n<div class=\"wp-block-column  mb-3 mb-md-0 is-layout-flow wp-block-column-is-layout-flow\">\n<p class=\"px-3\">Le concept philosophique autochtone des Sept g\u00e9n\u00e9rations veut que ce que nous faisons aujourd\u2019hui soit ressenti par nos proches dans le futur. En tant qu\u2019\u00eatres humains, nous avons la responsabilit\u00e9 d\u2019\u00e9tablir des relations saines avec la terre, les animaux et les autres humains afin que nos descendants puissent jouir de la paix et d\u2019une bonne sant\u00e9.<\/p>\n<\/div>\n<\/div>\n<\/div><\/div>\n<\/div><\/div>\n<\/div><\/div>\n\n\n\n<div class=\"wp-block-cwb-layout-block p-0 my-0\" style=\"background:#4e0808;margin:0px;padding:0px;width:100%\"><div class=\"\">\n<div class=\"wp-block-cwb-layout-block p-0 my-0 text-white bg-cover py-4 bg-right bg-md-x-centered\" style=\"background:url(https:\/\/miskoaki.com\/wp-content\/uploads\/2023\/06\/MiskoAki-bg-red-flower.jpg);margin:0px;padding:0px;width:100%\"><div class=\"container\">\n<div class=\"wp-block-cwb-content-wrap w-100 d-flex m-0 bg-cover align-items-center px-3\" style=\"background:\"><div class=\"w-100 py-5\">\n<div class=\"wp-block-columns my-0 row text-center text-md-left TEST is-layout-flex wp-container-core-columns-is-layout-9d6595d7 wp-block-columns-is-layout-flex\">\n<div class=\"wp-block-column align-items-center d-md-flex col col-12 col-md-5 col-lg-phi-sml px-0 pl-lg-0 pb-3 pb-lg-0 is-layout-flow wp-block-column-is-layout-flow\">\n<figure class=\"wp-block-image size-large mb-3 mb-md-0 pr-md-0 max-w-450 d-inline-block ml-md-0\"><img loading=\"lazy\" decoding=\"async\" width=\"1024\" height=\"594\" src=\"https:\/\/miskoaki.com\/wp-content\/uploads\/2023\/06\/Rob-Macdonald-Archeologocal-Service-Inc-1024x594.jpg\" alt=\"Rob Macdonald Archeologocal Service Inc\" class=\"wp-image-5205\" srcset=\"https:\/\/miskoaki.com\/wp-content\/uploads\/2023\/06\/Rob-Macdonald-Archeologocal-Service-Inc-1024x594.jpg 1024w, https:\/\/miskoaki.com\/wp-content\/uploads\/2023\/06\/Rob-Macdonald-Archeologocal-Service-Inc-300x174.jpg 300w, https:\/\/miskoaki.com\/wp-content\/uploads\/2023\/06\/Rob-Macdonald-Archeologocal-Service-Inc-760x441.jpg 760w, https:\/\/miskoaki.com\/wp-content\/uploads\/2023\/06\/Rob-Macdonald-Archeologocal-Service-Inc.jpg 2020w\" sizes=\"auto, (max-width: 1024px) 100vw, 1024px\" \/><\/figure>\n<\/div>\n\n\n\n<div class=\"wp-block-column pl-md-5 col col-12 col-md-7 col-lg-phi-lrg is-layout-flow wp-block-column-is-layout-flow\">\n<h2 class=\"wp-block-heading h4 dot-underline pb-2 pr-3 d-inline-block\">\u00c9COUTEZ NOS R\u00c9CITS<\/h2>\n\n\n\n<p>L\u2019arch\u00e9ologue Rob Macdonald nous offre une certaine perspective de la pr\u00e9sence sur quelque 13\u2009000 ans des peuples autochtones \u00e0 Misko-Aki. (Dur\u00e9e : 1 m)<\/p>\n\n\n\n<div type=\"button\" role=\"button\" tabindex=\"0\" data-toggle=\"modal\" data-modal-size=\"fs\" data-modal-heading=\"Listen To Our Stories\" aria-haspopup=\"true\" aria-expanded=\"false\" data-target=\"#iframe-modal\" aria-controls=\"#iframe-modal\" data-src=\"https:\/\/www.youtube.com\/embed\/ipMjJthaT50?rel=0\" class=\"clickable text-center wp-block-cwb-button cursor-pointer mb-0 mt-4 external-link border-solid border-white btn btn-tertiary btn-lg btn-hover-scale btn text-center btn-  iframe-trigger d-inline-block\">VISIONNEZ LA VID\u00c9O<\/div>\n<\/div>\n<\/div>\n<\/div><\/div>\n<\/div><\/div>\n<\/div><\/div>","protected":false},"excerpt":{"rendered":"<p>Les artefacts trouv\u00e9s \u00e0 Misko-Aki font remonter la pr\u00e9sence humaine \u00e0 il y a plus de 13\u2009000 ans.<\/p>","protected":false},"author":1,"featured_media":5913,"parent":4748,"menu_order":0,"comment_status":"closed","ping_status":"closed","template":"p-gutenberg-page.php","meta":{"_acf_changed":false,"footnotes":""},"class_list":["post-4894","page","type-page","status-publish","has-post-thumbnail","hentry"],"acf":[],"_links":{"self":[{"href":"https:\/\/miskoaki.com\/fr\/wp-json\/wp\/v2\/pages\/4894","targetHints":{"allow":["GET"]}}],"collection":[{"href":"https:\/\/miskoaki.com\/fr\/wp-json\/wp\/v2\/pages"}],"about":[{"href":"https:\/\/miskoaki.com\/fr\/wp-json\/wp\/v2\/types\/page"}],"author":[{"embeddable":true,"href":"https:\/\/miskoaki.com\/fr\/wp-json\/wp\/v2\/users\/1"}],"replies":[{"embeddable":true,"href":"https:\/\/miskoaki.com\/fr\/wp-json\/wp\/v2\/comments?post=4894"}],"version-history":[{"count":5,"href":"https:\/\/miskoaki.com\/fr\/wp-json\/wp\/v2\/pages\/4894\/revisions"}],"predecessor-version":[{"id":6245,"href":"https:\/\/miskoaki.com\/fr\/wp-json\/wp\/v2\/pages\/4894\/revisions\/6245"}],"up":[{"embeddable":true,"href":"https:\/\/miskoaki.com\/fr\/wp-json\/wp\/v2\/pages\/4748"}],"wp:featuredmedia":[{"embeddable":true,"href":"https:\/\/miskoaki.com\/fr\/wp-json\/wp\/v2\/media\/5913"}],"wp:attachment":[{"href":"https:\/\/miskoaki.com\/fr\/wp-json\/wp\/v2\/media?parent=4894"}],"curies":[{"name":"wp","href":"https:\/\/api.w.org\/{rel}","templated":true}]}}