{"id":4743,"date":"2023-03-23T19:49:28","date_gmt":"2023-03-23T19:49:28","guid":{"rendered":"https:\/\/misko-aki.clickwurx.com\/?page_id=4743"},"modified":"2023-11-18T22:11:59","modified_gmt":"2023-11-18T22:11:59","slug":"for-educators","status":"publish","type":"page","link":"https:\/\/miskoaki.com\/fr\/for-educators\/","title":{"rendered":"Pour le personnel enseignant"},"content":{"rendered":"<div class=\"wp-block-cwb-layout-block p-0 my-0 text-white bg-cover pt-4 border-bottom b-white-25 sticky-buffer-here\" style=\"background:url(https:\/\/miskoaki.com\/wp-content\/uploads\/2023\/09\/Misko-Aki-exhibit-photo-2.jpg);margin:0px;padding:0px;width:100%\" role=\"img\" aria-label=\"Misko-Aki-exhibit-photo-2\"><div class=\"container\">\n<div class=\"wp-block-cwb-content-wrap w-100 d-flex m-0 bg-cover vh-md-50-min vh-33-min py-4\" style=\"background:\"><div class=\"w-100\"><\/div><\/div>\n<\/div><\/div>\n\n\n\n<div class=\"wp-block-cwb-layout-block p-0 my-0 py-5\" style=\"background:;margin:0px;padding:0px;width:100%\"><div class=\"container\">\n<h1 class=\"wp-block-heading\">Pour le personnel enseignant<\/h1>\n\n\n\n<p class=\"scale-mark\"><em><mark style=\"background-color:rgba(0, 0, 0, 0);color:#000000\" class=\"has-inline-color\"><em>Misko-Aki : Confluence des cultures<\/em><\/mark><\/em> est une exposition mat\u00e9rielle permanente install\u00e9e au Muskoka Discovery Centre. Elle propose une exp\u00e9rience \u00e0 la fois historique et contemporaine du v\u00e9cu des peuples autochtones, de m\u00eame qu\u2019un aper\u00e7u des cultures de ces peuples ayant habit\u00e9 ou visit\u00e9 la r\u00e9gion depuis des mill\u00e9naires. Les quatre grandes entit\u00e9s culturelles repr\u00e9sent\u00e9es sont les Hurons-Wendat, les Anichinab\u00e9s, les M\u00e9tis et les Mohawks. Il s\u2019agit aussi d\u2019une exposition virtuelle permettant de partager des connaissances et diverses facettes de l'exp\u00e9rience v\u00e9cue par les personnes visitant le Centre avec d\u2019autres, tant au Canada qu\u2019ailleurs dans le monde.<\/p>\n\n\n\n<h2 class=\"wp-block-heading h3\">Renseigner est l\u2019objectif premier de cette exposition num\u00e9rique.<\/h2>\n\n\n\n<p>L\u2019histoire des Autochtones et des \u00e9l\u00e9ments de la culture autochtone int\u00e9gr\u00e9s dans d\u2019autres disciplines \u00e9taient jusqu\u2019\u00e0 r\u00e9cemment presque absents des manuels scolaires et des didacticiels. De plus, lorsqu\u2019un certain niveau d\u2019information \u00e9tait pr\u00e9sent, il y manquait souvent des perspectives favorisant des habilet\u00e9s de r\u00e9flexion critique essentielles afin de parvenir \u00e0 une \u00e9valuation \u00e9quilibr\u00e9e et rigoureuse des \u00e9v\u00e9nements pass\u00e9s et de leurs cons\u00e9quences. Les manuels scolaires font peu \u00e9tat d\u2019\u00e9v\u00e9nements du pass\u00e9 et actuels importants comprenant l\u2019implication, le savoir et les points de vue des peuples autochtones et n\u2019incorporent pas ou peu ces faits dans les narrations plus larges de l\u2019histoire du pays. Ce manque d\u2019acc\u00e8s \u00e0 un contenu pr\u00e9cis et exhaustif et \u00e0 un bagage de connaissances pertinent sur l\u2019exp\u00e9rience autochtone a men\u00e9 \u00e0 une incompr\u00e9hension et m\u00eame \u00e0 du d\u00e9nigrement des peuples autochtones qui persistent depuis des g\u00e9n\u00e9rations. (Smithsonian Institution)<\/p>\n\n\n\n<p>En tant que centre d\u2019\u00e9ducation, une institution comme le Muskoka Discovery Centre a l\u2019obligation de rem\u00e9dier \u00e0 ces d\u00e9s\u00e9quilibres syst\u00e9miques.<\/p>\n\n\n\n<p><strong>Un des principaux objectifs de ce projet est donc d\u2019am\u00e9liorer les possibilit\u00e9s d\u2019apprentissage des \u00e9l\u00e8ves autochtones et en fait, de tous les \u00e9l\u00e8ves au Canada. Voici pourquoi :<\/strong><\/p>\n\n\n\n<ul class=\"wp-block-list\">\n<li>En premier lieu, les enfants autochtones ont re\u00e7u un enseignement avec du mat\u00e9riel p\u00e9dagogique qui ne leur a donn\u00e9 que peu ou pas de compr\u00e9hension des r\u00e9alisations qui ont chang\u00e9 le monde de leurs propres anc\u00eatres. Ce mat\u00e9riel scolaire ne contenait que tr\u00e8s peu d\u2019\u00e9l\u00e9ments appel\u00e9s \u00e0 rendre des enfants autochtones fiers de leur patrimoine en laissant au personnel enseignant la responsabilit\u00e9 de combler les lacunes des programmes dans la mesure du possible, mais avec peu de temps et encore moins de ressources. Pourtant, les personnes habitant la r\u00e9gion de Muskoka sont les h\u00e9riti\u00e8res d\u2019une vaste et fascinante histoire impliquant les peuples autochtones.<\/li>\n\n\n\n<li>Deuxi\u00e8mement, les citoyens canadiens \u2014 des simples \u00e9lecteurs aux dirigeants politiques de haut niveau \u2014 ont un impact sur la qualit\u00e9 de vie des peuples autochtones en raison du r\u00f4le pr\u00e9pond\u00e9rant que jouent les gouvernements f\u00e9d\u00e9ral et provinciaux dans les communaut\u00e9s autochtones. Sans un contexte et une compr\u00e9hension appropri\u00e9s de l\u2019histoire et de la culture autochtones, la plupart des citoyens au Canada ne sont pas en mesure d\u2019\u00e9valuer \u00e9quitablement les enjeux actuels impliquant les droits et l\u2019autorit\u00e9 de la gouvernance des Autochtones. Ils et elles et peuvent donc prendre des d\u00e9cisions d\u2019ordre communautaire ou politique mal avis\u00e9es qui ont des r\u00e9percussions sur les Premi\u00e8res Nations, les Inuits et les M\u00e9tis. Ces lacunes r\u00e9sultent d\u2019un manque d\u2019\u00e9ducation ad\u00e9quate d\u00e8s l\u2019\u00e9cole primaire. Un examen plus approfondi de nos diff\u00e9rentes histoires nationales, tel qu\u2019entend le faire cette plate-forme Web, offre non seulement une d\u00e9marche plus convaincante pour toute personne d\u00e9sireuse d\u2019apprendre, mais favorise aussi que les citoyens soient plus attentifs, plus analytiques et mieux inform\u00e9s sur des sujets essentiels afin de faire avancer la cause de la V\u00e9rit\u00e9 et de la R\u00e9conciliation.<\/li>\n<\/ul>\n<\/div><\/div>\n\n\n\n<div class=\"wp-block-cwb-layout-block p-0 my-0 text-white bg-cover pt-4 border-bottom b-white-25 sticky-buffer-here\" style=\"background:url(https:\/\/miskoaki.com\/wp-content\/uploads\/2023\/09\/Misko-Aki-exhibit-photo-3.jpg);margin:0px;padding:0px;width:100%\" role=\"img\" aria-label=\"Misko-Aki-exhibit-photo-3\"><div class=\"container\">\n<div class=\"wp-block-cwb-content-wrap w-100 d-flex m-0 bg-cover vh-md-50-min vh-33-min py-4\" style=\"background:\"><div class=\"w-100\"><\/div><\/div>\n<\/div><\/div>\n\n\n\n<div class=\"wp-block-cwb-layout-block p-0 my-0 py-5\" style=\"background:;margin:0px;padding:0px;width:100%\"><div class=\"container\">\n<p>Comme la r\u00e9gion de Muskoka est importante au pays et connue de la plupart des Canadiens et d\u2019un grand nombre de personnes dans le monde entier, la plate-forme Web permet de diffuser largement, \u00e0 l\u2019\u00e9chelle nationale et m\u00eame internationale, des informations sur l\u2019exposition, ainsi que du contenu plus \u00e9labor\u00e9 et nouveau requis par la plate-forme Web et cr\u00e9\u00e9 pr\u00e9cis\u00e9ment pour celle-ci. Cette ressource ajoutera des connaissances et des \u00e9l\u00e9ments culturels \u00e0 la brillante mosa\u00efque qu\u2019est la r\u00e9gion de Muskoka et de fait, au Canada en entier. <\/p>\n\n\n\n<p>Afin d\u2019assurer un avenir inclusif, productif et \u00e9quitable \u00e0 tous les Canadiens, il faut faire progresser les sciences humaines, ce qui passe par le rehaussement de nos connaissances collectives gr\u00e2ce au partage de nos histoires, tout en favorisant l\u2019empathie et la compr\u00e9hension. C\u2019est pourquoi ce site Web s\u2019appuie sur des outils et des plates-formes technologiques nous permettant d\u2019\u00e9tendre l\u2019exp\u00e9rience de la visite en personne de l\u2019exposition \u00e0 des publics de la r\u00e9gion et d\u2019ailleurs dans le monde.<\/p>\n\n\n\n<h2 class=\"wp-block-heading h3\">Une vue de MiskoAki \u00e0 360\u00b0<\/h2>\n\n\n\n<p>La structure et l\u2019approche du site Web sont bas\u00e9es sur un processus d\u00e9velopp\u00e9 par des \u00e9ducateurs autochtones qui ont identifi\u00e9 des connaissances essentielles, des concepts cl\u00e9s et des savoirs fournissant une vue \u00e0 360\u00b0 de l\u2019histoire des Autochtones et de l\u2019actualit\u00e9. Ce travail est con\u00e7u pour s\u2019aligner sur le programme p\u00e9dagogique de l\u2019Ontario et donner ainsi aux enseignantes et aux enseignants des outils pratiques pour l\u2019apprentissage et l\u2019engagement de leurs \u00e9l\u00e8ves sur la base d\u2019une plate-forme p\u00e9dagogique bas\u00e9e sur le lieu. Site cr\u00e9\u00e9 sous la direction de Tim Johnson, ancien directeur associ\u00e9 des programmes mus\u00e9aux au National Museum of the American Indian de la Smithsonian Institution avec une \u00e9quipe de sommit\u00e9s de l'\u00e9ducation, MiskoAki360\u00b0 est une ressource \u00e9ducative qui permettra \u00e0 la r\u00e9gion de Muskoka de devenir un chef de file efficace pour la promotion de l\u2019\u00e9ducation autochtone dans la province et \u00e0 l\u2019\u00e9chelle du pays.<\/p>\n<\/div><\/div>\n\n\n\n<div class=\"wp-block-cwb-layout-block p-0 my-0 text-white px-3\" style=\"background:#4e0808;margin:0px;padding:0px;width:100%\"><div class=\"container\">\n<div class=\"wp-block-cwb-content-wrap w-100 d-flex m-0 bg-cover align-items-center vh-50-min\" style=\"background:\"><div class=\"w-100 py-5\">\n<div class=\"wp-block-columns my-0 row text-center text-md-left is-layout-flex wp-container-core-columns-is-layout-9d6595d7 wp-block-columns-is-layout-flex\">\n<div class=\"wp-block-column align-items-center d-md-flex col col-12 col-md-5 col-lg-4 pl-lg-0 pb-3 pb-lg-0 is-layout-flow wp-block-column-is-layout-flow\">\n<figure class=\"wp-block-image size-large mb-0 pr-sm-3 pr-md-0 max-w-400 d-inline-block\"><img loading=\"lazy\" decoding=\"async\" width=\"1024\" height=\"616\" src=\"https:\/\/miskoaki.com\/wp-content\/uploads\/2023\/03\/exhibit-photo-bark-canoe-1024x616.jpg\" alt=\"exhibit photo bark canoe\" class=\"wp-image-5897\" srcset=\"https:\/\/miskoaki.com\/wp-content\/uploads\/2023\/03\/exhibit-photo-bark-canoe-1024x616.jpg 1024w, https:\/\/miskoaki.com\/wp-content\/uploads\/2023\/03\/exhibit-photo-bark-canoe-300x180.jpg 300w, https:\/\/miskoaki.com\/wp-content\/uploads\/2023\/03\/exhibit-photo-bark-canoe-760x457.jpg 760w, https:\/\/miskoaki.com\/wp-content\/uploads\/2023\/03\/exhibit-photo-bark-canoe-18x12.jpg 18w, https:\/\/miskoaki.com\/wp-content\/uploads\/2023\/03\/exhibit-photo-bark-canoe.jpg 2020w\" sizes=\"auto, (max-width: 1024px) 100vw, 1024px\" \/><\/figure>\n<\/div>\n\n\n\n<div class=\"wp-block-column pl-md-5 col col-12 col-md-7 col-lg-8 is-layout-flow wp-block-column-is-layout-flow\">\n<h2 class=\"wp-block-heading h1 mt-0 max-w-16em mx-auto ml-md-0\">Pr\u00eats \u00e0 vivre l\u2019exp\u00e9rience de <mark style=\"background-color:rgba(0, 0, 0, 0)\" class=\"has-inline-color has-secondary-color\">Misko-Aki<\/mark> en personne?<\/h2>\n\n\n\n<p class=\"f-sz-21 f-lh-36\">Visitez le Muskoka Discovery Centre pour visiter l\u2019exposition Misko-Aki, de m\u00eame que pour conna\u00eetre nos nombreuses autres expositions, programmes et activit\u00e9s immersives.<\/p>\n\n\n\n<a type=\"button\" role=\"button\" href=\"https:\/\/realmuskoka.com\/discovery-centre\/admission-hours\/\" target=\"_blank\" rel=\"noopener\" class=\"clickable text-center wp-block-cwb-button cursor-pointer mb-0 mt-4 external-link btn btn-secondary btn-lg btn-hover-scale btn text-center btn-\">Acheter des billets<\/a>\n<\/div>\n<\/div>\n<\/div><\/div>\n<\/div><\/div>","protected":false},"excerpt":{"rendered":"","protected":false},"author":1,"featured_media":0,"parent":0,"menu_order":0,"comment_status":"closed","ping_status":"closed","template":"p-gutenberg-page.php","meta":{"_acf_changed":false,"footnotes":""},"class_list":["post-4743","page","type-page","status-publish","hentry"],"acf":[],"_links":{"self":[{"href":"https:\/\/miskoaki.com\/fr\/wp-json\/wp\/v2\/pages\/4743","targetHints":{"allow":["GET"]}}],"collection":[{"href":"https:\/\/miskoaki.com\/fr\/wp-json\/wp\/v2\/pages"}],"about":[{"href":"https:\/\/miskoaki.com\/fr\/wp-json\/wp\/v2\/types\/page"}],"author":[{"embeddable":true,"href":"https:\/\/miskoaki.com\/fr\/wp-json\/wp\/v2\/users\/1"}],"replies":[{"embeddable":true,"href":"https:\/\/miskoaki.com\/fr\/wp-json\/wp\/v2\/comments?post=4743"}],"version-history":[{"count":5,"href":"https:\/\/miskoaki.com\/fr\/wp-json\/wp\/v2\/pages\/4743\/revisions"}],"predecessor-version":[{"id":6194,"href":"https:\/\/miskoaki.com\/fr\/wp-json\/wp\/v2\/pages\/4743\/revisions\/6194"}],"wp:attachment":[{"href":"https:\/\/miskoaki.com\/fr\/wp-json\/wp\/v2\/media?parent=4743"}],"curies":[{"name":"wp","href":"https:\/\/api.w.org\/{rel}","templated":true}]}}